{"id":924,"date":"2014-05-21T12:06:22","date_gmt":"2014-05-21T09:06:22","guid":{"rendered":"http:\/\/raynoserver.com\/bilmer\/?page_id=924"},"modified":"2020-10-03T15:37:53","modified_gmt":"2020-10-03T12:37:53","slug":"karakoy-tarihi-han-restorasyonu","status":"publish","type":"page","link":"https:\/\/www.bilmerinsaat.com\/tr\/projeler\/karakoy-tarihi-han-restorasyonu\/","title":{"rendered":"Karak\u00f6y Tarihi Han Restorasyonu"},"content":{"rendered":"<p><a class=\"preload\" style=\"line-height: 1.5em;\" title=\"\" rel=\"prettyphoto\"><img decoding=\"async\" class=\"alignnone size-full wp-image-243\" alt=\"projedetaylari\" src=\"http:\/\/bilmerinsaat.com\/wp-content\/uploads\/2014\/04\/projedetaylari.png\" width=\"624\" srcset=\"https:\/\/www.bilmerinsaat.com\/wp-content\/uploads\/2014\/04\/projedetaylari.png 624w, https:\/\/www.bilmerinsaat.com\/wp-content\/uploads\/2014\/04\/projedetaylari-300x12.png 300w, https:\/\/www.bilmerinsaat.com\/wp-content\/uploads\/2014\/04\/projedetaylari-150x6.png 150w, https:\/\/www.bilmerinsaat.com\/wp-content\/uploads\/2014\/04\/projedetaylari-310x12.png 310w\" sizes=\"(max-width: 624px) 100vw, 624px\" \/><\/a><\/p>\n<table style=\"font-size: 11px; font-family: tahoma;\" cellspacing=\"0\" cellpadding=\"2\" width=\"624\" >\n<tbody>\n<tr>\n<td width=\"110\"><strong>Proje Ad\u0131 :<\/strong><\/td>\n<td width=\"505\">Karak\u00f6y Tarihi Han Restorasyonu<\/td>\n<\/tr>\n<tr bgcolor=\"e8e8e8\">\n<td><strong>\u0130\u015fveren :<\/strong><\/td>\n<td>Mototal Motorsiklet ve Motorlu Ara\u00e7lar San.Tic.Ltd.\u015eti.<\/td>\n<\/tr>\n<tr>\n<td><strong>\u0130\u015f Tan\u0131m\u0131 :<\/strong><\/td>\n<td>Karak\u00f6y tarihi han\u0131 t\u00fcm restorasyon i\u015fleri<\/td>\n<\/tr>\n<tr bgcolor=\"e8e8e8\">\n<td><strong>Yeri :<\/strong><\/td>\n<td>Karak\u00f6y\/\u0130STANBUL<\/td>\n<\/tr>\n<tr>\n<td><strong>S\u00f6zle\u015fme Tarihi :<\/strong><\/td>\n<td>2005-03-11<\/td>\n<\/tr>\n<tr bgcolor=\"e8e8e8\">\n<td><strong>Ge\u00e7ici Kabul :<\/strong><\/td>\n<td>18.08.2005<\/td>\n<\/tr>\n<tr>\n<td><strong>Proje Durumu :<\/strong><\/td>\n<td>Tamamland\u0131<\/td>\n<\/tr>\n<\/tbody>\n<\/table>\n<p>&nbsp;<\/p>\n<table style=\"font-size: 11px; font-family: tahoma;\" cellspacing=\"0\" cellpadding=\"2\">\n<tbody>\n<tr>\n<td width=\"110\"><strong>Detaylar :<\/strong><\/td>\n<td width=\"505\"><\/td>\n<\/tr>\n<tr bgcolor=\"e8e8e8\">\n<td><\/td>\n<td><b>\u00a0<\/b><\/td>\n<\/tr>\n<\/tbody>\n<\/table>\n<p>&nbsp;<\/p>\n<p><a class=\"preload\" style=\"line-height: 1.5em;\" title=\"\" rel=\"prettyphoto\"><img decoding=\"async\" class=\"alignnone size-full wp-image-240\" alt=\"projeresimleri\" src=\"http:\/\/bilmerinsaat.com\/wp-content\/uploads\/2014\/04\/resimdetaylari.png\" width=\"624\"  \/><\/a><\/p>\n","protected":false},"excerpt":{"rendered":"<p>Proje Ad\u0131 : Karak\u00f6y Tarihi Han Restorasyonu \u0130\u015fveren : Mototal Motorsiklet ve Motorlu Ara\u00e7lar San.Tic.Ltd.\u015eti. \u0130\u015f Tan\u0131m\u0131 : Karak\u00f6y tarihi han\u0131 &#8230;<\/p>\n","protected":false},"author":1,"featured_media":0,"parent":159,"menu_order":0,"comment_status":"open","ping_status":"closed","template":"","meta":{"ngg_post_thumbnail":0,"footnotes":""},"class_list":["post-924","page","type-page","status-publish","hentry"],"yoast_head":"<!-- This site is optimized with the Yoast SEO plugin v15.5 - https:\/\/yoast.com\/wordpress\/plugins\/seo\/ -->\n<title>Karak\u00f6y Tarihi Han Restorasyonu - Bilmer \u0130n\u015faat<\/title>\n<meta name=\"robots\" content=\"index, follow, max-snippet:-1, max-image-preview:large, max-video-preview:-1\" \/>\n<link rel=\"canonical\" href=\"https:\/\/www.bilmerinsaat.com\/en\/projeler\/karakoy-tarihi-han-restorasyonu\/\" \/>\n<meta property=\"og:locale\" content=\"tr_TR\" \/>\n<meta property=\"og:type\" content=\"article\" \/>\n<meta property=\"og:title\" content=\"Karak\u00f6y Tarihi Han Restorasyonu\" \/>\n<meta property=\"og:description\" content=\"Proje Ad\u0131 : Karak\u00f6y Tarihi Han Restorasyonu \u0130\u015fveren : Mototal Motorsiklet ve Motorlu Ara\u00e7lar San.Tic.Ltd.\u015eti. \u0130\u015f Tan\u0131m\u0131 : Karak\u00f6y tarihi han\u0131 ...\" \/>\n<meta property=\"og:url\" content=\"https:\/\/www.bilmerinsaat.com\/en\/projeler\/karakoy-tarihi-han-restorasyonu\/\" \/>\n<meta property=\"og:site_name\" content=\"Bilmer \u0130n\u015faat\" \/>\n<meta property=\"article:modified_time\" content=\"2020-10-03T12:37:53+00:00\" \/>\n<meta property=\"og:image\" content=\"http:\/\/bilmerinsaat.com\/wp-content\/uploads\/2014\/04\/projedetaylari.png\" \/>\n<meta name=\"twitter:card\" content=\"summary_large_image\" \/>\n<meta name=\"twitter:label1\" content=\"Tahmini okuma s\u00fcresi\">\n\t<meta name=\"twitter:data1\" content=\"0 dakika\">\n<script type=\"application\/ld+json\" class=\"yoast-schema-graph\">{\"@context\":\"https:\/\/schema.org\",\"@graph\":[{\"@type\":\"WebSite\",\"@id\":\"https:\/\/www.bilmerinsaat.com\/tr\/#website\",\"url\":\"https:\/\/www.bilmerinsaat.com\/tr\/\",\"name\":\"Bilmer \\u0130n\\u015faat\",\"description\":\"\",\"potentialAction\":[{\"@type\":\"SearchAction\",\"target\":\"https:\/\/www.bilmerinsaat.com\/tr\/?s={search_term_string}\",\"query-input\":\"required name=search_term_string\"}],\"inLanguage\":\"tr-TR\"},{\"@type\":\"ImageObject\",\"@id\":\"https:\/\/www.bilmerinsaat.com\/en\/projeler\/karakoy-tarihi-han-restorasyonu\/#primaryimage\",\"inLanguage\":\"tr-TR\",\"url\":\"http:\/\/bilmerinsaat.com\/wp-content\/uploads\/2014\/04\/projedetaylari.png\"},{\"@type\":\"WebPage\",\"@id\":\"https:\/\/www.bilmerinsaat.com\/en\/projeler\/karakoy-tarihi-han-restorasyonu\/#webpage\",\"url\":\"https:\/\/www.bilmerinsaat.com\/en\/projeler\/karakoy-tarihi-han-restorasyonu\/\",\"name\":\"[:tr]Karak\\u00f6y Tarihi Han Restorasyonu[:en]Karakoy Historical Place Restoration[:] - Bilmer \\u0130n\\u015faat\",\"isPartOf\":{\"@id\":\"https:\/\/www.bilmerinsaat.com\/tr\/#website\"},\"primaryImageOfPage\":{\"@id\":\"https:\/\/www.bilmerinsaat.com\/en\/projeler\/karakoy-tarihi-han-restorasyonu\/#primaryimage\"},\"datePublished\":\"2014-05-21T09:06:22+00:00\",\"dateModified\":\"2020-10-03T12:37:53+00:00\",\"inLanguage\":\"tr-TR\",\"potentialAction\":[{\"@type\":\"ReadAction\",\"target\":[\"https:\/\/www.bilmerinsaat.com\/en\/projeler\/karakoy-tarihi-han-restorasyonu\/\"]}]}]}<\/script>\n<!-- \/ Yoast SEO plugin. -->","_links":{"self":[{"href":"https:\/\/www.bilmerinsaat.com\/tr\/wp-json\/wp\/v2\/pages\/924","targetHints":{"allow":["GET"]}}],"collection":[{"href":"https:\/\/www.bilmerinsaat.com\/tr\/wp-json\/wp\/v2\/pages"}],"about":[{"href":"https:\/\/www.bilmerinsaat.com\/tr\/wp-json\/wp\/v2\/types\/page"}],"author":[{"embeddable":true,"href":"https:\/\/www.bilmerinsaat.com\/tr\/wp-json\/wp\/v2\/users\/1"}],"replies":[{"embeddable":true,"href":"https:\/\/www.bilmerinsaat.com\/tr\/wp-json\/wp\/v2\/comments?post=924"}],"version-history":[{"count":3,"href":"https:\/\/www.bilmerinsaat.com\/tr\/wp-json\/wp\/v2\/pages\/924\/revisions"}],"predecessor-version":[{"id":3230,"href":"https:\/\/www.bilmerinsaat.com\/tr\/wp-json\/wp\/v2\/pages\/924\/revisions\/3230"}],"up":[{"embeddable":true,"href":"https:\/\/www.bilmerinsaat.com\/tr\/wp-json\/wp\/v2\/pages\/159"}],"wp:attachment":[{"href":"https:\/\/www.bilmerinsaat.com\/tr\/wp-json\/wp\/v2\/media?parent=924"}],"curies":[{"name":"wp","href":"https:\/\/api.w.org\/{rel}","templated":true}]}}