{"id":182,"date":"2014-04-21T23:10:29","date_gmt":"2014-04-21T20:10:29","guid":{"rendered":"http:\/\/raynoserver.com\/bilmer\/?page_id=182"},"modified":"2020-09-28T00:50:26","modified_gmt":"2020-09-27T21:50:26","slug":"insan-kaynaklari","status":"publish","type":"page","link":"https:\/\/www.bilmerinsaat.com\/tr\/insan-kaynaklari\/","title":{"rendered":"\u0130nsan Kaynaklar\u0131"},"content":{"rendered":"\n                <div class='gf_browser_gecko gform_wrapper' id='gform_wrapper_1' ><a id='gf_1' name='gf_1' class='gform_anchor' ><\/a><form method='post' enctype='multipart\/form-data' target='gform_ajax_frame_1' id='gform_1'  action='\/tr\/wp-json\/wp\/v2\/pages\/182#gf_1'>\n                        <div class='gform_body'>\n                            <ul id='gform_fields_1' class='gform_fields top_label description_below'><li id='field_1_1' class='gfield               gfield_contains_required' ><label class='gfield_label' for='input_1_1'>Ad Soyad<span class='gfield_required'>*<\/span><\/label><div class='ginput_container'><input name='input_1' id='input_1_1' type='text' value='' class='medium'  tabindex='1'   \/><\/div><\/li><li id='field_1_5' class='gfield               gfield_contains_required' ><label class='gfield_label' for='input_1_5'>Telefon<span class='gfield_required'>*<\/span><\/label><div class='ginput_container'><input name='input_5' id='input_1_5' type='text'  value='' class='medium' tabindex='2'   \/><\/div><div class='gfield_description'>(\u00d6rnek: 53X XXX XX XX)<\/div><\/li><li id='field_1_3' class='gfield               gfield_contains_required' ><label class='gfield_label' for='input_1_3'>Email<span class='gfield_required'>*<\/span><\/label><div class='ginput_container'><input name='input_3' id='input_1_3' type='text' value='' class='medium'  tabindex='3'   \/><\/div><\/li><li id='field_1_4' class='gfield               gfield_contains_required' ><label class='gfield_label' for='input_1_4'>Cv&#039;nizi Y\u00fckleyiniz<span class='gfield_required'>*<\/span><\/label><div class='ginput_container'><input name='input_4' id='input_1_4' type='file' value='' size='20' class='medium' tabindex='4' \/><\/div><\/li>\n                            <\/ul><\/div>\n        <div class='gform_footer top_label'> <input type='image' src='http:\/\/www.bilmerinsaat.com\/wp-content\/uploads\/2014\/07\/bilmerinsaat_gonder.png' id='gform_submit_button_1' class='gform_image_button' alt='Submit' tabindex='5' onclick='if(window[\"gf_submitting\"]){return false;} window[\"gf_submitting\"]=true;'\/><input type='hidden' name='gform_ajax' value='form_id=1&amp;title=&amp;description=' \/>\n            <input type='hidden' class='gform_hidden' name='is_submit_1' value='1' \/>\n            <input type='hidden' class='gform_hidden' name='gform_submit' value='1' \/>\n            <input type='hidden' class='gform_hidden' name='gform_unique_id' value='' \/>\n            <input type='hidden' class='gform_hidden' name='state_1' value='WyJhOjA6e30iLCJhNjE4Zjk4N2QzYWYwNTQ0ZjE0YzQzZmMwZDQzYzI1YyJd' \/>\n            <input type='hidden' class='gform_hidden' name='gform_target_page_number_1' id='gform_target_page_number_1' value='0' \/>\n            <input type='hidden' class='gform_hidden' name='gform_source_page_number_1' id='gform_source_page_number_1' value='1' \/>\n            <input type='hidden' name='gform_field_values' value='' \/>\n            \n        <\/div>\n                <\/form>\n                <\/div>\n                <iframe style='display:none;width:0px; height:0px;' src='about:blank' name='gform_ajax_frame_1' id='gform_ajax_frame_1'><\/iframe>\n                <script type='text\/javascript'>function gformInitSpinner_1(){jQuery('#gform_1').submit(function(){if(jQuery('#gform_ajax_spinner_1').length == 0){jQuery('#gform_submit_button_1, #gform_wrapper_1 .gform_next_button, #gform_wrapper_1 .gform_image_button').after('<' + 'img id=\"gform_ajax_spinner_1\"  class=\"gform_ajax_spinner\" src=\"https:\/\/www.bilmerinsaat.com\/wp-content\/plugins\/gravityforms\/images\/spinner.gif\" alt=\"\" \/>'); }} );}jQuery(document).ready(function($){gformInitSpinner_1();jQuery('#gform_ajax_frame_1').load( function(){var contents = jQuery(this).contents().find('*').html();var is_postback = contents.indexOf('GF_AJAX_POSTBACK') >= 0;if(!is_postback){return;}var form_content = jQuery(this).contents().find('#gform_wrapper_1');var is_redirect = contents.indexOf('gformRedirect(){') >= 0;var is_form = !(form_content.length <= 0 || is_redirect);if(is_form){jQuery('#gform_wrapper_1').html(form_content.html());jQuery(document).scrollTop(jQuery('#gform_wrapper_1').offset().top);if(window['gformInitDatepicker']) {gformInitDatepicker();}if(window['gformInitPriceFields']) {gformInitPriceFields();}var current_page = jQuery('#gform_source_page_number_1').val();gformInitSpinner_1();jQuery(document).trigger('gform_page_loaded', [1, current_page]);window['gf_submitting'] = false;}else if(!is_redirect){var confirmation_content = jQuery(this).contents().find('#gforms_confirmation_message').html();if(!confirmation_content){confirmation_content = contents;}setTimeout(function(){jQuery('#gform_wrapper_1').replaceWith('<' + 'div id=\\'gforms_confirmation_message\\' class=\\'gform_confirmation_message_1\\'' + '>' + confirmation_content + '<' + '\/div' + '>');jQuery(document).scrollTop(jQuery('#gforms_confirmation_message').offset().top);jQuery(document).trigger('gform_confirmation_loaded', [1]);window['gf_submitting'] = false;}, 50);}else{jQuery('#gform_1').append(contents);if(window['gformRedirect']) {gformRedirect();}}jQuery(document).trigger('gform_post_render', [1, current_page]);} );} );<\/script><script type='text\/javascript'> jQuery(document).ready(function(){jQuery(document).trigger('gform_post_render', [1, 1]) } ); <\/script>\n","protected":false},"excerpt":{"rendered":"Ad Soyad*Telefon*(\u00d6rnek: 53X XXX XX XX)Email*Cv&#039;nizi Y\u00fckleyiniz*","protected":false},"author":1,"featured_media":0,"parent":0,"menu_order":0,"comment_status":"open","ping_status":"open","template":"","meta":{"ngg_post_thumbnail":0,"footnotes":""},"class_list":["post-182","page","type-page","status-publish","hentry"],"yoast_head":"<!-- This site is optimized with the Yoast SEO plugin v15.5 - https:\/\/yoast.com\/wordpress\/plugins\/seo\/ -->\n<title>\u0130nsan Kaynaklar\u0131 - Bilmer \u0130n\u015faat<\/title>\n<meta name=\"robots\" content=\"index, follow, max-snippet:-1, max-image-preview:large, max-video-preview:-1\" \/>\n<link rel=\"canonical\" href=\"https:\/\/www.bilmerinsaat.com\/en\/insan-kaynaklari\/\" \/>\n<meta property=\"og:locale\" content=\"tr_TR\" \/>\n<meta property=\"og:type\" content=\"article\" \/>\n<meta property=\"og:title\" content=\"\u0130nsan Kaynaklar\u0131\" \/>\n<meta property=\"og:url\" content=\"https:\/\/www.bilmerinsaat.com\/en\/insan-kaynaklari\/\" \/>\n<meta property=\"og:site_name\" content=\"Bilmer \u0130n\u015faat\" \/>\n<meta property=\"article:modified_time\" content=\"2020-09-27T21:50:26+00:00\" \/>\n<meta name=\"twitter:card\" content=\"summary_large_image\" \/>\n<meta name=\"twitter:label1\" content=\"Tahmini okuma s\u00fcresi\">\n\t<meta name=\"twitter:data1\" content=\"0 dakika\">\n<script type=\"application\/ld+json\" class=\"yoast-schema-graph\">{\"@context\":\"https:\/\/schema.org\",\"@graph\":[{\"@type\":\"WebSite\",\"@id\":\"https:\/\/www.bilmerinsaat.com\/tr\/#website\",\"url\":\"https:\/\/www.bilmerinsaat.com\/tr\/\",\"name\":\"Bilmer \\u0130n\\u015faat\",\"description\":\"\",\"potentialAction\":[{\"@type\":\"SearchAction\",\"target\":\"https:\/\/www.bilmerinsaat.com\/tr\/?s={search_term_string}\",\"query-input\":\"required name=search_term_string\"}],\"inLanguage\":\"tr-TR\"},{\"@type\":\"WebPage\",\"@id\":\"https:\/\/www.bilmerinsaat.com\/en\/insan-kaynaklari\/#webpage\",\"url\":\"https:\/\/www.bilmerinsaat.com\/en\/insan-kaynaklari\/\",\"name\":\"[:tr]\\u0130nsan Kaynaklar\\u0131[:en]Human Resources[:] - Bilmer \\u0130n\\u015faat\",\"isPartOf\":{\"@id\":\"https:\/\/www.bilmerinsaat.com\/tr\/#website\"},\"datePublished\":\"2014-04-21T20:10:29+00:00\",\"dateModified\":\"2020-09-27T21:50:26+00:00\",\"inLanguage\":\"tr-TR\",\"potentialAction\":[{\"@type\":\"ReadAction\",\"target\":[\"https:\/\/www.bilmerinsaat.com\/en\/insan-kaynaklari\/\"]}]}]}<\/script>\n<!-- \/ Yoast SEO plugin. -->","_links":{"self":[{"href":"https:\/\/www.bilmerinsaat.com\/tr\/wp-json\/wp\/v2\/pages\/182","targetHints":{"allow":["GET"]}}],"collection":[{"href":"https:\/\/www.bilmerinsaat.com\/tr\/wp-json\/wp\/v2\/pages"}],"about":[{"href":"https:\/\/www.bilmerinsaat.com\/tr\/wp-json\/wp\/v2\/types\/page"}],"author":[{"embeddable":true,"href":"https:\/\/www.bilmerinsaat.com\/tr\/wp-json\/wp\/v2\/users\/1"}],"replies":[{"embeddable":true,"href":"https:\/\/www.bilmerinsaat.com\/tr\/wp-json\/wp\/v2\/comments?post=182"}],"version-history":[{"count":3,"href":"https:\/\/www.bilmerinsaat.com\/tr\/wp-json\/wp\/v2\/pages\/182\/revisions"}],"predecessor-version":[{"id":3144,"href":"https:\/\/www.bilmerinsaat.com\/tr\/wp-json\/wp\/v2\/pages\/182\/revisions\/3144"}],"wp:attachment":[{"href":"https:\/\/www.bilmerinsaat.com\/tr\/wp-json\/wp\/v2\/media?parent=182"}],"curies":[{"name":"wp","href":"https:\/\/api.w.org\/{rel}","templated":true}]}}