{"id":176,"date":"2014-04-21T23:09:35","date_gmt":"2014-04-21T20:09:35","guid":{"rendered":"http:\/\/raynoserver.com\/bilmer\/?page_id=176"},"modified":"2020-09-28T00:00:05","modified_gmt":"2020-09-27T21:00:05","slug":"basinda","status":"publish","type":"page","link":"https:\/\/www.bilmerinsaat.com\/tr\/basinda\/","title":{"rendered":"Bas\u0131nda"},"content":{"rendered":"<table style=\"width: 900px;\">\n<tbody>\n<tr>\n<td bgcolor=\"#e8e8ea\" width=\"380\"><b><a href=\"http:\/\/www.bilmerinsaat.com\/basinda\/bilmer-rotayi-enerjiye-cevirdi\/\">Bilmer Rotay\u0131 Enerjiye \u00c7evirdi<\/a><\/b><\/td>\n<\/tr>\n<tr>\n<td><b><a href=\"http:\/\/www.bilmerinsaat.com\/basinda\/bilmer-insaat-enerjiye-giriyor\/\">Bilmer \u0130n\u015faat Enerjiye Giriyor<\/a><\/b><\/td>\n<\/tr>\n<tr>\n<td bgcolor=\"#e8e8ea\"><a href=\"http:\/\/www.bilmerinsaat.com\/basinda\/bilmer-insaat-genis-yelpazedeki-hizmetleriyle-dikkat-cekiyor\/\"><b>Bilmer \u0130n\u015faat Geni\u015f Yelpazedeki Hizmetleriyle Dikkat \u00c7ekiyor<\/b><\/a><\/td>\n<\/tr>\n<tr>\n<td><b><a href=\"http:\/\/www.bilmerinsaat.com\/basinda\/icci-2012-cenk-balcik-bilmer-mimari-tasarim-ve-insaat\/\">ICCI 2012 Cenk BAL\u00c7IK &#8211; Bilmer Mimari Tasar\u0131m ve \u0130n\u015faat<\/a><\/b><\/td>\n<\/tr>\n<tr>\n<td bgcolor=\"#e8e8ea\"><b><a href=\"http:\/\/www.bilmerinsaat.com\/basinda\/bilmer-insaat-hizmetleriyle-dikkat-cekiyor\/\">Bilmer \u0130n\u015faat Hizmetleriyle Dikkat \u00c7ekiyor<\/a><\/b><\/td>\n<\/tr>\n<tr>\n<td><a title=\"Bilmer \u0130nsaat Enerji Sekt\u00f6r\u00fcnde \u00d6nde\" href=\"http:\/\/www.bilmerinsaat.com\/basinda\/bilmer-insaat-enerji-sektorunde-onde\/\"><b>Bilmer \u0130n\u015faat Enerji Sekt\u00f6r\u00fcnde \u00d6nde<\/b><\/a><\/td>\n<\/tr>\n<tr>\n<td bgcolor=\"#e8e8ea\"><a title=\"Bilmer Enerji Sekt\u00f6r\u00fcnde Aranan \u0130sim\" href=\"http:\/\/www.bilmerinsaat.com\/basinda\/bilmer-insaat-enerjide-aranan-isim\/\"><b>Bilmer \u0130n\u015faat enerjide aranan isim<\/b><\/a><\/td>\n<\/tr>\n<tr>\n<td><b><a href=\"http:\/\/www.bilmerinsaat.com\/basinda\/bilmer-insaat-bandirma-otogarini-insa-ediyor\/\">Bilmer \u0130n\u015faat, Band\u0131rma Otogar\u0131n\u0131 in\u015fa ediyor<\/a><\/b><\/td>\n<\/tr>\n<\/tbody>\n<\/table>\n<p>&nbsp;<\/p>\n","protected":false},"excerpt":{"rendered":"<p>Bilmer Rotay\u0131 Enerjiye \u00c7evirdi Bilmer \u0130n\u015faat Enerjiye Giriyor Bilmer \u0130n\u015faat Geni\u015f Yelpazedeki Hizmetleriyle Dikkat \u00c7ekiyor ICCI 2012 Cenk BAL\u00c7IK &#8211; Bilmer &#8230;<\/p>\n","protected":false},"author":1,"featured_media":0,"parent":0,"menu_order":0,"comment_status":"closed","ping_status":"closed","template":"","meta":{"ngg_post_thumbnail":0,"footnotes":""},"class_list":["post-176","page","type-page","status-publish","hentry"],"yoast_head":"<!-- This site is optimized with the Yoast SEO plugin v15.5 - https:\/\/yoast.com\/wordpress\/plugins\/seo\/ -->\n<title>Bas\u0131nda - Bilmer \u0130n\u015faat<\/title>\n<meta name=\"robots\" content=\"index, follow, max-snippet:-1, max-image-preview:large, max-video-preview:-1\" \/>\n<link rel=\"canonical\" href=\"https:\/\/www.bilmerinsaat.com\/tr\/basinda\/\" \/>\n<meta property=\"og:locale\" content=\"tr_TR\" \/>\n<meta property=\"og:type\" content=\"article\" \/>\n<meta property=\"og:title\" content=\"Bas\u0131nda\" \/>\n<meta property=\"og:description\" content=\"Bilmer Rotay\u0131 Enerjiye \u00c7evirdi Bilmer \u0130n\u015faat Enerjiye Giriyor Bilmer \u0130n\u015faat Geni\u015f Yelpazedeki Hizmetleriyle Dikkat \u00c7ekiyor ICCI 2012 Cenk BAL\u00c7IK &#8211; Bilmer ...\" \/>\n<meta property=\"og:url\" content=\"https:\/\/www.bilmerinsaat.com\/tr\/basinda\/\" \/>\n<meta property=\"og:site_name\" content=\"Bilmer \u0130n\u015faat\" \/>\n<meta property=\"article:modified_time\" content=\"2020-09-27T21:00:05+00:00\" \/>\n<meta name=\"twitter:card\" content=\"summary_large_image\" \/>\n<meta name=\"twitter:label1\" content=\"Tahmini okuma s\u00fcresi\">\n\t<meta name=\"twitter:data1\" content=\"0 dakika\">\n<script type=\"application\/ld+json\" class=\"yoast-schema-graph\">{\"@context\":\"https:\/\/schema.org\",\"@graph\":[{\"@type\":\"WebSite\",\"@id\":\"https:\/\/www.bilmerinsaat.com\/tr\/#website\",\"url\":\"https:\/\/www.bilmerinsaat.com\/tr\/\",\"name\":\"Bilmer \\u0130n\\u015faat\",\"description\":\"\",\"potentialAction\":[{\"@type\":\"SearchAction\",\"target\":\"https:\/\/www.bilmerinsaat.com\/tr\/?s={search_term_string}\",\"query-input\":\"required name=search_term_string\"}],\"inLanguage\":\"tr-TR\"},{\"@type\":\"WebPage\",\"@id\":\"https:\/\/www.bilmerinsaat.com\/tr\/basinda\/#webpage\",\"url\":\"https:\/\/www.bilmerinsaat.com\/tr\/basinda\/\",\"name\":\"[:tr]Bas\\u0131nda[:en]Press[:] - Bilmer \\u0130n\\u015faat\",\"isPartOf\":{\"@id\":\"https:\/\/www.bilmerinsaat.com\/tr\/#website\"},\"datePublished\":\"2014-04-21T20:09:35+00:00\",\"dateModified\":\"2020-09-27T21:00:05+00:00\",\"inLanguage\":\"tr-TR\",\"potentialAction\":[{\"@type\":\"ReadAction\",\"target\":[\"https:\/\/www.bilmerinsaat.com\/tr\/basinda\/\"]}]}]}<\/script>\n<!-- \/ Yoast SEO plugin. -->","_links":{"self":[{"href":"https:\/\/www.bilmerinsaat.com\/tr\/wp-json\/wp\/v2\/pages\/176","targetHints":{"allow":["GET"]}}],"collection":[{"href":"https:\/\/www.bilmerinsaat.com\/tr\/wp-json\/wp\/v2\/pages"}],"about":[{"href":"https:\/\/www.bilmerinsaat.com\/tr\/wp-json\/wp\/v2\/types\/page"}],"author":[{"embeddable":true,"href":"https:\/\/www.bilmerinsaat.com\/tr\/wp-json\/wp\/v2\/users\/1"}],"replies":[{"embeddable":true,"href":"https:\/\/www.bilmerinsaat.com\/tr\/wp-json\/wp\/v2\/comments?post=176"}],"version-history":[{"count":16,"href":"https:\/\/www.bilmerinsaat.com\/tr\/wp-json\/wp\/v2\/pages\/176\/revisions"}],"predecessor-version":[{"id":3104,"href":"https:\/\/www.bilmerinsaat.com\/tr\/wp-json\/wp\/v2\/pages\/176\/revisions\/3104"}],"wp:attachment":[{"href":"https:\/\/www.bilmerinsaat.com\/tr\/wp-json\/wp\/v2\/media?parent=176"}],"curies":[{"name":"wp","href":"https:\/\/api.w.org\/{rel}","templated":true}]}}