{"id":173,"date":"2014-04-21T23:09:22","date_gmt":"2014-04-21T20:09:22","guid":{"rendered":"http:\/\/raynoserver.com\/bilmer\/?page_id=173"},"modified":"2020-09-28T00:20:21","modified_gmt":"2020-09-27T21:20:21","slug":"supervision","status":"publish","type":"page","link":"https:\/\/www.bilmerinsaat.com\/tr\/supervision\/","title":{"rendered":"S\u00fcperviz\u00f6rl\u00fck"},"content":{"rendered":"<div>GE &#038; Cegelec S.A.S. Konsorsiyumunda\u00a0142 MW kurulu g\u00fc\u00e7 , 52 adet (GE 2,75MW -103)\u00a0t\u00fcrbini ve toplam 32000m\u00a0saha i\u00e7i yol i\u00e7eren Bal\u0131kesir Res EnerjiSA projesinde Bilmer \u0130n\u015faat, Cegelec S.A.S\u2019a\u00a0\u00a0 t\u00fcm\u00a0saha\u00a0in\u015faat i\u015flerinde vermi\u015f oldu\u011fu s\u00fcperviz\u00f6rl\u00fck hizmetini ba\u015far\u0131yla tamamlam\u0131\u015ft\u0131r.<\/div>\n","protected":false},"excerpt":{"rendered":"<p>GE &#038; Cegelec S.A.S. Konsorsiyumunda\u00a0142 MW kurulu g\u00fc\u00e7 , 52 adet (GE 2,75MW -103)\u00a0t\u00fcrbini ve toplam 32000m\u00a0saha i\u00e7i yol i\u00e7eren Bal\u0131kesir &#8230;<\/p>\n","protected":false},"author":1,"featured_media":0,"parent":0,"menu_order":0,"comment_status":"open","ping_status":"open","template":"","meta":{"ngg_post_thumbnail":0,"footnotes":""},"class_list":["post-173","page","type-page","status-publish","hentry"],"yoast_head":"<!-- This site is optimized with the Yoast SEO plugin v15.5 - https:\/\/yoast.com\/wordpress\/plugins\/seo\/ -->\n<title>S\u00fcperviz\u00f6rl\u00fck - Bilmer \u0130n\u015faat<\/title>\n<meta name=\"robots\" content=\"index, follow, max-snippet:-1, max-image-preview:large, max-video-preview:-1\" \/>\n<link rel=\"canonical\" href=\"https:\/\/www.bilmerinsaat.com\/tr\/supervision\/\" \/>\n<meta property=\"og:locale\" content=\"tr_TR\" \/>\n<meta property=\"og:type\" content=\"article\" \/>\n<meta property=\"og:title\" content=\"S\u00fcperviz\u00f6rl\u00fck\" \/>\n<meta property=\"og:description\" content=\"GE &amp; Cegelec S.A.S. Konsorsiyumunda\u00a0142 MW kurulu g\u00fc\u00e7 , 52 adet (GE 2,75MW -103)\u00a0t\u00fcrbini ve toplam 32000m\u00a0saha i\u00e7i yol i\u00e7eren Bal\u0131kesir ...\" \/>\n<meta property=\"og:url\" content=\"https:\/\/www.bilmerinsaat.com\/tr\/supervision\/\" \/>\n<meta property=\"og:site_name\" content=\"Bilmer \u0130n\u015faat\" \/>\n<meta property=\"article:modified_time\" content=\"2020-09-27T21:20:21+00:00\" \/>\n<meta name=\"twitter:card\" content=\"summary_large_image\" \/>\n<meta name=\"twitter:label1\" content=\"Tahmini okuma s\u00fcresi\">\n\t<meta name=\"twitter:data1\" content=\"0 dakika\">\n<script type=\"application\/ld+json\" class=\"yoast-schema-graph\">{\"@context\":\"https:\/\/schema.org\",\"@graph\":[{\"@type\":\"WebSite\",\"@id\":\"https:\/\/www.bilmerinsaat.com\/tr\/#website\",\"url\":\"https:\/\/www.bilmerinsaat.com\/tr\/\",\"name\":\"Bilmer \\u0130n\\u015faat\",\"description\":\"\",\"potentialAction\":[{\"@type\":\"SearchAction\",\"target\":\"https:\/\/www.bilmerinsaat.com\/tr\/?s={search_term_string}\",\"query-input\":\"required name=search_term_string\"}],\"inLanguage\":\"tr-TR\"},{\"@type\":\"WebPage\",\"@id\":\"https:\/\/www.bilmerinsaat.com\/tr\/supervision\/#webpage\",\"url\":\"https:\/\/www.bilmerinsaat.com\/tr\/supervision\/\",\"name\":\"[:tr]S\\u00fcperviz\\u00f6rl\\u00fck[:en]Supervision[:] - Bilmer \\u0130n\\u015faat\",\"isPartOf\":{\"@id\":\"https:\/\/www.bilmerinsaat.com\/tr\/#website\"},\"datePublished\":\"2014-04-21T20:09:22+00:00\",\"dateModified\":\"2020-09-27T21:20:21+00:00\",\"inLanguage\":\"tr-TR\",\"potentialAction\":[{\"@type\":\"ReadAction\",\"target\":[\"https:\/\/www.bilmerinsaat.com\/tr\/supervision\/\"]}]}]}<\/script>\n<!-- \/ Yoast SEO plugin. -->","_links":{"self":[{"href":"https:\/\/www.bilmerinsaat.com\/tr\/wp-json\/wp\/v2\/pages\/173","targetHints":{"allow":["GET"]}}],"collection":[{"href":"https:\/\/www.bilmerinsaat.com\/tr\/wp-json\/wp\/v2\/pages"}],"about":[{"href":"https:\/\/www.bilmerinsaat.com\/tr\/wp-json\/wp\/v2\/types\/page"}],"author":[{"embeddable":true,"href":"https:\/\/www.bilmerinsaat.com\/tr\/wp-json\/wp\/v2\/users\/1"}],"replies":[{"embeddable":true,"href":"https:\/\/www.bilmerinsaat.com\/tr\/wp-json\/wp\/v2\/comments?post=173"}],"version-history":[{"count":3,"href":"https:\/\/www.bilmerinsaat.com\/tr\/wp-json\/wp\/v2\/pages\/173\/revisions"}],"predecessor-version":[{"id":3136,"href":"https:\/\/www.bilmerinsaat.com\/tr\/wp-json\/wp\/v2\/pages\/173\/revisions\/3136"}],"wp:attachment":[{"href":"https:\/\/www.bilmerinsaat.com\/tr\/wp-json\/wp\/v2\/media?parent=173"}],"curies":[{"name":"wp","href":"https:\/\/api.w.org\/{rel}","templated":true}]}}