{"id":167,"date":"2014-04-21T23:08:51","date_gmt":"2014-04-21T20:08:51","guid":{"rendered":"http:\/\/raynoserver.com\/bilmer\/?page_id=167"},"modified":"2021-01-25T23:00:05","modified_gmt":"2021-01-25T20:00:05","slug":"ekipman","status":"publish","type":"page","link":"https:\/\/www.bilmerinsaat.com\/tr\/kurumsal\/ekipman\/","title":{"rendered":"Ekipman"},"content":{"rendered":"<p>[vc_row][vc_column][vc_column_text]<\/p>\n<table style=\"width: 750px;\">\n<thead>\n<tr>\n<th style=\"text-align: left;\" width=\"380\">A\u011f\u0131r \u0130\u015f Makinalar\u0131<\/th>\n<\/tr>\n<\/thead>\n<tbody>\n<tr>\n<td bgcolor=\"#e8e8ea\">Hidromek 101 &#8211; BEKOLODER<\/td>\n<\/tr>\n<tr>\n<td>\u00c7ukurova 840 D-LODER<\/td>\n<\/tr>\n<tr>\n<td bgcolor=\"#e8e8ea\">Mitsubishi MG 500-GREYDER<\/td>\n<\/tr>\n<tr>\n<td>Bomag PDH -2-V\u0130BRAT\u00d6RL\u00dc S\u0130L\u0130ND\u0130R<\/td>\n<\/tr>\n<tr bgcolor=\"#e8e8ea\">\n<td>Samsung 290 (K\u0131r\u0131c\u0131l\u0131) ESKAVAT\u00d6R<\/td>\n<\/tr>\n<tr>\n<td>BMC Fatih &#8211; KAMYON (3 Adet)<\/td>\n<\/tr>\n<\/tbody>\n<\/table>\n<p>&nbsp;<\/p>\n<table style=\"width: 750px;\">\n<thead>\n<tr>\n<th style=\"text-align: left;\" width=\"380\">Teknik Ekipman<\/th>\n<\/tr>\n<\/thead>\n<tbody>\n<tr>\n<td bgcolor=\"#e8e8ea\">Dewalt K\u0131r\u0131c\u0131 30 kg (6 adet)<\/td>\n<\/tr>\n<tr>\n<td>Dewalt K\u0131r\u0131c\u0131 9 kg (2 adet)<\/td>\n<\/tr>\n<tr>\n<td bgcolor=\"#e8e8ea\">Demir B\u00fckme Makinas\u0131 (4 Adet)<\/td>\n<\/tr>\n<tr>\n<td>Demir Kesme Makinas\u0131(4 Adet)<\/td>\n<\/tr>\n<tr bgcolor=\"#e8e8ea\">\n<td>Karot Makinalar\u0131 (5 Adet)<\/td>\n<\/tr>\n<tr>\n<td>WACKER 2050 A Benzinli Kompakt\u00f6r 2 ton<\/td>\n<\/tr>\n<tr>\n<td bgcolor=\"#e8e8ea\">WACKER DPU 3050H Kompakt\u00f6r 3 ton(ileri-geri)<\/td>\n<\/tr>\n<tr>\n<td>Perdah Makinalar\u0131<\/td>\n<\/tr>\n<tr>\n<td bgcolor=\"#e8e8ea\">WACKER V\u0130BRAT\u00d6R SET\u0130<\/td>\n<\/tr>\n<tr>\n<td>WACKER Vibrat\u00f6r &#8211; WACKER VIBRATOR<\/td>\n<\/tr>\n<tr>\n<td bgcolor=\"#e8e8ea\">WACKER Jenerat\u00f6r GV 7000 A 7KW MONOPHASE<\/td>\n<\/tr>\n<tr>\n<td>WACKER Jenerat\u00f6r GV 7003 7KW TR\u0130FAZE<\/td>\n<\/tr>\n<tr>\n<td bgcolor=\"#e8e8ea\">2.5 tonluk Transpaletler<\/td>\n<\/tr>\n<tr>\n<td>WACKER El Vibrat\u00f6r\u00fc<\/td>\n<\/tr>\n<tr>\n<td bgcolor=\"#e8e8ea\">Atiker \u00c7anta Tipi Kaynak Makinalar\u0131<\/td>\n<\/tr>\n<tr>\n<td>6500 Kaynak Jenerat\u00f6r<\/td>\n<\/tr>\n<tr>\n<td bgcolor=\"#e8e8ea\">EMSA Jenerat\u00f6r 70 KV<\/td>\n<\/tr>\n<tr>\n<td>3800 Benzinli Jenarat\u00f6r 15 KW<\/td>\n<\/tr>\n<tr>\n<td bgcolor=\"#e8e8ea\">Carwash Ara\u00e7 Y\u0131kama Makinesi<\/td>\n<\/tr>\n<tr>\n<td>Grout Makinas\u0131<\/td>\n<\/tr>\n<tr>\n<td bgcolor=\"#e8e8ea\">Zemin Test \u00d6l\u00e7\u00fcm Cihaz\u0131<\/td>\n<\/tr>\n<\/tbody>\n<\/table>\n<p>&nbsp;<\/p>\n<table style=\"width: 750px;\">\n<thead>\n<tr>\n<th style=\"text-align: left;\" width=\"380\">Binek Ara\u00e7lar<\/th>\n<\/tr>\n<\/thead>\n<tbody>\n<tr>\n<td bgcolor=\"#e8e8ea\">Volkswagen Amarok Kamyonet<\/td>\n<\/tr>\n<tr>\n<td>Subaru Forester 2.0 AWD AT 1N<\/td>\n<\/tr>\n<tr>\n<td bgcolor=\"#e8e8ea\">Isuzu Kamyonet<\/td>\n<\/tr>\n<tr>\n<td>Ford Mondeo Binek Araba<\/td>\n<\/tr>\n<\/tbody>\n<\/table>\n<p>&nbsp;<\/p>\n<table style=\"width: 750px;\">\n<thead>\n<tr>\n<th style=\"text-align: left;\" width=\"380\">\u00d6l\u00e7me Cihazlar\u0131<\/th>\n<\/tr>\n<\/thead>\n<tbody>\n<tr>\n<td bgcolor=\"#e8e8ea\">Pentax R326EX Total Stat\u0131on &#8211; \u00d6l\u00e7\u00fcm cihaz\u0131<\/td>\n<\/tr>\n<tr>\n<td>Entax Ap128 Nivo<\/td>\n<\/tr>\n<tr>\n<td bgcolor=\"#e8e8ea\">Topcon &#8211; GPS (2 Adet)<\/td>\n<\/tr>\n<\/tbody>\n<\/table>\n<p>&nbsp;<\/p>\n<table style=\"width: 750px;\">\n<thead>\n<tr>\n<th style=\"text-align: left;\" width=\"380\"><strong>Konteyner ve Yatakhaneler<\/strong><\/th>\n<\/tr>\n<\/thead>\n<tbody>\n<tr>\n<td bgcolor=\"#e8e8ea\">\u00d6zel Ofis Konteyneri (72 m2)<\/td>\n<\/tr>\n<tr>\n<td>300*700 \u00d6zel Konteyner (6 Adet)<\/td>\n<\/tr>\n<tr>\n<td bgcolor=\"#e8e8ea\">260*640 Konteyner (5 Adet)<\/td>\n<\/tr>\n<tr>\n<td>300*700 Tuvalet\/Du\u015f Konteyneri (3 Adet)<\/td>\n<\/tr>\n<tr>\n<td bgcolor=\"#e8e8ea\">Depo Konteyneri 240*240 (3 Adet)<\/td>\n<\/tr>\n<tr>\n<td>G\u00fcvenlik Kl\u00fcbesi 145*145 (2 Adet)<\/td>\n<\/tr>\n<tr>\n<td bgcolor=\"#e8e8ea\">Jenerat\u00f6r 10KWH (2 Adet)<\/td>\n<\/tr>\n<tr>\n<td>150*390 Mod\u00fcler WC Kabini<\/td>\n<\/tr>\n<\/tbody>\n<\/table>\n<p>&nbsp;<\/p>\n<table style=\"width: 750px;\">\n<thead>\n<tr>\n<th style=\"text-align: left;\" width=\"380\"><strong>Kal\u0131p Malzeme \/ Ekipman<\/strong><\/th>\n<\/tr>\n<\/thead>\n<tbody>\n<tr>\n<td bgcolor=\"#e8e8ea\">Gamesa G90<\/td>\n<\/tr>\n<tr>\n<td>Nordex 117 Temel Kal\u0131b\u0131<\/td>\n<\/tr>\n<tr>\n<td bgcolor=\"#e8e8ea\">GE Temel Kal\u0131b\u0131<\/td>\n<\/tr>\n<tr>\n<td>E 44 TEMEL KALIBI<\/td>\n<\/tr>\n<tr>\n<td bgcolor=\"#e8e8ea\">E 48 TEMEL KALIBI<\/td>\n<\/tr>\n<tr>\n<td>E 82 TEMEL KALIBI<\/td>\n<\/tr>\n<tr>\n<td bgcolor=\"#e8e8ea\">1000 m3 Alman G\u00fcvenlikli \u0130skele<\/td>\n<\/tr>\n<tr>\n<td>2000 m2 Konvansiyonel Kal\u0131p (Playwood, H20, vs.)<\/td>\n<\/tr>\n<\/tbody>\n<\/table>\n<p>[\/vc_column_text][\/vc_column][\/vc_row]<\/p>\n","protected":false},"excerpt":{"rendered":"<p>[vc_row][vc_column][vc_column_text] A\u011f\u0131r \u0130\u015f Makinalar\u0131 Hidromek 101 &#8211; BEKOLODER \u00c7ukurova 840 D-LODER Mitsubishi MG 500-GREYDER Bomag PDH -2-V\u0130BRAT\u00d6RL\u00dc S\u0130L\u0130ND\u0130R Samsung 290 (K\u0131r\u0131c\u0131l\u0131) &#8230;<\/p>\n","protected":false},"author":1,"featured_media":0,"parent":139,"menu_order":0,"comment_status":"open","ping_status":"open","template":"","meta":{"ngg_post_thumbnail":0,"footnotes":""},"class_list":["post-167","page","type-page","status-publish","hentry"],"yoast_head":"<!-- This site is optimized with the Yoast SEO plugin v15.5 - https:\/\/yoast.com\/wordpress\/plugins\/seo\/ -->\n<title>Ekipman - Bilmer \u0130n\u015faat<\/title>\n<meta name=\"robots\" content=\"index, follow, max-snippet:-1, max-image-preview:large, max-video-preview:-1\" \/>\n<link rel=\"canonical\" href=\"https:\/\/www.bilmerinsaat.com\/tr\/kurumsal\/ekipman\/\" \/>\n<meta property=\"og:locale\" content=\"tr_TR\" \/>\n<meta property=\"og:type\" content=\"article\" \/>\n<meta property=\"og:title\" content=\"Ekipman\" \/>\n<meta property=\"og:description\" content=\"[vc_row][vc_column][vc_column_text] A\u011f\u0131r \u0130\u015f Makinalar\u0131 Hidromek 101 &#8211; BEKOLODER \u00c7ukurova 840 D-LODER Mitsubishi MG 500-GREYDER Bomag PDH -2-V\u0130BRAT\u00d6RL\u00dc S\u0130L\u0130ND\u0130R Samsung 290 (K\u0131r\u0131c\u0131l\u0131) ...\" \/>\n<meta property=\"og:url\" content=\"https:\/\/www.bilmerinsaat.com\/tr\/kurumsal\/ekipman\/\" \/>\n<meta property=\"og:site_name\" content=\"Bilmer \u0130n\u015faat\" \/>\n<meta property=\"article:modified_time\" content=\"2021-01-25T20:00:05+00:00\" \/>\n<meta name=\"twitter:card\" content=\"summary_large_image\" \/>\n<meta name=\"twitter:label1\" content=\"Tahmini okuma s\u00fcresi\">\n\t<meta name=\"twitter:data1\" content=\"2 dakika\">\n<script type=\"application\/ld+json\" class=\"yoast-schema-graph\">{\"@context\":\"https:\/\/schema.org\",\"@graph\":[{\"@type\":\"WebSite\",\"@id\":\"https:\/\/www.bilmerinsaat.com\/tr\/#website\",\"url\":\"https:\/\/www.bilmerinsaat.com\/tr\/\",\"name\":\"Bilmer \\u0130n\\u015faat\",\"description\":\"\",\"potentialAction\":[{\"@type\":\"SearchAction\",\"target\":\"https:\/\/www.bilmerinsaat.com\/tr\/?s={search_term_string}\",\"query-input\":\"required name=search_term_string\"}],\"inLanguage\":\"tr-TR\"},{\"@type\":\"WebPage\",\"@id\":\"https:\/\/www.bilmerinsaat.com\/tr\/kurumsal\/ekipman\/#webpage\",\"url\":\"https:\/\/www.bilmerinsaat.com\/tr\/kurumsal\/ekipman\/\",\"name\":\"[:tr]Ekipman[:en]Equipments[:] - Bilmer \\u0130n\\u015faat\",\"isPartOf\":{\"@id\":\"https:\/\/www.bilmerinsaat.com\/tr\/#website\"},\"datePublished\":\"2014-04-21T20:08:51+00:00\",\"dateModified\":\"2021-01-25T20:00:05+00:00\",\"inLanguage\":\"tr-TR\",\"potentialAction\":[{\"@type\":\"ReadAction\",\"target\":[\"https:\/\/www.bilmerinsaat.com\/tr\/kurumsal\/ekipman\/\"]}]}]}<\/script>\n<!-- \/ Yoast SEO plugin. -->","_links":{"self":[{"href":"https:\/\/www.bilmerinsaat.com\/tr\/wp-json\/wp\/v2\/pages\/167","targetHints":{"allow":["GET"]}}],"collection":[{"href":"https:\/\/www.bilmerinsaat.com\/tr\/wp-json\/wp\/v2\/pages"}],"about":[{"href":"https:\/\/www.bilmerinsaat.com\/tr\/wp-json\/wp\/v2\/types\/page"}],"author":[{"embeddable":true,"href":"https:\/\/www.bilmerinsaat.com\/tr\/wp-json\/wp\/v2\/users\/1"}],"replies":[{"embeddable":true,"href":"https:\/\/www.bilmerinsaat.com\/tr\/wp-json\/wp\/v2\/comments?post=167"}],"version-history":[{"count":20,"href":"https:\/\/www.bilmerinsaat.com\/tr\/wp-json\/wp\/v2\/pages\/167\/revisions"}],"predecessor-version":[{"id":3715,"href":"https:\/\/www.bilmerinsaat.com\/tr\/wp-json\/wp\/v2\/pages\/167\/revisions\/3715"}],"up":[{"embeddable":true,"href":"https:\/\/www.bilmerinsaat.com\/tr\/wp-json\/wp\/v2\/pages\/139"}],"wp:attachment":[{"href":"https:\/\/www.bilmerinsaat.com\/tr\/wp-json\/wp\/v2\/media?parent=167"}],"curies":[{"name":"wp","href":"https:\/\/api.w.org\/{rel}","templated":true}]}}