{"id":159,"date":"2014-04-21T23:07:51","date_gmt":"2014-04-21T20:07:51","guid":{"rendered":"http:\/\/raynoserver.com\/bilmer\/?page_id=159"},"modified":"2021-02-24T20:26:24","modified_gmt":"2021-02-24T17:26:24","slug":"projeler","status":"publish","type":"page","link":"https:\/\/www.bilmerinsaat.com\/tr\/projeler\/","title":{"rendered":"Projeler"},"content":{"rendered":"<p>[vc_row][vc_column][vc_text_separator title=&#8221;R\u00fczgar Enerji Santralleri&#8221;][\/vc_column][\/vc_row][vc_row][vc_column width=&#8221;1\/3&#8243;][vc_single_image image=&#8221;3664&#8243; img_size=&#8221;300&#215;200&#8243; alignment=&#8221;center&#8221; onclick=&#8221;custom_link&#8221; title=&#8221;\u015eile RES Projesi&#8221; link=&#8221;http:\/\/www.bilmerinsaat.com\/tr\/sile-res-projesi\/&#8221; css=&#8221;.vc_custom_1611224620351{padding-top: 20px !important;padding-right: 20px !important;padding-bottom: 20px !important;padding-left: 20px !important;background-color: #f8f9f9 !important;}&#8221;][\/vc_column][vc_column width=&#8221;1\/3&#8243;][vc_single_image image=&#8221;3523&#8243; img_size=&#8221;300&#215;200&#8243; alignment=&#8221;center&#8221; onclick=&#8221;custom_link&#8221; title=&#8221;M\u015eP RES Projesi&#8221; link=&#8221;http:\/\/www.bilmerinsaat.com\/tr\/msp-res-projesi\/&#8221; css=&#8221;.vc_custom_1611149720838{padding-top: 20px !important;padding-right: 20px !important;padding-bottom: 20px !important;padding-left: 20px !important;background-color: #f8f9f9 !important;}&#8221;][\/vc_column][vc_column width=&#8221;1\/3&#8243;][vc_single_image image=&#8221;3629&#8243; img_size=&#8221;300&#215;200&#8243; alignment=&#8221;center&#8221; onclick=&#8221;custom_link&#8221; title=&#8221;Pamukova RES Projesi&#8221; link=&#8221;http:\/\/www.bilmerinsaat.com\/tr\/pamukova-res-projesi\/&#8221; css=&#8221;.vc_custom_1611157404193{padding-top: 20px !important;padding-right: 20px !important;padding-bottom: 20px !important;padding-left: 20px !important;background-color: #f8f9f9 !important;}&#8221;][\/vc_column][\/vc_row][vc_row][vc_column width=&#8221;1\/3&#8243;][vc_single_image image=&#8221;3654&#8243; img_size=&#8221;300&#215;200&#8243; alignment=&#8221;center&#8221; onclick=&#8221;custom_link&#8221; title=&#8221;Kirazl\u0131 RES Projesi&#8221; link=&#8221;http:\/\/www.bilmerinsaat.com\/tr\/kirazli-res-projesi\/&#8221; css=&#8221;.vc_custom_1611223059422{padding-top: 20px !important;padding-right: 20px !important;padding-bottom: 20px !important;padding-left: 20px !important;background-color: #f8f9f9 !important;}&#8221;][\/vc_column][vc_column width=&#8221;1\/3&#8243;][vc_single_image image=&#8221;3649&#8243; img_size=&#8221;300&#215;200&#8243; alignment=&#8221;center&#8221; onclick=&#8221;custom_link&#8221; title=&#8221;Meryem RES Projesi&#8221; link=&#8221;http:\/\/www.bilmerinsaat.com\/tr\/meryem-res-projesi&#8221; css=&#8221;.vc_custom_1611222587952{padding-top: 20px !important;padding-right: 20px !important;padding-bottom: 20px !important;padding-left: 20px !important;background-color: #f8f9f9 !important;}&#8221;][\/vc_column][vc_column width=&#8221;1\/3&#8243;][vc_single_image image=&#8221;3260&#8243; img_size=&#8221;300&#215;200&#8243; alignment=&#8221;center&#8221; onclick=&#8221;custom_link&#8221; title=&#8221;\u00c7anta R\u00fczgar Enerji Santrali (47.5 MW)&#8221; link=&#8221;http:\/\/www.bilmerinsaat.com\/tr\/canta-ruzgar-enerji-santrali\/&#8221; css=&#8221;.vc_custom_1601727662778{padding-top: 20px !important;padding-right: 20px !important;padding-bottom: 20px !important;padding-left: 20px !important;background-color: #f8f9f9 !important;}&#8221;][\/vc_column][\/vc_row][vc_row][vc_column width=&#8221;1\/3&#8243;][vc_single_image image=&#8221;3257&#8243; img_size=&#8221;300&#215;200&#8243; alignment=&#8221;center&#8221; onclick=&#8221;custom_link&#8221; title=&#8221;S\u00f6ke &#8211; \u00c7atalb\u00fck R\u00fczgar Enerji Santrali (30 MW)&#8221; link=&#8221;http:\/\/www.bilmerinsaat.com\/tr\/soke-catalbuk-ruzgar-enerji-santrali-30-mw\/&#8221; css=&#8221;.vc_custom_1601727562716{padding-top: 20px !important;padding-right: 20px !important;padding-bottom: 20px !important;padding-left: 20px !important;background-color: #f8f9f9 !important;}&#8221;][\/vc_column][vc_column width=&#8221;1\/3&#8243;][vc_single_image image=&#8221;3263&#8243; img_size=&#8221;300&#215;200&#8243; alignment=&#8221;center&#8221; onclick=&#8221;custom_link&#8221; title=&#8221;\u0130ntepe (Anemon) r\u00fczgar enerji santralleri (30,4 MW)&#8221; link=&#8221;http:\/\/www.bilmerinsaat.com\/tr\/intepe-anemon-ruzgar-enerji-santralleri-304-mw\/&#8221; css=&#8221;.vc_custom_1601727763314{padding-top: 20px !important;padding-right: 20px !important;padding-bottom: 20px !important;padding-left: 20px !important;background-color: #f8f9f9 !important;}&#8221;][\/vc_column][vc_column width=&#8221;1\/3&#8243;][vc_single_image image=&#8221;3266&#8243; img_size=&#8221;300&#215;200&#8243; alignment=&#8221;center&#8221; onclick=&#8221;custom_link&#8221; title=&#8221;Kuyucak R\u00fczgar Enerji Santrali (25,6 MW)&#8221; link=&#8221;http:\/\/www.bilmerinsaat.com\/tr\/kuyucak-ruzgar-enerji-santrali-256-mw\/&#8221; css=&#8221;.vc_custom_1601727998760{padding-top: 20px !important;padding-right: 20px !important;padding-bottom: 20px !important;padding-left: 20px !important;background-color: #f8f9f9 !important;}&#8221;][\/vc_column][\/vc_row][vc_row][vc_column width=&#8221;1\/3&#8243;][vc_single_image image=&#8221;3268&#8243; img_size=&#8221;300&#215;200&#8243; alignment=&#8221;center&#8221; onclick=&#8221;custom_link&#8221; title=&#8221;\u00c7amseki (\u00dcvecik) r\u00fczgar enerji santralleri (20,8 MW )&#8221; link=&#8221;http:\/\/www.bilmerinsaat.com\/tr\/camseki-uvecik-ruzgar-enerji-santralleri-208-mw\/&#8221; css=&#8221;.vc_custom_1601728134911{padding-top: 20px !important;padding-right: 20px !important;padding-bottom: 20px !important;padding-left: 20px !important;background-color: #f8f9f9 !important;}&#8221;][\/vc_column][vc_column width=&#8221;1\/3&#8243;][vc_single_image image=&#8221;3270&#8243; img_size=&#8221;300&#215;200&#8243; alignment=&#8221;center&#8221; onclick=&#8221;custom_link&#8221; title=&#8221;Keltepe r\u00fczgar enerji santralleri (20,7 MW)&#8221; link=&#8221;http:\/\/www.bilmerinsaat.com\/tr\/keltepe-ruzgar-enerji-santralleri-207-mw\/&#8221; css=&#8221;.vc_custom_1601728336519{padding-top: 20px !important;padding-right: 20px !important;padding-bottom: 20px !important;padding-left: 20px !important;background-color: #f8f9f9 !important;}&#8221;][\/vc_column][vc_column width=&#8221;1\/3&#8243;][vc_single_image image=&#8221;3288&#8243; img_size=&#8221;300&#215;200&#8243; alignment=&#8221;center&#8221; onclick=&#8221;custom_link&#8221; title=&#8221;\u00c7e\u015fme Ala\u00e7at\u0131 R\u00fczgar Enerji Santrali (18 MW)&#8221; link=&#8221;http:\/\/www.bilmerinsaat.com\/tr\/projeler\/cesme-alacati-ruzgar-enerji-santrali\/&#8221; css=&#8221;.vc_custom_1601795928883{padding-top: 20px !important;padding-right: 20px !important;padding-bottom: 20px !important;padding-left: 20px !important;background-color: #f8f9f9 !important;}&#8221;][\/vc_column][\/vc_row][vc_row][vc_column width=&#8221;1\/3&#8243;][vc_single_image image=&#8221;3289&#8243; img_size=&#8221;300&#215;200&#8243; alignment=&#8221;center&#8221; onclick=&#8221;custom_link&#8221; title=&#8221;Burgaz r\u00fczgar enerji santralleri (14,9 MW)&#8221; link=&#8221;http:\/\/www.bilmerinsaat.com\/tr\/projeler\/burgaz-ruzgar-enerji-santralleri-149-mw\/&#8221; css=&#8221;.vc_custom_1601796028311{padding-top: 20px !important;padding-right: 20px !important;padding-bottom: 20px !important;padding-left: 20px !important;background-color: #f8f9f9 !important;}&#8221;][\/vc_column][vc_column width=&#8221;1\/3&#8243;][\/vc_column][vc_column width=&#8221;1\/3&#8243;][\/vc_column][\/vc_row][vc_row][vc_column][vc_text_separator title=&#8221;Di\u011fer Projeler&#8221;][\/vc_column][\/vc_row][vc_row][vc_column width=&#8221;1\/3&#8243;][vc_single_image image=&#8221;3407&#8243; img_size=&#8221;300&#215;200&#8243; alignment=&#8221;center&#8221; onclick=&#8221;custom_link&#8221; title=&#8221;T\u00fcrk Ak\u0131m\u0131 Al\u0131m Terminali Projesi&#8221; link=&#8221;http:\/\/www.bilmerinsaat.com\/tr\/turk-akimi-alim-terminali-projesi\/&#8221; css=&#8221;.vc_custom_1611089955555{padding-top: 20px !important;padding-right: 20px !important;padding-bottom: 20px !important;padding-left: 20px !important;background-color: #f8f9f9 !important;}&#8221;][\/vc_column][vc_column width=&#8221;1\/3&#8243;][vc_single_image image=&#8221;3721&#8243; img_size=&#8221;300&#215;200&#8243; alignment=&#8221;center&#8221; onclick=&#8221;custom_link&#8221; title=&#8221;Sanat Yap\u0131 \u0130n\u015faat A.\u015e.&#8221; link=&#8221;http:\/\/www.bilmerinsaat.com\/tr\/sanat-yapi-insaat-a-s\/&#8221; css=&#8221;.vc_custom_1614187409196{padding-top: 20px !important;padding-right: 20px !important;padding-bottom: 20px !important;padding-left: 20px !important;background-color: #f8f9f9 !important;}&#8221;][\/vc_column][vc_column width=&#8221;1\/3&#8243;][\/vc_column][\/vc_row][vc_row][vc_column][vc_text_separator title=&#8221;Otel ve Marina \u0130n\u015faat\u0131&#8221;][\/vc_column][\/vc_row][vc_row][vc_column width=&#8221;1\/3&#8243;][vc_single_image image=&#8221;3291&#8243; img_size=&#8221;300&#215;200&#8243; alignment=&#8221;center&#8221; onclick=&#8221;custom_link&#8221; title=&#8221;G\u00f6cek Marina ve \u00e7ekek sahas\u0131 Kaba yap\u0131 ve altyap\u0131 i\u015fleri&#8221; link=&#8221;http:\/\/www.bilmerinsaat.com\/tr\/projeler\/gocek-marina\/&#8221; css=&#8221;.vc_custom_1601796320042{padding-top: 20px !important;padding-right: 20px !important;padding-bottom: 20px !important;padding-left: 20px !important;background-color: #f8f9f9 !important;}&#8221;][\/vc_column][vc_column width=&#8221;1\/3&#8243;][\/vc_column][vc_column width=&#8221;1\/3&#8243;][\/vc_column][\/vc_row][vc_row][vc_column][vc_text_separator title=&#8221;Fabrika \u0130n\u015faat\u0131&#8221;][\/vc_column][\/vc_row][vc_row][vc_column width=&#8221;1\/3&#8243;][vc_single_image image=&#8221;3296&#8243; img_size=&#8221;300&#215;200&#8243; alignment=&#8221;center&#8221; onclick=&#8221;custom_link&#8221; title=&#8221;BOSCH Fabrika Binas\u0131 \u00c7at\u0131 Sistemleri&#8221; link=&#8221;http:\/\/www.bilmerinsaat.com\/tr\/projeler\/bosch-fabrika-binasi-cati-sistemleri\/&#8221; css=&#8221;.vc_custom_1601797863146{padding-top: 20px !important;padding-right: 20px !important;padding-bottom: 20px !important;padding-left: 20px !important;background-color: #f8f9f9 !important;}&#8221;][\/vc_column][vc_column width=&#8221;1\/3&#8243;][vc_single_image image=&#8221;3298&#8243; img_size=&#8221;300&#215;200&#8243; alignment=&#8221;center&#8221; onclick=&#8221;custom_link&#8221; title=&#8221;\u00d6rs-el Deri Ayakkab\u0131 Fabrika&#8221; link=&#8221;http:\/\/www.bilmerinsaat.com\/tr\/projeler\/ors-el-deri-ayakkabi-fabrika\/&#8221; css=&#8221;.vc_custom_1601798025101{padding-top: 20px !important;padding-right: 20px !important;padding-bottom: 20px !important;padding-left: 20px !important;background-color: #f8f9f9 !important;}&#8221;][\/vc_column][vc_column width=&#8221;1\/3&#8243;][\/vc_column][\/vc_row]<\/p>\n","protected":false},"excerpt":{"rendered":"<p>[vc_row][vc_column][vc_text_separator title=&#8221;R\u00fczgar Enerji Santralleri&#8221;][\/vc_column][\/vc_row][vc_row][vc_column width=&#8221;1\/3&#8243;][vc_single_image image=&#8221;3664&#8243; img_size=&#8221;300&#215;200&#8243; alignment=&#8221;center&#8221; onclick=&#8221;custom_link&#8221; title=&#8221;\u015eile RES Projesi&#8221; link=&#8221;http:\/\/www.bilmerinsaat.com\/tr\/sile-res-projesi\/&#8221; css=&#8221;.vc_custom_1611224620351{padding-top: 20px !important;padding-right: 20px !important;padding-bottom: 20px !important;padding-left: 20px &#8230;<\/p>\n","protected":false},"author":1,"featured_media":0,"parent":0,"menu_order":0,"comment_status":"open","ping_status":"open","template":"","meta":{"ngg_post_thumbnail":0,"footnotes":""},"class_list":["post-159","page","type-page","status-publish","hentry"],"yoast_head":"<!-- This site is optimized with the Yoast SEO plugin v15.5 - https:\/\/yoast.com\/wordpress\/plugins\/seo\/ -->\n<title>Projeler - Bilmer \u0130n\u015faat<\/title>\n<meta name=\"robots\" content=\"index, follow, max-snippet:-1, max-image-preview:large, max-video-preview:-1\" \/>\n<link rel=\"canonical\" href=\"https:\/\/www.bilmerinsaat.com\/en\/projeler\/\" \/>\n<meta property=\"og:locale\" content=\"tr_TR\" \/>\n<meta property=\"og:type\" content=\"article\" \/>\n<meta property=\"og:title\" content=\"Projeler\" \/>\n<meta property=\"og:description\" content=\"[vc_row][vc_column][vc_text_separator title=&#8221;R\u00fczgar Enerji Santralleri&#8221;][\/vc_column][\/vc_row][vc_row][vc_column width=&#8221;1\/3&#8243;][vc_single_image image=&#8221;3664&#8243; img_size=&#8221;300&#215;200&#8243; alignment=&#8221;center&#8221; onclick=&#8221;custom_link&#8221; title=&#8221;\u015eile RES Projesi&#8221; link=&#8221;http:\/\/www.bilmerinsaat.com\/tr\/sile-res-projesi\/&#8221; css=&#8221;.vc_custom_1611224620351{padding-top: 20px !important;padding-right: 20px !important;padding-bottom: 20px !important;padding-left: 20px ...\" \/>\n<meta property=\"og:url\" content=\"https:\/\/www.bilmerinsaat.com\/en\/projeler\/\" \/>\n<meta property=\"og:site_name\" content=\"Bilmer \u0130n\u015faat\" \/>\n<meta property=\"article:modified_time\" content=\"2021-02-24T17:26:24+00:00\" \/>\n<meta name=\"twitter:card\" content=\"summary_large_image\" \/>\n<meta name=\"twitter:label1\" content=\"Tahmini okuma s\u00fcresi\">\n\t<meta name=\"twitter:data1\" content=\"8 dakika\">\n<script type=\"application\/ld+json\" class=\"yoast-schema-graph\">{\"@context\":\"https:\/\/schema.org\",\"@graph\":[{\"@type\":\"WebSite\",\"@id\":\"https:\/\/www.bilmerinsaat.com\/tr\/#website\",\"url\":\"https:\/\/www.bilmerinsaat.com\/tr\/\",\"name\":\"Bilmer \\u0130n\\u015faat\",\"description\":\"\",\"potentialAction\":[{\"@type\":\"SearchAction\",\"target\":\"https:\/\/www.bilmerinsaat.com\/tr\/?s={search_term_string}\",\"query-input\":\"required name=search_term_string\"}],\"inLanguage\":\"tr-TR\"},{\"@type\":\"WebPage\",\"@id\":\"https:\/\/www.bilmerinsaat.com\/en\/projeler\/#webpage\",\"url\":\"https:\/\/www.bilmerinsaat.com\/en\/projeler\/\",\"name\":\"[:tr]Projeler[:en]Project[:] - Bilmer \\u0130n\\u015faat\",\"isPartOf\":{\"@id\":\"https:\/\/www.bilmerinsaat.com\/tr\/#website\"},\"datePublished\":\"2014-04-21T20:07:51+00:00\",\"dateModified\":\"2021-02-24T17:26:24+00:00\",\"inLanguage\":\"tr-TR\",\"potentialAction\":[{\"@type\":\"ReadAction\",\"target\":[\"https:\/\/www.bilmerinsaat.com\/en\/projeler\/\"]}]}]}<\/script>\n<!-- \/ Yoast SEO plugin. -->","_links":{"self":[{"href":"https:\/\/www.bilmerinsaat.com\/tr\/wp-json\/wp\/v2\/pages\/159","targetHints":{"allow":["GET"]}}],"collection":[{"href":"https:\/\/www.bilmerinsaat.com\/tr\/wp-json\/wp\/v2\/pages"}],"about":[{"href":"https:\/\/www.bilmerinsaat.com\/tr\/wp-json\/wp\/v2\/types\/page"}],"author":[{"embeddable":true,"href":"https:\/\/www.bilmerinsaat.com\/tr\/wp-json\/wp\/v2\/users\/1"}],"replies":[{"embeddable":true,"href":"https:\/\/www.bilmerinsaat.com\/tr\/wp-json\/wp\/v2\/comments?post=159"}],"version-history":[{"count":84,"href":"https:\/\/www.bilmerinsaat.com\/tr\/wp-json\/wp\/v2\/pages\/159\/revisions"}],"predecessor-version":[{"id":3736,"href":"https:\/\/www.bilmerinsaat.com\/tr\/wp-json\/wp\/v2\/pages\/159\/revisions\/3736"}],"wp:attachment":[{"href":"https:\/\/www.bilmerinsaat.com\/tr\/wp-json\/wp\/v2\/media?parent=159"}],"curies":[{"name":"wp","href":"https:\/\/api.w.org\/{rel}","templated":true}]}}