{"id":153,"date":"2014-04-21T23:07:00","date_gmt":"2014-04-21T20:07:00","guid":{"rendered":"http:\/\/raynoserver.com\/bilmer\/?page_id=153"},"modified":"2021-01-22T11:45:12","modified_gmt":"2021-01-22T08:45:12","slug":"otel-marina-insaati","status":"publish","type":"page","link":"https:\/\/www.bilmerinsaat.com\/tr\/faliyet-alanlari\/otel-marina-insaati\/","title":{"rendered":"Otel Marina \u0130n\u015faat\u0131"},"content":{"rendered":"<table style=\"width: 750px;\">\n<thead>\n<tr>\n<th style=\"text-align: left;\" width=\"380\">Proje Ad\u0131<\/th>\n<th style=\"text-align: left;\" width=\"280\">\u0130\u015fveren<\/th>\n<\/tr>\n<\/thead>\n<tbody>\n<tr>\n<td bgcolor=\"#e8e8ea\"><strong><a href=\"http:\/\/www.bilmerinsaat.com\/projeler\/akvaryum-otel\/\">Akvaryum Otel<\/a><\/strong><\/td>\n<td bgcolor=\"#e8e8ea\">Deniz Pak Akvaryum Tur.\u0130n\u015f.\u0130\u015fl.<\/td>\n<\/tr>\n<tr>\n<td><strong><a href=\"http:\/\/www.bilmerinsaat.com\/projeler\/gocek-marina\/\">G\u00f6cek Marina ve \u00c7ekek Sahas\u0131 Kaba Yap\u0131 ve Altyap\u0131 \u0130\u015fleri<\/a><\/strong><\/td>\n<td>MTR TUR\u0130ZM A.\u015e.<\/td>\n<\/tr>\n<\/tbody>\n<\/table>\n","protected":false},"excerpt":{"rendered":"<p>Proje Ad\u0131 \u0130\u015fveren Akvaryum Otel Deniz Pak Akvaryum Tur.\u0130n\u015f.\u0130\u015fl. G\u00f6cek Marina ve \u00c7ekek Sahas\u0131 Kaba Yap\u0131 ve Altyap\u0131 \u0130\u015fleri MTR TUR\u0130ZM &#8230;<\/p>\n","protected":false},"author":1,"featured_media":0,"parent":148,"menu_order":0,"comment_status":"open","ping_status":"open","template":"","meta":{"ngg_post_thumbnail":0,"footnotes":""},"class_list":["post-153","page","type-page","status-publish","hentry"],"yoast_head":"<!-- This site is optimized with the Yoast SEO plugin v15.5 - https:\/\/yoast.com\/wordpress\/plugins\/seo\/ -->\n<title>Otel Marina \u0130n\u015faat\u0131 - Bilmer \u0130n\u015faat<\/title>\n<meta name=\"robots\" content=\"index, follow, max-snippet:-1, max-image-preview:large, max-video-preview:-1\" \/>\n<link rel=\"canonical\" href=\"https:\/\/www.bilmerinsaat.com\/tr\/faliyet-alanlari\/otel-marina-insaati\/\" \/>\n<meta property=\"og:locale\" content=\"tr_TR\" \/>\n<meta property=\"og:type\" content=\"article\" \/>\n<meta property=\"og:title\" content=\"Otel Marina \u0130n\u015faat\u0131\" \/>\n<meta property=\"og:description\" content=\"Proje Ad\u0131 \u0130\u015fveren Akvaryum Otel Deniz Pak Akvaryum Tur.\u0130n\u015f.\u0130\u015fl. G\u00f6cek Marina ve \u00c7ekek Sahas\u0131 Kaba Yap\u0131 ve Altyap\u0131 \u0130\u015fleri MTR TUR\u0130ZM ...\" \/>\n<meta property=\"og:url\" content=\"https:\/\/www.bilmerinsaat.com\/tr\/faliyet-alanlari\/otel-marina-insaati\/\" \/>\n<meta property=\"og:site_name\" content=\"Bilmer \u0130n\u015faat\" \/>\n<meta property=\"article:modified_time\" content=\"2021-01-22T08:45:12+00:00\" \/>\n<meta name=\"twitter:card\" content=\"summary_large_image\" \/>\n<meta name=\"twitter:label1\" content=\"Tahmini okuma s\u00fcresi\">\n\t<meta name=\"twitter:data1\" content=\"0 dakika\">\n<script type=\"application\/ld+json\" class=\"yoast-schema-graph\">{\"@context\":\"https:\/\/schema.org\",\"@graph\":[{\"@type\":\"WebSite\",\"@id\":\"https:\/\/www.bilmerinsaat.com\/tr\/#website\",\"url\":\"https:\/\/www.bilmerinsaat.com\/tr\/\",\"name\":\"Bilmer \\u0130n\\u015faat\",\"description\":\"\",\"potentialAction\":[{\"@type\":\"SearchAction\",\"target\":\"https:\/\/www.bilmerinsaat.com\/tr\/?s={search_term_string}\",\"query-input\":\"required name=search_term_string\"}],\"inLanguage\":\"tr-TR\"},{\"@type\":\"WebPage\",\"@id\":\"https:\/\/www.bilmerinsaat.com\/tr\/faliyet-alanlari\/otel-marina-insaati\/#webpage\",\"url\":\"https:\/\/www.bilmerinsaat.com\/tr\/faliyet-alanlari\/otel-marina-insaati\/\",\"name\":\"[:tr]Otel Marina \\u0130n\\u015faat\\u0131[:en]Hotel And Marine Construction[:] - Bilmer \\u0130n\\u015faat\",\"isPartOf\":{\"@id\":\"https:\/\/www.bilmerinsaat.com\/tr\/#website\"},\"datePublished\":\"2014-04-21T20:07:00+00:00\",\"dateModified\":\"2021-01-22T08:45:12+00:00\",\"inLanguage\":\"tr-TR\",\"potentialAction\":[{\"@type\":\"ReadAction\",\"target\":[\"https:\/\/www.bilmerinsaat.com\/tr\/faliyet-alanlari\/otel-marina-insaati\/\"]}]}]}<\/script>\n<!-- \/ Yoast SEO plugin. -->","_links":{"self":[{"href":"https:\/\/www.bilmerinsaat.com\/tr\/wp-json\/wp\/v2\/pages\/153","targetHints":{"allow":["GET"]}}],"collection":[{"href":"https:\/\/www.bilmerinsaat.com\/tr\/wp-json\/wp\/v2\/pages"}],"about":[{"href":"https:\/\/www.bilmerinsaat.com\/tr\/wp-json\/wp\/v2\/types\/page"}],"author":[{"embeddable":true,"href":"https:\/\/www.bilmerinsaat.com\/tr\/wp-json\/wp\/v2\/users\/1"}],"replies":[{"embeddable":true,"href":"https:\/\/www.bilmerinsaat.com\/tr\/wp-json\/wp\/v2\/comments?post=153"}],"version-history":[{"count":10,"href":"https:\/\/www.bilmerinsaat.com\/tr\/wp-json\/wp\/v2\/pages\/153\/revisions"}],"predecessor-version":[{"id":3680,"href":"https:\/\/www.bilmerinsaat.com\/tr\/wp-json\/wp\/v2\/pages\/153\/revisions\/3680"}],"up":[{"embeddable":true,"href":"https:\/\/www.bilmerinsaat.com\/tr\/wp-json\/wp\/v2\/pages\/148"}],"wp:attachment":[{"href":"https:\/\/www.bilmerinsaat.com\/tr\/wp-json\/wp\/v2\/media?parent=153"}],"curies":[{"name":"wp","href":"https:\/\/api.w.org\/{rel}","templated":true}]}}