{"id":143,"date":"2014-04-21T23:05:34","date_gmt":"2014-04-21T20:05:34","guid":{"rendered":"http:\/\/raynoserver.com\/bilmer\/?page_id=143"},"modified":"2020-09-28T00:32:38","modified_gmt":"2020-09-27T21:32:38","slug":"vizyon","status":"publish","type":"page","link":"https:\/\/www.bilmerinsaat.com\/tr\/kurumsal\/vizyon\/","title":{"rendered":"Vizyon"},"content":{"rendered":"<p>\u0130n\u015faat m\u00fchendisi <strong>S. Cenk BAL\u00c7IK<\/strong> taraf\u0131ndan 1995 y\u0131l\u0131nda kurulan Bilmer \u0130n\u015faat o y\u0131ldan beri aral\u0131ks\u0131z olarak\u00a0<span style=\"font-size: 14px; line-height: 1.5em;\">\u00a0<\/span><span style=\"font-size: 14px; line-height: 1.5em;\">faaliyetlerini\u00a0<\/span><span style=\"font-size: 14px; line-height: 1.5em;\">s\u00fcrd\u00fcrmektedir. Kurulu\u015fundan ba\u015flayarak a\u011f\u0131rl\u0131kl\u0131 olarak mimari tasar\u0131m projeleri ve taahh\u00fct\u00fc \u00fczerinde yo\u011funla\u015fan Bilmer \u0130n\u015faat 2006 y\u0131l\u0131ndan itibaren<\/span><strong style=\"font-size: 14px; line-height: 1.5em;\"> R\u00fczgar Elektrik Santrali<\/strong><span style=\"font-size: 14px; line-height: 1.5em;\"> projelerine a\u011f\u0131rl\u0131k vererek. Her ge\u00e7en g\u00fcn \u00e7\u0131tas\u0131n\u0131 y\u00fckselmek i\u00e7in b\u00fcy\u00fck bir gayretle \u00e7al\u0131\u015fmaktad\u0131r.<\/span><\/p>\n","protected":false},"excerpt":{"rendered":"<p>\u0130n\u015faat m\u00fchendisi S. Cenk BAL\u00c7IK taraf\u0131ndan 1995 y\u0131l\u0131nda kurulan Bilmer \u0130n\u015faat o y\u0131ldan beri aral\u0131ks\u0131z olarak\u00a0\u00a0faaliyetlerini\u00a0s\u00fcrd\u00fcrmektedir. Kurulu\u015fundan ba\u015flayarak a\u011f\u0131rl\u0131kl\u0131 olarak mimari &#8230;<\/p>\n","protected":false},"author":1,"featured_media":0,"parent":139,"menu_order":0,"comment_status":"open","ping_status":"open","template":"","meta":{"ngg_post_thumbnail":0,"footnotes":""},"class_list":["post-143","page","type-page","status-publish","hentry"],"yoast_head":"<!-- This site is optimized with the Yoast SEO plugin v15.5 - https:\/\/yoast.com\/wordpress\/plugins\/seo\/ -->\n<title>Vizyon - Bilmer \u0130n\u015faat<\/title>\n<meta name=\"robots\" content=\"index, follow, max-snippet:-1, max-image-preview:large, max-video-preview:-1\" \/>\n<link rel=\"canonical\" href=\"https:\/\/www.bilmerinsaat.com\/tr\/kurumsal\/vizyon\/\" \/>\n<meta property=\"og:locale\" content=\"tr_TR\" \/>\n<meta property=\"og:type\" content=\"article\" \/>\n<meta property=\"og:title\" content=\"Vizyon\" \/>\n<meta property=\"og:description\" content=\"\u0130n\u015faat m\u00fchendisi S. Cenk BAL\u00c7IK taraf\u0131ndan 1995 y\u0131l\u0131nda kurulan Bilmer \u0130n\u015faat o y\u0131ldan beri aral\u0131ks\u0131z olarak\u00a0\u00a0faaliyetlerini\u00a0s\u00fcrd\u00fcrmektedir. Kurulu\u015fundan ba\u015flayarak a\u011f\u0131rl\u0131kl\u0131 olarak mimari ...\" \/>\n<meta property=\"og:url\" content=\"https:\/\/www.bilmerinsaat.com\/tr\/kurumsal\/vizyon\/\" \/>\n<meta property=\"og:site_name\" content=\"Bilmer \u0130n\u015faat\" \/>\n<meta property=\"article:modified_time\" content=\"2020-09-27T21:32:38+00:00\" \/>\n<meta name=\"twitter:card\" content=\"summary_large_image\" \/>\n<meta name=\"twitter:label1\" content=\"Tahmini okuma s\u00fcresi\">\n\t<meta name=\"twitter:data1\" content=\"1 dakika\">\n<script type=\"application\/ld+json\" class=\"yoast-schema-graph\">{\"@context\":\"https:\/\/schema.org\",\"@graph\":[{\"@type\":\"WebSite\",\"@id\":\"https:\/\/www.bilmerinsaat.com\/tr\/#website\",\"url\":\"https:\/\/www.bilmerinsaat.com\/tr\/\",\"name\":\"Bilmer \\u0130n\\u015faat\",\"description\":\"\",\"potentialAction\":[{\"@type\":\"SearchAction\",\"target\":\"https:\/\/www.bilmerinsaat.com\/tr\/?s={search_term_string}\",\"query-input\":\"required name=search_term_string\"}],\"inLanguage\":\"tr-TR\"},{\"@type\":\"WebPage\",\"@id\":\"https:\/\/www.bilmerinsaat.com\/tr\/kurumsal\/vizyon\/#webpage\",\"url\":\"https:\/\/www.bilmerinsaat.com\/tr\/kurumsal\/vizyon\/\",\"name\":\"[:tr]Vizyon[:en]Vision[:] - Bilmer \\u0130n\\u015faat\",\"isPartOf\":{\"@id\":\"https:\/\/www.bilmerinsaat.com\/tr\/#website\"},\"datePublished\":\"2014-04-21T20:05:34+00:00\",\"dateModified\":\"2020-09-27T21:32:38+00:00\",\"inLanguage\":\"tr-TR\",\"potentialAction\":[{\"@type\":\"ReadAction\",\"target\":[\"https:\/\/www.bilmerinsaat.com\/tr\/kurumsal\/vizyon\/\"]}]}]}<\/script>\n<!-- \/ Yoast SEO plugin. -->","_links":{"self":[{"href":"https:\/\/www.bilmerinsaat.com\/tr\/wp-json\/wp\/v2\/pages\/143","targetHints":{"allow":["GET"]}}],"collection":[{"href":"https:\/\/www.bilmerinsaat.com\/tr\/wp-json\/wp\/v2\/pages"}],"about":[{"href":"https:\/\/www.bilmerinsaat.com\/tr\/wp-json\/wp\/v2\/types\/page"}],"author":[{"embeddable":true,"href":"https:\/\/www.bilmerinsaat.com\/tr\/wp-json\/wp\/v2\/users\/1"}],"replies":[{"embeddable":true,"href":"https:\/\/www.bilmerinsaat.com\/tr\/wp-json\/wp\/v2\/comments?post=143"}],"version-history":[{"count":6,"href":"https:\/\/www.bilmerinsaat.com\/tr\/wp-json\/wp\/v2\/pages\/143\/revisions"}],"predecessor-version":[{"id":3139,"href":"https:\/\/www.bilmerinsaat.com\/tr\/wp-json\/wp\/v2\/pages\/143\/revisions\/3139"}],"up":[{"embeddable":true,"href":"https:\/\/www.bilmerinsaat.com\/tr\/wp-json\/wp\/v2\/pages\/139"}],"wp:attachment":[{"href":"https:\/\/www.bilmerinsaat.com\/tr\/wp-json\/wp\/v2\/media?parent=143"}],"curies":[{"name":"wp","href":"https:\/\/api.w.org\/{rel}","templated":true}]}}