{"id":934,"date":"2014-05-21T12:28:03","date_gmt":"2014-05-21T09:28:03","guid":{"rendered":"http:\/\/raynoserver.com\/bilmer\/?page_id=934"},"modified":"2020-10-03T15:43:11","modified_gmt":"2020-10-03T12:43:11","slug":"ozen-motor-fuar","status":"publish","type":"page","link":"https:\/\/www.bilmerinsaat.com\/en\/projeler\/ozen-motor-fuar\/","title":{"rendered":"\u00d6zen Motor Fuar"},"content":{"rendered":"<p><a class=\"preload\" style=\"line-height: 1.5em;\" title=\"\" rel=\"prettyphoto\"><img decoding=\"async\" class=\"alignnone size-full wp-image-243\" alt=\"projedetaylari\" src=\"http:\/\/bilmerinsaat.com\/wp-content\/uploads\/2014\/04\/projedetaylari.png\" width=\"624\" srcset=\"https:\/\/www.bilmerinsaat.com\/wp-content\/uploads\/2014\/04\/projedetaylari.png 624w, https:\/\/www.bilmerinsaat.com\/wp-content\/uploads\/2014\/04\/projedetaylari-300x12.png 300w, https:\/\/www.bilmerinsaat.com\/wp-content\/uploads\/2014\/04\/projedetaylari-150x6.png 150w, https:\/\/www.bilmerinsaat.com\/wp-content\/uploads\/2014\/04\/projedetaylari-310x12.png 310w\" sizes=\"(max-width: 624px) 100vw, 624px\" \/><\/a><\/p>\n<table style=\"font-size: 11px; font-family: tahoma;\" cellspacing=\"0\" cellpadding=\"2\" width=\"624\" >\n<tbody>\n<tr>\n<td width=\"110\"><strong>Proje Ad\u0131 :<\/strong><\/td>\n<td width=\"505\">\u00d6zen Motor Fuar<\/td>\n<\/tr>\n<tr bgcolor=\"e8e8e8\">\n<td><strong>\u0130\u015fveren :<\/strong><\/td>\n<td>\u00d6ZEN MOTOR<\/td>\n<\/tr>\n<tr>\n<td><strong>\u0130\u015f Tan\u0131m\u0131 :<\/strong><\/td>\n<td>FUAR STANDI D\u00dcZENLEMES\u0130<\/td>\n<\/tr>\n<tr bgcolor=\"e8e8e8\">\n<td><strong>Yeri :<\/strong><\/td>\n<td>\u0130STANBUL<\/td>\n<\/tr>\n<tr>\n<td><strong>S\u00f6zle\u015fme Tarihi :<\/strong><\/td>\n<td>2004-03-15<\/td>\n<\/tr>\n<tr bgcolor=\"e8e8e8\">\n<td><strong>Ge\u00e7ici Kabul :<\/strong><\/td>\n<td>30.04.2004<\/td>\n<\/tr>\n<tr>\n<td><strong>Proje Durumu :<\/strong><\/td>\n<td>Tamamland\u0131<\/td>\n<\/tr>\n<\/tbody>\n<\/table>\n<p>&nbsp;<\/p>\n<table style=\"font-size: 11px; font-family: tahoma;\" cellspacing=\"0\" cellpadding=\"2\">\n<tbody>\n<tr>\n<td width=\"110\"><strong>Detaylar :<\/strong><\/td>\n<td width=\"505\"><\/td>\n<\/tr>\n<tr bgcolor=\"e8e8e8\">\n<td><\/td>\n<td><b>\u00a0<\/b><\/td>\n<\/tr>\n<\/tbody>\n<\/table>\n<p>&nbsp;<\/p>\n<p><a class=\"preload\" style=\"line-height: 1.5em;\" title=\"\" rel=\"prettyphoto\"><img decoding=\"async\" class=\"alignnone size-full wp-image-240\" alt=\"projeresimleri\" src=\"http:\/\/bilmerinsaat.com\/wp-content\/uploads\/2014\/04\/resimdetaylari.png\" width=\"624\"  \/><\/a><\/p>\n<!-- index.php -->\n<div\n\tclass=\"ngg-galleryoverview ngg-ajax-pagination-none\"\n\tid=\"ngg-gallery-82500fba6eb583f8217231bedb5c20c6-1\">\n\n    \t<div class=\"slideshowlink\">\n        <a href='https:\/\/www.bilmerinsaat.com\/en\/projeler\/ozen-motor-fuar\/nggallery\/slideshow'>[Show slideshow]<\/a>\n\t\t\n\t<\/div>\n\t\t\t<!-- Thumbnails -->\n\t\t\t\t<div id=\"ngg-image-0\" class=\"ngg-gallery-thumbnail-box\" >\n\t\t\t\t        <div class=\"ngg-gallery-thumbnail\">\n            <a href=\"https:\/\/www.bilmerinsaat.com\/wp-content\/gallery\/ozen_motor_fuar\/ozen_motor_fuar_1.jpg\"\n               title=\"\"\n               data-src=\"https:\/\/www.bilmerinsaat.com\/wp-content\/gallery\/ozen_motor_fuar\/ozen_motor_fuar_1.jpg\"\n               data-thumbnail=\"https:\/\/www.bilmerinsaat.com\/wp-content\/gallery\/ozen_motor_fuar\/thumbs\/thumbs_ozen_motor_fuar_1.jpg\"\n               data-image-id=\"221\"\n               data-title=\"ozen_motor_fuar_1\"\n               data-description=\"\"\n               data-image-slug=\"ozen_motor_fuar_1\"\n               class=\"ngg-simplelightbox\" rel=\"82500fba6eb583f8217231bedb5c20c6\">\n                <img\n                    title=\"ozen_motor_fuar_1\"\n                    alt=\"ozen_motor_fuar_1\"\n                    src=\"https:\/\/www.bilmerinsaat.com\/wp-content\/gallery\/ozen_motor_fuar\/thumbs\/thumbs_ozen_motor_fuar_1.jpg\"\n                    width=\"135\"\n                    height=\"102\"\n                    style=\"max-width:100%;\"\n                \/>\n            <\/a>\n        <\/div>\n\t\t\t\t\t\t\t<\/div> \n\t\t\t\n        \n\t\t\t\t<div id=\"ngg-image-1\" class=\"ngg-gallery-thumbnail-box\" >\n\t\t\t\t        <div class=\"ngg-gallery-thumbnail\">\n            <a href=\"https:\/\/www.bilmerinsaat.com\/wp-content\/gallery\/ozen_motor_fuar\/ozen_motor_fuar_2.jpg\"\n               title=\"\"\n               data-src=\"https:\/\/www.bilmerinsaat.com\/wp-content\/gallery\/ozen_motor_fuar\/ozen_motor_fuar_2.jpg\"\n               data-thumbnail=\"https:\/\/www.bilmerinsaat.com\/wp-content\/gallery\/ozen_motor_fuar\/thumbs\/thumbs_ozen_motor_fuar_2.jpg\"\n               data-image-id=\"222\"\n               data-title=\"ozen_motor_fuar_2\"\n               data-description=\"\"\n               data-image-slug=\"ozen_motor_fuar_2\"\n               class=\"ngg-simplelightbox\" rel=\"82500fba6eb583f8217231bedb5c20c6\">\n                <img\n                    title=\"ozen_motor_fuar_2\"\n                    alt=\"ozen_motor_fuar_2\"\n                    src=\"https:\/\/www.bilmerinsaat.com\/wp-content\/gallery\/ozen_motor_fuar\/thumbs\/thumbs_ozen_motor_fuar_2.jpg\"\n                    width=\"135\"\n                    height=\"102\"\n                    style=\"max-width:100%;\"\n                \/>\n            <\/a>\n        <\/div>\n\t\t\t\t\t\t\t<\/div> \n\t\t\t\n        \n\t\t\n\t\t<!-- Pagination -->\n\t<div class='ngg-clear'><\/div>\t<\/div>\n\n","protected":false},"excerpt":{"rendered":"<p>Proje Ad\u0131 : \u00d6zen Motor Fuar \u0130\u015fveren : \u00d6ZEN MOTOR \u0130\u015f Tan\u0131m\u0131 : FUAR STANDI D\u00dcZENLEMES\u0130 Yeri : \u0130STANBUL S\u00f6zle\u015fme Tarihi &#8230;<\/p>\n","protected":false},"author":1,"featured_media":0,"parent":159,"menu_order":0,"comment_status":"open","ping_status":"closed","template":"","meta":{"ngg_post_thumbnail":0,"footnotes":""},"class_list":["post-934","page","type-page","status-publish","hentry"],"yoast_head":"<!-- This site is optimized with the Yoast SEO plugin v15.5 - https:\/\/yoast.com\/wordpress\/plugins\/seo\/ -->\n<title>\u00d6zen Motor Fuar - Bilmer \u0130n\u015faat<\/title>\n<meta name=\"robots\" content=\"index, follow, max-snippet:-1, max-image-preview:large, max-video-preview:-1\" \/>\n<link rel=\"canonical\" href=\"https:\/\/www.bilmerinsaat.com\/en\/projeler\/ozen-motor-fuar\/\" \/>\n<meta property=\"og:locale\" content=\"en_US\" \/>\n<meta property=\"og:type\" content=\"article\" \/>\n<meta property=\"og:title\" content=\"\u00d6zen Motor Fuar\" \/>\n<meta property=\"og:description\" content=\"Proje Ad\u0131 : \u00d6zen Motor Fuar \u0130\u015fveren : \u00d6ZEN MOTOR \u0130\u015f Tan\u0131m\u0131 : FUAR STANDI D\u00dcZENLEMES\u0130 Yeri : \u0130STANBUL S\u00f6zle\u015fme Tarihi ...\" \/>\n<meta property=\"og:url\" content=\"https:\/\/www.bilmerinsaat.com\/en\/projeler\/ozen-motor-fuar\/\" \/>\n<meta property=\"og:site_name\" content=\"Bilmer \u0130n\u015faat\" \/>\n<meta property=\"article:modified_time\" content=\"2020-10-03T12:43:11+00:00\" \/>\n<meta property=\"og:image\" content=\"http:\/\/bilmerinsaat.com\/wp-content\/uploads\/2014\/04\/projedetaylari.png\" \/>\n<meta name=\"twitter:card\" content=\"summary_large_image\" \/>\n<meta name=\"twitter:label1\" content=\"Est. reading time\">\n\t<meta name=\"twitter:data1\" content=\"0 minutes\">\n<script type=\"application\/ld+json\" class=\"yoast-schema-graph\">{\"@context\":\"https:\/\/schema.org\",\"@graph\":[{\"@type\":\"WebSite\",\"@id\":\"https:\/\/www.bilmerinsaat.com\/tr\/#website\",\"url\":\"https:\/\/www.bilmerinsaat.com\/tr\/\",\"name\":\"Bilmer \\u0130n\\u015faat\",\"description\":\"\",\"potentialAction\":[{\"@type\":\"SearchAction\",\"target\":\"https:\/\/www.bilmerinsaat.com\/tr\/?s={search_term_string}\",\"query-input\":\"required name=search_term_string\"}],\"inLanguage\":\"en-US\"},{\"@type\":\"ImageObject\",\"@id\":\"https:\/\/www.bilmerinsaat.com\/en\/projeler\/ozen-motor-fuar\/#primaryimage\",\"inLanguage\":\"en-US\",\"url\":\"http:\/\/bilmerinsaat.com\/wp-content\/uploads\/2014\/04\/projedetaylari.png\"},{\"@type\":\"WebPage\",\"@id\":\"https:\/\/www.bilmerinsaat.com\/en\/projeler\/ozen-motor-fuar\/#webpage\",\"url\":\"https:\/\/www.bilmerinsaat.com\/en\/projeler\/ozen-motor-fuar\/\",\"name\":\"[:tr]\\u00d6zen Motor Fuar[:] - Bilmer \\u0130n\\u015faat\",\"isPartOf\":{\"@id\":\"https:\/\/www.bilmerinsaat.com\/tr\/#website\"},\"primaryImageOfPage\":{\"@id\":\"https:\/\/www.bilmerinsaat.com\/en\/projeler\/ozen-motor-fuar\/#primaryimage\"},\"datePublished\":\"2014-05-21T09:28:03+00:00\",\"dateModified\":\"2020-10-03T12:43:11+00:00\",\"inLanguage\":\"en-US\",\"potentialAction\":[{\"@type\":\"ReadAction\",\"target\":[\"https:\/\/www.bilmerinsaat.com\/en\/projeler\/ozen-motor-fuar\/\"]}]}]}<\/script>\n<!-- \/ Yoast SEO plugin. -->","_links":{"self":[{"href":"https:\/\/www.bilmerinsaat.com\/en\/wp-json\/wp\/v2\/pages\/934","targetHints":{"allow":["GET"]}}],"collection":[{"href":"https:\/\/www.bilmerinsaat.com\/en\/wp-json\/wp\/v2\/pages"}],"about":[{"href":"https:\/\/www.bilmerinsaat.com\/en\/wp-json\/wp\/v2\/types\/page"}],"author":[{"embeddable":true,"href":"https:\/\/www.bilmerinsaat.com\/en\/wp-json\/wp\/v2\/users\/1"}],"replies":[{"embeddable":true,"href":"https:\/\/www.bilmerinsaat.com\/en\/wp-json\/wp\/v2\/comments?post=934"}],"version-history":[{"count":3,"href":"https:\/\/www.bilmerinsaat.com\/en\/wp-json\/wp\/v2\/pages\/934\/revisions"}],"predecessor-version":[{"id":3276,"href":"https:\/\/www.bilmerinsaat.com\/en\/wp-json\/wp\/v2\/pages\/934\/revisions\/3276"}],"up":[{"embeddable":true,"href":"https:\/\/www.bilmerinsaat.com\/en\/wp-json\/wp\/v2\/pages\/159"}],"wp:attachment":[{"href":"https:\/\/www.bilmerinsaat.com\/en\/wp-json\/wp\/v2\/media?parent=934"}],"curies":[{"name":"wp","href":"https:\/\/api.w.org\/{rel}","templated":true}]}}