{"id":917,"date":"2014-05-21T11:32:29","date_gmt":"2014-05-21T08:32:29","guid":{"rendered":"http:\/\/raynoserver.com\/bilmer\/?page_id=917"},"modified":"2021-01-20T15:42:52","modified_gmt":"2021-01-20T12:42:52","slug":"bosch-fabrika-binasi-cati-sistemleri","status":"publish","type":"page","link":"https:\/\/www.bilmerinsaat.com\/en\/projeler\/bosch-fabrika-binasi-cati-sistemleri\/","title":{"rendered":"BOSCH Factory Building Roof"},"content":{"rendered":"<p>[vc_row][vc_column width=&#8221;1\/3&#8243;][vc_single_image image=&#8221;3512&#8243; img_size=&#8221;full&#8221;][\/vc_column][vc_column width=&#8221;2\/3&#8243;][vc_column_text]<a class=\"preload\" style=\"line-height: 1.5em;\" title=\"\" rel=\"prettyphoto\"><img decoding=\"async\" class=\"alignnone size-full wp-image-243\" src=\"http:\/\/www.bilmerinsaat.com\/wp-content\/uploads\/2021\/01\/EN_PROJECT_DETAILS_TOP_IMAGE.png\" alt=\"projedetaylari\" width=\"624\"><\/a><\/p>\n<table style=\"font-size: 11px; font-family: tahoma; width: 100%;\" cellspacing=\"0\" cellpadding=\"2\">\n<tbody>\n<tr>\n<td width=\"210\"><strong>Project Name :<\/strong><\/td>\n<td width=\"505\">BOSCH Factory Building Roof System Consruction<\/td>\n<td>&nbsp;<\/td>\n<\/tr>\n<tr bgcolor=\"e8e8e8\">\n<td><strong>Employer :<\/strong><\/td>\n<td>\u00dcSTAY-BARAN AD\u0130 ORTAKLI\u011eI<\/td>\n<\/tr>\n<tr>\n<td><strong>Name of Business :<\/strong><\/td>\n<td>25.000 m2 Skylight Roof and 44 Smoke Chimneys Construction Works of Bhs Bosch Factory.<\/td>\n<\/tr>\n<tr bgcolor=\"e8e8e8\">\n<td><strong>Location :<\/strong><\/td>\n<td>\u00c7erkezk\u00f6y \/ TEK\u0130RDA\u011e<\/td>\n<\/tr>\n<tr>\n<td><strong>Date of Contract :<\/strong><\/td>\n<td>2005-11-03<\/td>\n<\/tr>\n<tr bgcolor=\"e8e8e8\">\n<td><strong>Date of Temporary Approve :<\/strong><\/td>\n<td>2006-03-16<\/td>\n<\/tr>\n<tr>\n<td><strong>Project Status :<\/strong><\/td>\n<td>Completed<\/td>\n<\/tr>\n<\/tbody>\n<\/table>\n<p>&nbsp;<\/p>\n<p><a class=\"preload\" style=\"line-height: 1.5em;\" title=\"\" rel=\"prettyphoto\"><img decoding=\"async\" class=\"alignnone size-full wp-image-240\" src=\"http:\/\/www.bilmerinsaat.com\/wp-content\/uploads\/2021\/01\/EN_PROJECT_PICTURES_TOP_IMAGE.png\" alt=\"projeresimleri\" width=\"624\"><\/a><\/p>\n<div style=\"width: 100%;\"><!-- index.php -->\n<div\n\tclass=\"ngg-galleryoverview ngg-ajax-pagination-none\"\n\tid=\"ngg-gallery-99129acb41e5135e874f32204a769bde-1\">\n\n    \t<div class=\"slideshowlink\">\n        <a href='https:\/\/www.bilmerinsaat.com\/en\/projeler\/bosch-fabrika-binasi-cati-sistemleri\/nggallery\/slideshow'>[Show slideshow]<\/a>\n\t\t\n\t<\/div>\n\t\t\t<!-- Thumbnails -->\n\t\t\t\t<div id=\"ngg-image-0\" class=\"ngg-gallery-thumbnail-box\" >\n\t\t\t\t        <div class=\"ngg-gallery-thumbnail\">\n            <a href=\"https:\/\/www.bilmerinsaat.com\/wp-content\/gallery\/bosch_fabrika_binasi_cati_sistemleri\/bosch_fabrika_binasi_cati_sistemleri_insaati_1.jpg\"\n               title=\"\"\n               data-src=\"https:\/\/www.bilmerinsaat.com\/wp-content\/gallery\/bosch_fabrika_binasi_cati_sistemleri\/bosch_fabrika_binasi_cati_sistemleri_insaati_1.jpg\"\n               data-thumbnail=\"https:\/\/www.bilmerinsaat.com\/wp-content\/gallery\/bosch_fabrika_binasi_cati_sistemleri\/thumbs\/thumbs_bosch_fabrika_binasi_cati_sistemleri_insaati_1.jpg\"\n               data-image-id=\"73\"\n               data-title=\"bosch_fabrika_binasi_cati_sistemleri_insaati_1\"\n               data-description=\"\"\n               data-image-slug=\"bosch_fabrika_binasi_cati_sistemleri_insaati_1\"\n               class=\"ngg-simplelightbox\" rel=\"99129acb41e5135e874f32204a769bde\">\n                <img\n                    title=\"bosch_fabrika_binasi_cati_sistemleri_insaati_1\"\n                    alt=\"bosch_fabrika_binasi_cati_sistemleri_insaati_1\"\n                    src=\"https:\/\/www.bilmerinsaat.com\/wp-content\/gallery\/bosch_fabrika_binasi_cati_sistemleri\/thumbs\/thumbs_bosch_fabrika_binasi_cati_sistemleri_insaati_1.jpg\"\n                    width=\"135\"\n                    height=\"102\"\n                    style=\"max-width:100%;\"\n                \/>\n            <\/a>\n        <\/div>\n\t\t\t\t\t\t\t<\/div> \n\t\t\t\n        \n\t\t\t\t<div id=\"ngg-image-1\" class=\"ngg-gallery-thumbnail-box\" >\n\t\t\t\t        <div class=\"ngg-gallery-thumbnail\">\n            <a href=\"https:\/\/www.bilmerinsaat.com\/wp-content\/gallery\/bosch_fabrika_binasi_cati_sistemleri\/bosch_fabrika_binasi_cati_sistemleri_insaati_2.jpg\"\n               title=\"\"\n               data-src=\"https:\/\/www.bilmerinsaat.com\/wp-content\/gallery\/bosch_fabrika_binasi_cati_sistemleri\/bosch_fabrika_binasi_cati_sistemleri_insaati_2.jpg\"\n               data-thumbnail=\"https:\/\/www.bilmerinsaat.com\/wp-content\/gallery\/bosch_fabrika_binasi_cati_sistemleri\/thumbs\/thumbs_bosch_fabrika_binasi_cati_sistemleri_insaati_2.jpg\"\n               data-image-id=\"74\"\n               data-title=\"bosch_fabrika_binasi_cati_sistemleri_insaati_2\"\n               data-description=\"\"\n               data-image-slug=\"bosch_fabrika_binasi_cati_sistemleri_insaati_2\"\n               class=\"ngg-simplelightbox\" rel=\"99129acb41e5135e874f32204a769bde\">\n                <img\n                    title=\"bosch_fabrika_binasi_cati_sistemleri_insaati_2\"\n                    alt=\"bosch_fabrika_binasi_cati_sistemleri_insaati_2\"\n                    src=\"https:\/\/www.bilmerinsaat.com\/wp-content\/gallery\/bosch_fabrika_binasi_cati_sistemleri\/thumbs\/thumbs_bosch_fabrika_binasi_cati_sistemleri_insaati_2.jpg\"\n                    width=\"135\"\n                    height=\"102\"\n                    style=\"max-width:100%;\"\n                \/>\n            <\/a>\n        <\/div>\n\t\t\t\t\t\t\t<\/div> \n\t\t\t\n        \n\t\t\t\t<div id=\"ngg-image-2\" class=\"ngg-gallery-thumbnail-box\" >\n\t\t\t\t        <div class=\"ngg-gallery-thumbnail\">\n            <a href=\"https:\/\/www.bilmerinsaat.com\/wp-content\/gallery\/bosch_fabrika_binasi_cati_sistemleri\/bosch_fabrika_binasi_cati_sistemleri_insaati_3.jpg\"\n               title=\"\"\n               data-src=\"https:\/\/www.bilmerinsaat.com\/wp-content\/gallery\/bosch_fabrika_binasi_cati_sistemleri\/bosch_fabrika_binasi_cati_sistemleri_insaati_3.jpg\"\n               data-thumbnail=\"https:\/\/www.bilmerinsaat.com\/wp-content\/gallery\/bosch_fabrika_binasi_cati_sistemleri\/thumbs\/thumbs_bosch_fabrika_binasi_cati_sistemleri_insaati_3.jpg\"\n               data-image-id=\"75\"\n               data-title=\"bosch_fabrika_binasi_cati_sistemleri_insaati_3\"\n               data-description=\"\"\n               data-image-slug=\"bosch_fabrika_binasi_cati_sistemleri_insaati_3\"\n               class=\"ngg-simplelightbox\" rel=\"99129acb41e5135e874f32204a769bde\">\n                <img\n                    title=\"bosch_fabrika_binasi_cati_sistemleri_insaati_3\"\n                    alt=\"bosch_fabrika_binasi_cati_sistemleri_insaati_3\"\n                    src=\"https:\/\/www.bilmerinsaat.com\/wp-content\/gallery\/bosch_fabrika_binasi_cati_sistemleri\/thumbs\/thumbs_bosch_fabrika_binasi_cati_sistemleri_insaati_3.jpg\"\n                    width=\"135\"\n                    height=\"102\"\n                    style=\"max-width:100%;\"\n                \/>\n            <\/a>\n        <\/div>\n\t\t\t\t\t\t\t<\/div> \n\t\t\t\n        \n\t\t\t\t<div id=\"ngg-image-3\" class=\"ngg-gallery-thumbnail-box\" >\n\t\t\t\t        <div class=\"ngg-gallery-thumbnail\">\n            <a href=\"https:\/\/www.bilmerinsaat.com\/wp-content\/gallery\/bosch_fabrika_binasi_cati_sistemleri\/bosch_fabrika_binasi_cati_sistemleri_insaati_4.jpg\"\n               title=\"\"\n               data-src=\"https:\/\/www.bilmerinsaat.com\/wp-content\/gallery\/bosch_fabrika_binasi_cati_sistemleri\/bosch_fabrika_binasi_cati_sistemleri_insaati_4.jpg\"\n               data-thumbnail=\"https:\/\/www.bilmerinsaat.com\/wp-content\/gallery\/bosch_fabrika_binasi_cati_sistemleri\/thumbs\/thumbs_bosch_fabrika_binasi_cati_sistemleri_insaati_4.jpg\"\n               data-image-id=\"76\"\n               data-title=\"bosch_fabrika_binasi_cati_sistemleri_insaati_4\"\n               data-description=\"\"\n               data-image-slug=\"bosch_fabrika_binasi_cati_sistemleri_insaati_4\"\n               class=\"ngg-simplelightbox\" rel=\"99129acb41e5135e874f32204a769bde\">\n                <img\n                    title=\"bosch_fabrika_binasi_cati_sistemleri_insaati_4\"\n                    alt=\"bosch_fabrika_binasi_cati_sistemleri_insaati_4\"\n                    src=\"https:\/\/www.bilmerinsaat.com\/wp-content\/gallery\/bosch_fabrika_binasi_cati_sistemleri\/thumbs\/thumbs_bosch_fabrika_binasi_cati_sistemleri_insaati_4.jpg\"\n                    width=\"135\"\n                    height=\"102\"\n                    style=\"max-width:100%;\"\n                \/>\n            <\/a>\n        <\/div>\n\t\t\t\t\t\t\t<\/div> \n\t\t\t\n        \n\t\t\n\t\t<!-- Pagination -->\n\t<div class='ngg-clear'><\/div>\t<\/div>\n<\/div>\n<p>[\/vc_column_text][\/vc_column][\/vc_row]<\/p>\n","protected":false},"excerpt":{"rendered":"<p>[vc_row][vc_column width=&#8221;1\/3&#8243;][vc_single_image image=&#8221;3512&#8243; img_size=&#8221;full&#8221;][\/vc_column][vc_column width=&#8221;2\/3&#8243;][vc_column_text] Project Name : BOSCH Factory Building Roof System Consruction &nbsp; Employer : \u00dcSTAY-BARAN AD\u0130 ORTAKLI\u011eI Name &#8230;<\/p>\n","protected":false},"author":1,"featured_media":0,"parent":159,"menu_order":0,"comment_status":"open","ping_status":"closed","template":"","meta":{"ngg_post_thumbnail":0,"footnotes":""},"class_list":["post-917","page","type-page","status-publish","hentry"],"yoast_head":"<!-- This site is optimized with the Yoast SEO plugin v15.5 - https:\/\/yoast.com\/wordpress\/plugins\/seo\/ -->\n<title>BOSCH Factory Building Roof - Bilmer \u0130n\u015faat<\/title>\n<meta name=\"robots\" content=\"index, follow, max-snippet:-1, max-image-preview:large, max-video-preview:-1\" \/>\n<link rel=\"canonical\" href=\"https:\/\/www.bilmerinsaat.com\/en\/projeler\/bosch-fabrika-binasi-cati-sistemleri\/\" \/>\n<meta property=\"og:locale\" content=\"en_US\" \/>\n<meta property=\"og:type\" content=\"article\" \/>\n<meta property=\"og:title\" content=\"BOSCH Factory Building Roof\" \/>\n<meta property=\"og:description\" content=\"[vc_row][vc_column width=&#8221;1\/3&#8243;][vc_single_image image=&#8221;3512&#8243; img_size=&#8221;full&#8221;][\/vc_column][vc_column width=&#8221;2\/3&#8243;][vc_column_text] Project Name : BOSCH Factory Building Roof System Consruction &nbsp; Employer : \u00dcSTAY-BARAN AD\u0130 ORTAKLI\u011eI Name ...\" \/>\n<meta property=\"og:url\" content=\"https:\/\/www.bilmerinsaat.com\/en\/projeler\/bosch-fabrika-binasi-cati-sistemleri\/\" \/>\n<meta property=\"og:site_name\" content=\"Bilmer \u0130n\u015faat\" \/>\n<meta property=\"article:modified_time\" content=\"2021-01-20T12:42:52+00:00\" \/>\n<meta property=\"og:image\" content=\"http:\/\/bilmerinsaat.com\/wp-content\/uploads\/2014\/04\/projedetaylari.png\" \/>\n<meta name=\"twitter:card\" content=\"summary_large_image\" \/>\n<meta name=\"twitter:label1\" content=\"Est. reading time\">\n\t<meta name=\"twitter:data1\" content=\"1 minutes\">\n<script type=\"application\/ld+json\" class=\"yoast-schema-graph\">{\"@context\":\"https:\/\/schema.org\",\"@graph\":[{\"@type\":\"WebSite\",\"@id\":\"https:\/\/www.bilmerinsaat.com\/tr\/#website\",\"url\":\"https:\/\/www.bilmerinsaat.com\/tr\/\",\"name\":\"Bilmer \\u0130n\\u015faat\",\"description\":\"\",\"potentialAction\":[{\"@type\":\"SearchAction\",\"target\":\"https:\/\/www.bilmerinsaat.com\/tr\/?s={search_term_string}\",\"query-input\":\"required name=search_term_string\"}],\"inLanguage\":\"en-US\"},{\"@type\":\"ImageObject\",\"@id\":\"https:\/\/www.bilmerinsaat.com\/en\/projeler\/bosch-fabrika-binasi-cati-sistemleri\/#primaryimage\",\"inLanguage\":\"en-US\",\"url\":\"http:\/\/bilmerinsaat.com\/wp-content\/uploads\/2014\/04\/projedetaylari.png\"},{\"@type\":\"WebPage\",\"@id\":\"https:\/\/www.bilmerinsaat.com\/en\/projeler\/bosch-fabrika-binasi-cati-sistemleri\/#webpage\",\"url\":\"https:\/\/www.bilmerinsaat.com\/en\/projeler\/bosch-fabrika-binasi-cati-sistemleri\/\",\"name\":\"[:tr]BOSCH Fabrika Binas\\u0131 \\u00c7at\\u0131 Sistemleri[:en]BOSCH Factory Building Roof[:] - Bilmer \\u0130n\\u015faat\",\"isPartOf\":{\"@id\":\"https:\/\/www.bilmerinsaat.com\/tr\/#website\"},\"primaryImageOfPage\":{\"@id\":\"https:\/\/www.bilmerinsaat.com\/en\/projeler\/bosch-fabrika-binasi-cati-sistemleri\/#primaryimage\"},\"datePublished\":\"2014-05-21T08:32:29+00:00\",\"dateModified\":\"2021-01-20T12:42:52+00:00\",\"inLanguage\":\"en-US\",\"potentialAction\":[{\"@type\":\"ReadAction\",\"target\":[\"https:\/\/www.bilmerinsaat.com\/en\/projeler\/bosch-fabrika-binasi-cati-sistemleri\/\"]}]}]}<\/script>\n<!-- \/ Yoast SEO plugin. -->","_links":{"self":[{"href":"https:\/\/www.bilmerinsaat.com\/en\/wp-json\/wp\/v2\/pages\/917","targetHints":{"allow":["GET"]}}],"collection":[{"href":"https:\/\/www.bilmerinsaat.com\/en\/wp-json\/wp\/v2\/pages"}],"about":[{"href":"https:\/\/www.bilmerinsaat.com\/en\/wp-json\/wp\/v2\/types\/page"}],"author":[{"embeddable":true,"href":"https:\/\/www.bilmerinsaat.com\/en\/wp-json\/wp\/v2\/users\/1"}],"replies":[{"embeddable":true,"href":"https:\/\/www.bilmerinsaat.com\/en\/wp-json\/wp\/v2\/comments?post=917"}],"version-history":[{"count":6,"href":"https:\/\/www.bilmerinsaat.com\/en\/wp-json\/wp\/v2\/pages\/917\/revisions"}],"predecessor-version":[{"id":3516,"href":"https:\/\/www.bilmerinsaat.com\/en\/wp-json\/wp\/v2\/pages\/917\/revisions\/3516"}],"up":[{"embeddable":true,"href":"https:\/\/www.bilmerinsaat.com\/en\/wp-json\/wp\/v2\/pages\/159"}],"wp:attachment":[{"href":"https:\/\/www.bilmerinsaat.com\/en\/wp-json\/wp\/v2\/media?parent=917"}],"curies":[{"name":"wp","href":"https:\/\/api.w.org\/{rel}","templated":true}]}}