{"id":883,"date":"2014-05-21T10:43:50","date_gmt":"2014-05-21T07:43:50","guid":{"rendered":"http:\/\/raynoserver.com\/bilmer\/?page_id=883"},"modified":"2020-10-03T03:55:08","modified_gmt":"2020-10-03T00:55:08","slug":"akvaryum-otel","status":"publish","type":"page","link":"https:\/\/www.bilmerinsaat.com\/en\/akvaryum-otel\/","title":{"rendered":"Akvaryum Hotel"},"content":{"rendered":"<p><a class=\"preload\" style=\"line-height: 1.5em;\" title=\"\" rel=\"prettyphoto\"><img loading=\"lazy\" decoding=\"async\" class=\"alignnone size-full wp-image-243\" alt=\"projedetaylari\" src=\"http:\/\/bilmerinsaat.com\/wp-content\/uploads\/2014\/04\/projedetaylarieng.png\" width=\"624\" height=\"25\" \/><\/a><\/p>\n<table style=\"font-size: 11px; font-family: tahoma;\" cellspacing=\"0\" cellpadding=\"2\" width=\"624\">\n<tbody>\n<tr>\n<td width=\"200\"><strong>Project :<\/strong><\/td>\n<td width=\"450\">Akvaryum Hotel<\/td>\n<\/tr>\n<tr bgcolor=\"e8e8e8\">\n<td><strong>Employer :<\/strong><\/td>\n<td>Deniz Pak Akvaryum Tur.\u0130n\u015f.\u0130\u015fl.<\/td>\n<\/tr>\n<tr>\n<td><strong>Job Description :<\/strong><\/td>\n<td>Building Consruction works Related to Deniz Pak Aquarium ( Akvaryum) Hotel<\/td>\n<\/tr>\n<tr bgcolor=\"e8e8e8\">\n<td><strong>Location :<\/strong><\/td>\n<td>BOZCAADA \/ \u00c7ANAKKALE<\/td>\n<\/tr>\n<tr>\n<td><strong>Contract Date :<\/strong><\/td>\n<td>26-06-2008<\/td>\n<\/tr>\n<tr bgcolor=\"e8e8e8\">\n<td><strong>Provisional Acceptance\u00a0:<\/strong><\/td>\n<td><\/td>\n<\/tr>\n<tr>\n<td><strong>Project Status\u00a0:<\/strong><\/td>\n<td>Finished<\/td>\n<\/tr>\n<\/tbody>\n<\/table>\n<p>&nbsp;<\/p>\n<table style=\"font-size: 11px; font-family: tahoma;\" cellspacing=\"0\" cellpadding=\"2\">\n<tbody>\n<tr>\n<td width=\"110\"><strong>Specifications\u00a0:<\/strong><\/td>\n<td width=\"505\"><\/td>\n<\/tr>\n<tr bgcolor=\"e8e8e8\">\n<td><\/td>\n<td>&nbsp;<\/td>\n<\/tr>\n<\/tbody>\n<\/table>\n<p>&nbsp;<\/p>\n<p><a class=\"preload\" style=\"line-height: 1.5em;\" title=\"\" rel=\"prettyphoto\"><img loading=\"lazy\" decoding=\"async\" class=\"alignnone size-full wp-image-240\" alt=\"projeresimleri\" src=\"http:\/\/bilmerinsaat.com\/wp-content\/uploads\/2014\/04\/resimdetaylarieng.png\" width=\"624\" height=\"25\" \/><\/a><\/p>\n<!-- index.php -->\n<div\n\tclass=\"ngg-galleryoverview ngg-ajax-pagination-none\"\n\tid=\"ngg-gallery-ac330bb19245d6bd7c7f705eacaa3960-1\">\n\n    \t<div class=\"slideshowlink\">\n        <a href='https:\/\/www.bilmerinsaat.com\/en\/akvaryum-otel\/nggallery\/slideshow'>[Show slideshow]<\/a>\n\t\t\n\t<\/div>\n\t\t\t<!-- Thumbnails -->\n\t\t\t\t<div id=\"ngg-image-0\" class=\"ngg-gallery-thumbnail-box\" >\n\t\t\t\t        <div class=\"ngg-gallery-thumbnail\">\n            <a href=\"https:\/\/www.bilmerinsaat.com\/wp-content\/gallery\/akvaryum_otel\/akvaryum_otel_1.jpg\"\n               title=\"\"\n               data-src=\"https:\/\/www.bilmerinsaat.com\/wp-content\/gallery\/akvaryum_otel\/akvaryum_otel_1.jpg\"\n               data-thumbnail=\"https:\/\/www.bilmerinsaat.com\/wp-content\/gallery\/akvaryum_otel\/thumbs\/thumbs_akvaryum_otel_1.jpg\"\n               data-image-id=\"53\"\n               data-title=\"akvaryum_otel_1\"\n               data-description=\"\"\n               data-image-slug=\"akvaryum_otel_1\"\n               class=\"ngg-simplelightbox\" rel=\"ac330bb19245d6bd7c7f705eacaa3960\">\n                <img\n                    title=\"akvaryum_otel_1\"\n                    alt=\"akvaryum_otel_1\"\n                    src=\"https:\/\/www.bilmerinsaat.com\/wp-content\/gallery\/akvaryum_otel\/thumbs\/thumbs_akvaryum_otel_1.jpg\"\n                    width=\"135\"\n                    height=\"102\"\n                    style=\"max-width:100%;\"\n                \/>\n            <\/a>\n        <\/div>\n\t\t\t\t\t\t\t<\/div> \n\t\t\t\n        \n\t\t\t\t<div id=\"ngg-image-1\" class=\"ngg-gallery-thumbnail-box\" >\n\t\t\t\t        <div class=\"ngg-gallery-thumbnail\">\n            <a href=\"https:\/\/www.bilmerinsaat.com\/wp-content\/gallery\/akvaryum_otel\/akvaryum_otel_2.jpg\"\n               title=\"\"\n               data-src=\"https:\/\/www.bilmerinsaat.com\/wp-content\/gallery\/akvaryum_otel\/akvaryum_otel_2.jpg\"\n               data-thumbnail=\"https:\/\/www.bilmerinsaat.com\/wp-content\/gallery\/akvaryum_otel\/thumbs\/thumbs_akvaryum_otel_2.jpg\"\n               data-image-id=\"54\"\n               data-title=\"akvaryum_otel_2\"\n               data-description=\"\"\n               data-image-slug=\"akvaryum_otel_2\"\n               class=\"ngg-simplelightbox\" rel=\"ac330bb19245d6bd7c7f705eacaa3960\">\n                <img\n                    title=\"akvaryum_otel_2\"\n                    alt=\"akvaryum_otel_2\"\n                    src=\"https:\/\/www.bilmerinsaat.com\/wp-content\/gallery\/akvaryum_otel\/thumbs\/thumbs_akvaryum_otel_2.jpg\"\n                    width=\"135\"\n                    height=\"102\"\n                    style=\"max-width:100%;\"\n                \/>\n            <\/a>\n        <\/div>\n\t\t\t\t\t\t\t<\/div> \n\t\t\t\n        \n\t\t\t\t<div id=\"ngg-image-2\" class=\"ngg-gallery-thumbnail-box\" >\n\t\t\t\t        <div class=\"ngg-gallery-thumbnail\">\n            <a href=\"https:\/\/www.bilmerinsaat.com\/wp-content\/gallery\/akvaryum_otel\/akvaryum_otel_3.jpg\"\n               title=\"\"\n               data-src=\"https:\/\/www.bilmerinsaat.com\/wp-content\/gallery\/akvaryum_otel\/akvaryum_otel_3.jpg\"\n               data-thumbnail=\"https:\/\/www.bilmerinsaat.com\/wp-content\/gallery\/akvaryum_otel\/thumbs\/thumbs_akvaryum_otel_3.jpg\"\n               data-image-id=\"55\"\n               data-title=\"akvaryum_otel_3\"\n               data-description=\"\"\n               data-image-slug=\"akvaryum_otel_3\"\n               class=\"ngg-simplelightbox\" rel=\"ac330bb19245d6bd7c7f705eacaa3960\">\n                <img\n                    title=\"akvaryum_otel_3\"\n                    alt=\"akvaryum_otel_3\"\n                    src=\"https:\/\/www.bilmerinsaat.com\/wp-content\/gallery\/akvaryum_otel\/thumbs\/thumbs_akvaryum_otel_3.jpg\"\n                    width=\"135\"\n                    height=\"102\"\n                    style=\"max-width:100%;\"\n                \/>\n            <\/a>\n        <\/div>\n\t\t\t\t\t\t\t<\/div> \n\t\t\t\n        \n\t\t\t\t<div id=\"ngg-image-3\" class=\"ngg-gallery-thumbnail-box\" >\n\t\t\t\t        <div class=\"ngg-gallery-thumbnail\">\n            <a href=\"https:\/\/www.bilmerinsaat.com\/wp-content\/gallery\/akvaryum_otel\/akvaryum_otel_4.jpg\"\n               title=\"\"\n               data-src=\"https:\/\/www.bilmerinsaat.com\/wp-content\/gallery\/akvaryum_otel\/akvaryum_otel_4.jpg\"\n               data-thumbnail=\"https:\/\/www.bilmerinsaat.com\/wp-content\/gallery\/akvaryum_otel\/thumbs\/thumbs_akvaryum_otel_4.jpg\"\n               data-image-id=\"56\"\n               data-title=\"akvaryum_otel_4\"\n               data-description=\"\"\n               data-image-slug=\"akvaryum_otel_4\"\n               class=\"ngg-simplelightbox\" rel=\"ac330bb19245d6bd7c7f705eacaa3960\">\n                <img\n                    title=\"akvaryum_otel_4\"\n                    alt=\"akvaryum_otel_4\"\n                    src=\"https:\/\/www.bilmerinsaat.com\/wp-content\/gallery\/akvaryum_otel\/thumbs\/thumbs_akvaryum_otel_4.jpg\"\n                    width=\"135\"\n                    height=\"102\"\n                    style=\"max-width:100%;\"\n                \/>\n            <\/a>\n        <\/div>\n\t\t\t\t\t\t\t<\/div> \n\t\t\t\n        \n\t\t\t\t<div id=\"ngg-image-4\" class=\"ngg-gallery-thumbnail-box\" >\n\t\t\t\t        <div class=\"ngg-gallery-thumbnail\">\n            <a href=\"https:\/\/www.bilmerinsaat.com\/wp-content\/gallery\/akvaryum_otel\/akvaryum_otel_5.jpg\"\n               title=\"\"\n               data-src=\"https:\/\/www.bilmerinsaat.com\/wp-content\/gallery\/akvaryum_otel\/akvaryum_otel_5.jpg\"\n               data-thumbnail=\"https:\/\/www.bilmerinsaat.com\/wp-content\/gallery\/akvaryum_otel\/thumbs\/thumbs_akvaryum_otel_5.jpg\"\n               data-image-id=\"57\"\n               data-title=\"akvaryum_otel_5\"\n               data-description=\"\"\n               data-image-slug=\"akvaryum_otel_5\"\n               class=\"ngg-simplelightbox\" rel=\"ac330bb19245d6bd7c7f705eacaa3960\">\n                <img\n                    title=\"akvaryum_otel_5\"\n                    alt=\"akvaryum_otel_5\"\n                    src=\"https:\/\/www.bilmerinsaat.com\/wp-content\/gallery\/akvaryum_otel\/thumbs\/thumbs_akvaryum_otel_5.jpg\"\n                    width=\"135\"\n                    height=\"102\"\n                    style=\"max-width:100%;\"\n                \/>\n            <\/a>\n        <\/div>\n\t\t\t\t\t\t\t<\/div> \n\t\t\t\n        \n\t\t\t\t<div id=\"ngg-image-5\" class=\"ngg-gallery-thumbnail-box\" >\n\t\t\t\t        <div class=\"ngg-gallery-thumbnail\">\n            <a href=\"https:\/\/www.bilmerinsaat.com\/wp-content\/gallery\/akvaryum_otel\/akvaryum_otel_6.jpg\"\n               title=\"\"\n               data-src=\"https:\/\/www.bilmerinsaat.com\/wp-content\/gallery\/akvaryum_otel\/akvaryum_otel_6.jpg\"\n               data-thumbnail=\"https:\/\/www.bilmerinsaat.com\/wp-content\/gallery\/akvaryum_otel\/thumbs\/thumbs_akvaryum_otel_6.jpg\"\n               data-image-id=\"58\"\n               data-title=\"akvaryum_otel_6\"\n               data-description=\"\"\n               data-image-slug=\"akvaryum_otel_6\"\n               class=\"ngg-simplelightbox\" rel=\"ac330bb19245d6bd7c7f705eacaa3960\">\n                <img\n                    title=\"akvaryum_otel_6\"\n                    alt=\"akvaryum_otel_6\"\n                    src=\"https:\/\/www.bilmerinsaat.com\/wp-content\/gallery\/akvaryum_otel\/thumbs\/thumbs_akvaryum_otel_6.jpg\"\n                    width=\"135\"\n                    height=\"102\"\n                    style=\"max-width:100%;\"\n                \/>\n            <\/a>\n        <\/div>\n\t\t\t\t\t\t\t<\/div> \n\t\t\t\n        \n\t\t\t\t<div id=\"ngg-image-6\" class=\"ngg-gallery-thumbnail-box\" >\n\t\t\t\t        <div class=\"ngg-gallery-thumbnail\">\n            <a href=\"https:\/\/www.bilmerinsaat.com\/wp-content\/gallery\/akvaryum_otel\/akvaryum_otel_7.jpg\"\n               title=\"\"\n               data-src=\"https:\/\/www.bilmerinsaat.com\/wp-content\/gallery\/akvaryum_otel\/akvaryum_otel_7.jpg\"\n               data-thumbnail=\"https:\/\/www.bilmerinsaat.com\/wp-content\/gallery\/akvaryum_otel\/thumbs\/thumbs_akvaryum_otel_7.jpg\"\n               data-image-id=\"59\"\n               data-title=\"akvaryum_otel_7\"\n               data-description=\"\"\n               data-image-slug=\"akvaryum_otel_7\"\n               class=\"ngg-simplelightbox\" rel=\"ac330bb19245d6bd7c7f705eacaa3960\">\n                <img\n                    title=\"akvaryum_otel_7\"\n                    alt=\"akvaryum_otel_7\"\n                    src=\"https:\/\/www.bilmerinsaat.com\/wp-content\/gallery\/akvaryum_otel\/thumbs\/thumbs_akvaryum_otel_7.jpg\"\n                    width=\"135\"\n                    height=\"102\"\n                    style=\"max-width:100%;\"\n                \/>\n            <\/a>\n        <\/div>\n\t\t\t\t\t\t\t<\/div> \n\t\t\t\n        \n\t\t\n\t\t<!-- Pagination -->\n\t<div class='ngg-clear'><\/div>\t<\/div>\n\n","protected":false},"excerpt":{"rendered":"<p>Project : Akvaryum Hotel Employer : Deniz Pak Akvaryum Tur.\u0130n\u015f.\u0130\u015fl. Job Description : Building Consruction works Related to Deniz Pak Aquarium &#8230;<\/p>\n","protected":false},"author":1,"featured_media":0,"parent":0,"menu_order":0,"comment_status":"open","ping_status":"open","template":"","meta":{"ngg_post_thumbnail":0,"footnotes":""},"class_list":["post-883","page","type-page","status-publish","hentry"],"yoast_head":"<!-- This site is optimized with the Yoast SEO plugin v15.5 - https:\/\/yoast.com\/wordpress\/plugins\/seo\/ -->\n<title>Akvaryum Hotel - Bilmer \u0130n\u015faat<\/title>\n<meta name=\"robots\" content=\"index, follow, max-snippet:-1, max-image-preview:large, max-video-preview:-1\" \/>\n<link rel=\"canonical\" href=\"https:\/\/www.bilmerinsaat.com\/tr\/akvaryum-otel\/\" \/>\n<meta property=\"og:locale\" content=\"en_US\" \/>\n<meta property=\"og:type\" content=\"article\" \/>\n<meta property=\"og:title\" content=\"Akvaryum Hotel\" \/>\n<meta property=\"og:description\" content=\"Project : Akvaryum Hotel Employer : Deniz Pak Akvaryum Tur.\u0130n\u015f.\u0130\u015fl. Job Description : Building Consruction works Related to Deniz Pak Aquarium ...\" \/>\n<meta property=\"og:url\" content=\"https:\/\/www.bilmerinsaat.com\/tr\/akvaryum-otel\/\" \/>\n<meta property=\"og:site_name\" content=\"Bilmer \u0130n\u015faat\" \/>\n<meta property=\"article:modified_time\" content=\"2020-10-03T00:55:08+00:00\" \/>\n<meta property=\"og:image\" content=\"http:\/\/bilmerinsaat.com\/wp-content\/uploads\/2014\/04\/projedetaylari.png\" \/>\n<meta name=\"twitter:card\" content=\"summary_large_image\" \/>\n<meta name=\"twitter:label1\" content=\"Est. reading time\">\n\t<meta name=\"twitter:data1\" content=\"0 minutes\">\n<script type=\"application\/ld+json\" class=\"yoast-schema-graph\">{\"@context\":\"https:\/\/schema.org\",\"@graph\":[{\"@type\":\"WebSite\",\"@id\":\"https:\/\/www.bilmerinsaat.com\/tr\/#website\",\"url\":\"https:\/\/www.bilmerinsaat.com\/tr\/\",\"name\":\"Bilmer \\u0130n\\u015faat\",\"description\":\"\",\"potentialAction\":[{\"@type\":\"SearchAction\",\"target\":\"https:\/\/www.bilmerinsaat.com\/tr\/?s={search_term_string}\",\"query-input\":\"required name=search_term_string\"}],\"inLanguage\":\"en-US\"},{\"@type\":\"ImageObject\",\"@id\":\"https:\/\/www.bilmerinsaat.com\/tr\/akvaryum-otel\/#primaryimage\",\"inLanguage\":\"en-US\",\"url\":\"http:\/\/bilmerinsaat.com\/wp-content\/uploads\/2014\/04\/projedetaylari.png\"},{\"@type\":\"WebPage\",\"@id\":\"https:\/\/www.bilmerinsaat.com\/tr\/akvaryum-otel\/#webpage\",\"url\":\"https:\/\/www.bilmerinsaat.com\/tr\/akvaryum-otel\/\",\"name\":\"[:tr]Akvaryum Otel[:en]Akvaryum Hotel[:] - Bilmer \\u0130n\\u015faat\",\"isPartOf\":{\"@id\":\"https:\/\/www.bilmerinsaat.com\/tr\/#website\"},\"primaryImageOfPage\":{\"@id\":\"https:\/\/www.bilmerinsaat.com\/tr\/akvaryum-otel\/#primaryimage\"},\"datePublished\":\"2014-05-21T07:43:50+00:00\",\"dateModified\":\"2020-10-03T00:55:08+00:00\",\"inLanguage\":\"en-US\",\"potentialAction\":[{\"@type\":\"ReadAction\",\"target\":[\"https:\/\/www.bilmerinsaat.com\/tr\/akvaryum-otel\/\"]}]}]}<\/script>\n<!-- \/ Yoast SEO plugin. -->","_links":{"self":[{"href":"https:\/\/www.bilmerinsaat.com\/en\/wp-json\/wp\/v2\/pages\/883","targetHints":{"allow":["GET"]}}],"collection":[{"href":"https:\/\/www.bilmerinsaat.com\/en\/wp-json\/wp\/v2\/pages"}],"about":[{"href":"https:\/\/www.bilmerinsaat.com\/en\/wp-json\/wp\/v2\/types\/page"}],"author":[{"embeddable":true,"href":"https:\/\/www.bilmerinsaat.com\/en\/wp-json\/wp\/v2\/users\/1"}],"replies":[{"embeddable":true,"href":"https:\/\/www.bilmerinsaat.com\/en\/wp-json\/wp\/v2\/comments?post=883"}],"version-history":[{"count":6,"href":"https:\/\/www.bilmerinsaat.com\/en\/wp-json\/wp\/v2\/pages\/883\/revisions"}],"predecessor-version":[{"id":3211,"href":"https:\/\/www.bilmerinsaat.com\/en\/wp-json\/wp\/v2\/pages\/883\/revisions\/3211"}],"wp:attachment":[{"href":"https:\/\/www.bilmerinsaat.com\/en\/wp-json\/wp\/v2\/media?parent=883"}],"curies":[{"name":"wp","href":"https:\/\/api.w.org\/{rel}","templated":true}]}}