{"id":871,"date":"2014-05-21T10:36:19","date_gmt":"2014-05-21T07:36:19","guid":{"rendered":"http:\/\/raynoserver.com\/bilmer\/?page_id=871"},"modified":"2021-01-20T15:06:07","modified_gmt":"2021-01-20T12:06:07","slug":"cesme-alacati-ruzgar-enerji-santrali","status":"publish","type":"page","link":"https:\/\/www.bilmerinsaat.com\/en\/projeler\/cesme-alacati-ruzgar-enerji-santrali\/","title":{"rendered":"\u00c7e\u015fme Ala\u00e7at\u0131 Wind Energy Farm (18MW)"},"content":{"rendered":"<p>[vc_row][vc_column width=&#8221;1\/3&#8243;][vc_single_image image=&#8221;3497&#8243; img_size=&#8221;full&#8221;][\/vc_column][vc_column width=&#8221;2\/3&#8243;][vc_column_text]<a class=\"preload\" style=\"line-height: 1.5em;\" title=\"\" rel=\"prettyphoto\"><img decoding=\"async\" class=\"alignnone size-full wp-image-243\" src=\"http:\/\/www.bilmerinsaat.com\/wp-content\/uploads\/2021\/01\/EN_PROJECT_DETAILS_TOP_IMAGE.png\" alt=\"projedetaylari\" width=\"624\"><\/a><\/p>\n<table style=\"font-size: 11px; font-family: tahoma; width: 100%;\" cellspacing=\"0\" cellpadding=\"2\">\n<tbody>\n<tr>\n<td width=\"210\"><strong>Project Name :<\/strong><\/td>\n<td width=\"505\">\u00c7e\u015fme Ala\u00e7at\u0131 Wind Energy Farm (18 mW)<\/td>\n<td>&nbsp;<\/td>\n<\/tr>\n<tr bgcolor=\"e8e8e8\">\n<td><strong>Employer :<\/strong><\/td>\n<td>ABK Enerji Elektrik \u00dcretim A.\u015e.<\/td>\n<\/tr>\n<tr>\n<td><strong>Name of Business :<\/strong><\/td>\n<td>Located in \u0130zmir, \u00c7e\u015fme Ala\u00e7at\u0131, ABK Enerji Elektrik \u00dcretim A.\u015e. belonging to the Ala\u00e7at\u0131 Wind Power Plant project to be established for<br \/>\nConstruction of foundations for 6 wind turbines, preparation of assembly platform, construction of access roads and turnkey electrical works.<\/td>\n<\/tr>\n<tr bgcolor=\"e8e8e8\">\n<td><strong>Location :<\/strong><\/td>\n<td>Ala\u00e7at\u0131, \u00c7e\u015fme \/ \u0130ZM\u0130R<\/td>\n<\/tr>\n<tr>\n<td><strong>Date of Contract :<\/strong><\/td>\n<td>2014-01-02<\/td>\n<\/tr>\n<tr bgcolor=\"e8e8e8\">\n<td><strong>Date of Temporary Approve :<\/strong><\/td>\n<td>Completed<\/td>\n<\/tr>\n<tr>\n<td><strong>Project Status :<\/strong><\/td>\n<td>Completed<\/td>\n<\/tr>\n<\/tbody>\n<\/table>\n<p>&nbsp;<\/p>\n<table style=\"font-size: 11px; font-family: tahoma; width: 100%;\" cellspacing=\"0\" cellpadding=\"2\">\n<tbody>\n<tr>\n<td width=\"210\"><strong>Scope of Commitment Business Item :<\/strong><\/td>\n<td width=\"505\">\n<ul style=\"text-align: left;\">\n<li>6 Nordex 3 MW Wind Turbine Infrastructure.<\/li>\n<li>6 stabilized covered platforms.<\/li>\n<li>Construction of transportation roads.<\/li>\n<li>All Turnkey On-Farm and Overhead Line Electrical Works.<\/li>\n<\/ul>\n<\/td>\n<\/tr>\n<\/tbody>\n<\/table>\n<p>&nbsp;<\/p>\n<p><a class=\"preload\" style=\"line-height: 1.5em;\" title=\"\" rel=\"prettyphoto\"><img decoding=\"async\" class=\"alignnone size-full wp-image-240\" src=\"http:\/\/www.bilmerinsaat.com\/wp-content\/uploads\/2021\/01\/EN_PROJECT_PICTURES_TOP_IMAGE.png\" alt=\"projeresimleri\" width=\"624\"><\/a><\/p>\n<div style=\"width: 100%;\"><!-- index.php -->\n<div\n\tclass=\"ngg-galleryoverview ngg-ajax-pagination-none\"\n\tid=\"ngg-gallery-174239e48ab6b8045c7e75490104df0b-1\">\n\n    \t<div class=\"slideshowlink\">\n        <a href='https:\/\/www.bilmerinsaat.com\/en\/projeler\/cesme-alacati-ruzgar-enerji-santrali\/nggallery\/slideshow'>[Show slideshow]<\/a>\n\t\t\n\t<\/div>\n\t\t\t<!-- Thumbnails -->\n\t\t\t\t<div id=\"ngg-image-0\" class=\"ngg-gallery-thumbnail-box\" >\n\t\t\t\t        <div class=\"ngg-gallery-thumbnail\">\n            <a href=\"https:\/\/www.bilmerinsaat.com\/wp-content\/gallery\/cesme_asacati_ruzgar_enerji_santrali\/cesme_alacati_ruzgar_enerji_santralii_1.jpg\"\n               title=\"\"\n               data-src=\"https:\/\/www.bilmerinsaat.com\/wp-content\/gallery\/cesme_asacati_ruzgar_enerji_santrali\/cesme_alacati_ruzgar_enerji_santralii_1.jpg\"\n               data-thumbnail=\"https:\/\/www.bilmerinsaat.com\/wp-content\/gallery\/cesme_asacati_ruzgar_enerji_santrali\/thumbs\/thumbs_cesme_alacati_ruzgar_enerji_santralii_1.jpg\"\n               data-image-id=\"50\"\n               data-title=\"cesme_alacati_ruzgar_enerji_santralii_1\"\n               data-description=\"\"\n               data-image-slug=\"cesme_alacati_ruzgar_enerji_santralii_1\"\n               class=\"ngg-simplelightbox\" rel=\"174239e48ab6b8045c7e75490104df0b\">\n                <img\n                    title=\"cesme_alacati_ruzgar_enerji_santralii_1\"\n                    alt=\"cesme_alacati_ruzgar_enerji_santralii_1\"\n                    src=\"https:\/\/www.bilmerinsaat.com\/wp-content\/gallery\/cesme_asacati_ruzgar_enerji_santrali\/thumbs\/thumbs_cesme_alacati_ruzgar_enerji_santralii_1.jpg\"\n                    width=\"135\"\n                    height=\"102\"\n                    style=\"max-width:100%;\"\n                \/>\n            <\/a>\n        <\/div>\n\t\t\t\t\t\t\t<\/div> \n\t\t\t\n        \n\t\t\t\t<div id=\"ngg-image-1\" class=\"ngg-gallery-thumbnail-box\" >\n\t\t\t\t        <div class=\"ngg-gallery-thumbnail\">\n            <a href=\"https:\/\/www.bilmerinsaat.com\/wp-content\/gallery\/cesme_asacati_ruzgar_enerji_santrali\/cesme_alacati_ruzgar_enerji_santralii_2.jpg\"\n               title=\"\"\n               data-src=\"https:\/\/www.bilmerinsaat.com\/wp-content\/gallery\/cesme_asacati_ruzgar_enerji_santrali\/cesme_alacati_ruzgar_enerji_santralii_2.jpg\"\n               data-thumbnail=\"https:\/\/www.bilmerinsaat.com\/wp-content\/gallery\/cesme_asacati_ruzgar_enerji_santrali\/thumbs\/thumbs_cesme_alacati_ruzgar_enerji_santralii_2.jpg\"\n               data-image-id=\"51\"\n               data-title=\"cesme_alacati_ruzgar_enerji_santralii_2\"\n               data-description=\"\"\n               data-image-slug=\"cesme_alacati_ruzgar_enerji_santralii_2\"\n               class=\"ngg-simplelightbox\" rel=\"174239e48ab6b8045c7e75490104df0b\">\n                <img\n                    title=\"cesme_alacati_ruzgar_enerji_santralii_2\"\n                    alt=\"cesme_alacati_ruzgar_enerji_santralii_2\"\n                    src=\"https:\/\/www.bilmerinsaat.com\/wp-content\/gallery\/cesme_asacati_ruzgar_enerji_santrali\/thumbs\/thumbs_cesme_alacati_ruzgar_enerji_santralii_2.jpg\"\n                    width=\"135\"\n                    height=\"102\"\n                    style=\"max-width:100%;\"\n                \/>\n            <\/a>\n        <\/div>\n\t\t\t\t\t\t\t<\/div> \n\t\t\t\n        \n\t\t\t\t<div id=\"ngg-image-2\" class=\"ngg-gallery-thumbnail-box\" >\n\t\t\t\t        <div class=\"ngg-gallery-thumbnail\">\n            <a href=\"https:\/\/www.bilmerinsaat.com\/wp-content\/gallery\/cesme_asacati_ruzgar_enerji_santrali\/cesme_alacati_ruzgar_enerji_santralii_3.jpg\"\n               title=\"\"\n               data-src=\"https:\/\/www.bilmerinsaat.com\/wp-content\/gallery\/cesme_asacati_ruzgar_enerji_santrali\/cesme_alacati_ruzgar_enerji_santralii_3.jpg\"\n               data-thumbnail=\"https:\/\/www.bilmerinsaat.com\/wp-content\/gallery\/cesme_asacati_ruzgar_enerji_santrali\/thumbs\/thumbs_cesme_alacati_ruzgar_enerji_santralii_3.jpg\"\n               data-image-id=\"52\"\n               data-title=\"cesme_alacati_ruzgar_enerji_santralii_3\"\n               data-description=\"\"\n               data-image-slug=\"cesme_alacati_ruzgar_enerji_santralii_3\"\n               class=\"ngg-simplelightbox\" rel=\"174239e48ab6b8045c7e75490104df0b\">\n                <img\n                    title=\"cesme_alacati_ruzgar_enerji_santralii_3\"\n                    alt=\"cesme_alacati_ruzgar_enerji_santralii_3\"\n                    src=\"https:\/\/www.bilmerinsaat.com\/wp-content\/gallery\/cesme_asacati_ruzgar_enerji_santrali\/thumbs\/thumbs_cesme_alacati_ruzgar_enerji_santralii_3.jpg\"\n                    width=\"135\"\n                    height=\"102\"\n                    style=\"max-width:100%;\"\n                \/>\n            <\/a>\n        <\/div>\n\t\t\t\t\t\t\t<\/div> \n\t\t\t\n        \n\t\t\t\t<div id=\"ngg-image-3\" class=\"ngg-gallery-thumbnail-box\" >\n\t\t\t\t        <div class=\"ngg-gallery-thumbnail\">\n            <a href=\"https:\/\/www.bilmerinsaat.com\/wp-content\/gallery\/cesme_asacati_ruzgar_enerji_santrali\/IMG_0093.JPG\"\n               title=\"\"\n               data-src=\"https:\/\/www.bilmerinsaat.com\/wp-content\/gallery\/cesme_asacati_ruzgar_enerji_santrali\/IMG_0093.JPG\"\n               data-thumbnail=\"https:\/\/www.bilmerinsaat.com\/wp-content\/gallery\/cesme_asacati_ruzgar_enerji_santrali\/thumbs\/thumbs_IMG_0093.JPG\"\n               data-image-id=\"295\"\n               data-title=\"IMG_0093\"\n               data-description=\"\"\n               data-image-slug=\"img_0093\"\n               class=\"ngg-simplelightbox\" rel=\"174239e48ab6b8045c7e75490104df0b\">\n                <img\n                    title=\"IMG_0093\"\n                    alt=\"IMG_0093\"\n                    src=\"https:\/\/www.bilmerinsaat.com\/wp-content\/gallery\/cesme_asacati_ruzgar_enerji_santrali\/thumbs\/thumbs_IMG_0093.JPG\"\n                    width=\"135\"\n                    height=\"102\"\n                    style=\"max-width:100%;\"\n                \/>\n            <\/a>\n        <\/div>\n\t\t\t\t\t\t\t<\/div> \n\t\t\t\n        \n\t\t\t\t<div id=\"ngg-image-4\" class=\"ngg-gallery-thumbnail-box\" >\n\t\t\t\t        <div class=\"ngg-gallery-thumbnail\">\n            <a href=\"https:\/\/www.bilmerinsaat.com\/wp-content\/gallery\/cesme_asacati_ruzgar_enerji_santrali\/IMG_0040.JPG\"\n               title=\"\"\n               data-src=\"https:\/\/www.bilmerinsaat.com\/wp-content\/gallery\/cesme_asacati_ruzgar_enerji_santrali\/IMG_0040.JPG\"\n               data-thumbnail=\"https:\/\/www.bilmerinsaat.com\/wp-content\/gallery\/cesme_asacati_ruzgar_enerji_santrali\/thumbs\/thumbs_IMG_0040.JPG\"\n               data-image-id=\"296\"\n               data-title=\"IMG_0040\"\n               data-description=\"\"\n               data-image-slug=\"img_0040\"\n               class=\"ngg-simplelightbox\" rel=\"174239e48ab6b8045c7e75490104df0b\">\n                <img\n                    title=\"IMG_0040\"\n                    alt=\"IMG_0040\"\n                    src=\"https:\/\/www.bilmerinsaat.com\/wp-content\/gallery\/cesme_asacati_ruzgar_enerji_santrali\/thumbs\/thumbs_IMG_0040.JPG\"\n                    width=\"135\"\n                    height=\"102\"\n                    style=\"max-width:100%;\"\n                \/>\n            <\/a>\n        <\/div>\n\t\t\t\t\t\t\t<\/div> \n\t\t\t\n        \n\t\t\t\t<div id=\"ngg-image-5\" class=\"ngg-gallery-thumbnail-box\" >\n\t\t\t\t        <div class=\"ngg-gallery-thumbnail\">\n            <a href=\"https:\/\/www.bilmerinsaat.com\/wp-content\/gallery\/cesme_asacati_ruzgar_enerji_santrali\/IMG_0044.JPG\"\n               title=\"\"\n               data-src=\"https:\/\/www.bilmerinsaat.com\/wp-content\/gallery\/cesme_asacati_ruzgar_enerji_santrali\/IMG_0044.JPG\"\n               data-thumbnail=\"https:\/\/www.bilmerinsaat.com\/wp-content\/gallery\/cesme_asacati_ruzgar_enerji_santrali\/thumbs\/thumbs_IMG_0044.JPG\"\n               data-image-id=\"297\"\n               data-title=\"IMG_0044\"\n               data-description=\"\"\n               data-image-slug=\"img_0044\"\n               class=\"ngg-simplelightbox\" rel=\"174239e48ab6b8045c7e75490104df0b\">\n                <img\n                    title=\"IMG_0044\"\n                    alt=\"IMG_0044\"\n                    src=\"https:\/\/www.bilmerinsaat.com\/wp-content\/gallery\/cesme_asacati_ruzgar_enerji_santrali\/thumbs\/thumbs_IMG_0044.JPG\"\n                    width=\"135\"\n                    height=\"102\"\n                    style=\"max-width:100%;\"\n                \/>\n            <\/a>\n        <\/div>\n\t\t\t\t\t\t\t<\/div> \n\t\t\t\n        \n\t\t\t\t<div id=\"ngg-image-6\" class=\"ngg-gallery-thumbnail-box\" >\n\t\t\t\t        <div class=\"ngg-gallery-thumbnail\">\n            <a href=\"https:\/\/www.bilmerinsaat.com\/wp-content\/gallery\/cesme_asacati_ruzgar_enerji_santrali\/IMG_0056.JPG\"\n               title=\"\"\n               data-src=\"https:\/\/www.bilmerinsaat.com\/wp-content\/gallery\/cesme_asacati_ruzgar_enerji_santrali\/IMG_0056.JPG\"\n               data-thumbnail=\"https:\/\/www.bilmerinsaat.com\/wp-content\/gallery\/cesme_asacati_ruzgar_enerji_santrali\/thumbs\/thumbs_IMG_0056.JPG\"\n               data-image-id=\"298\"\n               data-title=\"IMG_0056\"\n               data-description=\"\"\n               data-image-slug=\"img_0056\"\n               class=\"ngg-simplelightbox\" rel=\"174239e48ab6b8045c7e75490104df0b\">\n                <img\n                    title=\"IMG_0056\"\n                    alt=\"IMG_0056\"\n                    src=\"https:\/\/www.bilmerinsaat.com\/wp-content\/gallery\/cesme_asacati_ruzgar_enerji_santrali\/thumbs\/thumbs_IMG_0056.JPG\"\n                    width=\"135\"\n                    height=\"102\"\n                    style=\"max-width:100%;\"\n                \/>\n            <\/a>\n        <\/div>\n\t\t\t\t\t\t\t<\/div> \n\t\t\t\n        \n\t\t\t\t<div id=\"ngg-image-7\" class=\"ngg-gallery-thumbnail-box\" >\n\t\t\t\t        <div class=\"ngg-gallery-thumbnail\">\n            <a href=\"https:\/\/www.bilmerinsaat.com\/wp-content\/gallery\/cesme_asacati_ruzgar_enerji_santrali\/IMG_0057.JPG\"\n               title=\"\"\n               data-src=\"https:\/\/www.bilmerinsaat.com\/wp-content\/gallery\/cesme_asacati_ruzgar_enerji_santrali\/IMG_0057.JPG\"\n               data-thumbnail=\"https:\/\/www.bilmerinsaat.com\/wp-content\/gallery\/cesme_asacati_ruzgar_enerji_santrali\/thumbs\/thumbs_IMG_0057.JPG\"\n               data-image-id=\"299\"\n               data-title=\"IMG_0057\"\n               data-description=\"\"\n               data-image-slug=\"img_0057\"\n               class=\"ngg-simplelightbox\" rel=\"174239e48ab6b8045c7e75490104df0b\">\n                <img\n                    title=\"IMG_0057\"\n                    alt=\"IMG_0057\"\n                    src=\"https:\/\/www.bilmerinsaat.com\/wp-content\/gallery\/cesme_asacati_ruzgar_enerji_santrali\/thumbs\/thumbs_IMG_0057.JPG\"\n                    width=\"135\"\n                    height=\"102\"\n                    style=\"max-width:100%;\"\n                \/>\n            <\/a>\n        <\/div>\n\t\t\t\t\t\t\t<\/div> \n\t\t\t\n        \n\t\t\t\t<div id=\"ngg-image-8\" class=\"ngg-gallery-thumbnail-box\" >\n\t\t\t\t        <div class=\"ngg-gallery-thumbnail\">\n            <a href=\"https:\/\/www.bilmerinsaat.com\/wp-content\/gallery\/cesme_asacati_ruzgar_enerji_santrali\/IMG_0061.JPG\"\n               title=\"\"\n               data-src=\"https:\/\/www.bilmerinsaat.com\/wp-content\/gallery\/cesme_asacati_ruzgar_enerji_santrali\/IMG_0061.JPG\"\n               data-thumbnail=\"https:\/\/www.bilmerinsaat.com\/wp-content\/gallery\/cesme_asacati_ruzgar_enerji_santrali\/thumbs\/thumbs_IMG_0061.JPG\"\n               data-image-id=\"300\"\n               data-title=\"IMG_0061\"\n               data-description=\"\"\n               data-image-slug=\"img_0061\"\n               class=\"ngg-simplelightbox\" rel=\"174239e48ab6b8045c7e75490104df0b\">\n                <img\n                    title=\"IMG_0061\"\n                    alt=\"IMG_0061\"\n                    src=\"https:\/\/www.bilmerinsaat.com\/wp-content\/gallery\/cesme_asacati_ruzgar_enerji_santrali\/thumbs\/thumbs_IMG_0061.JPG\"\n                    width=\"135\"\n                    height=\"102\"\n                    style=\"max-width:100%;\"\n                \/>\n            <\/a>\n        <\/div>\n\t\t\t\t\t\t\t<\/div> \n\t\t\t\n        \n\t\t\t\t<div id=\"ngg-image-9\" class=\"ngg-gallery-thumbnail-box\" >\n\t\t\t\t        <div class=\"ngg-gallery-thumbnail\">\n            <a href=\"https:\/\/www.bilmerinsaat.com\/wp-content\/gallery\/cesme_asacati_ruzgar_enerji_santrali\/IMG_0079.JPG\"\n               title=\"\"\n               data-src=\"https:\/\/www.bilmerinsaat.com\/wp-content\/gallery\/cesme_asacati_ruzgar_enerji_santrali\/IMG_0079.JPG\"\n               data-thumbnail=\"https:\/\/www.bilmerinsaat.com\/wp-content\/gallery\/cesme_asacati_ruzgar_enerji_santrali\/thumbs\/thumbs_IMG_0079.JPG\"\n               data-image-id=\"301\"\n               data-title=\"IMG_0079\"\n               data-description=\"\"\n               data-image-slug=\"img_0079\"\n               class=\"ngg-simplelightbox\" rel=\"174239e48ab6b8045c7e75490104df0b\">\n                <img\n                    title=\"IMG_0079\"\n                    alt=\"IMG_0079\"\n                    src=\"https:\/\/www.bilmerinsaat.com\/wp-content\/gallery\/cesme_asacati_ruzgar_enerji_santrali\/thumbs\/thumbs_IMG_0079.JPG\"\n                    width=\"135\"\n                    height=\"102\"\n                    style=\"max-width:100%;\"\n                \/>\n            <\/a>\n        <\/div>\n\t\t\t\t\t\t\t<\/div> \n\t\t\t\n        \n\t\t\t\t<div id=\"ngg-image-10\" class=\"ngg-gallery-thumbnail-box\" >\n\t\t\t\t        <div class=\"ngg-gallery-thumbnail\">\n            <a href=\"https:\/\/www.bilmerinsaat.com\/wp-content\/gallery\/cesme_asacati_ruzgar_enerji_santrali\/IMG_0086.JPG\"\n               title=\"\"\n               data-src=\"https:\/\/www.bilmerinsaat.com\/wp-content\/gallery\/cesme_asacati_ruzgar_enerji_santrali\/IMG_0086.JPG\"\n               data-thumbnail=\"https:\/\/www.bilmerinsaat.com\/wp-content\/gallery\/cesme_asacati_ruzgar_enerji_santrali\/thumbs\/thumbs_IMG_0086.JPG\"\n               data-image-id=\"302\"\n               data-title=\"IMG_0086\"\n               data-description=\"\"\n               data-image-slug=\"img_0086\"\n               class=\"ngg-simplelightbox\" rel=\"174239e48ab6b8045c7e75490104df0b\">\n                <img\n                    title=\"IMG_0086\"\n                    alt=\"IMG_0086\"\n                    src=\"https:\/\/www.bilmerinsaat.com\/wp-content\/gallery\/cesme_asacati_ruzgar_enerji_santrali\/thumbs\/thumbs_IMG_0086.JPG\"\n                    width=\"135\"\n                    height=\"102\"\n                    style=\"max-width:100%;\"\n                \/>\n            <\/a>\n        <\/div>\n\t\t\t\t\t\t\t<\/div> \n\t\t\t\n        \n\t\t\n\t\t<!-- Pagination -->\n\t<div class='ngg-clear'><\/div>\t<\/div>\n<\/div>\n<p>[\/vc_column_text][\/vc_column][\/vc_row]<\/p>\n","protected":false},"excerpt":{"rendered":"<p>[vc_row][vc_column width=&#8221;1\/3&#8243;][vc_single_image image=&#8221;3497&#8243; img_size=&#8221;full&#8221;][\/vc_column][vc_column width=&#8221;2\/3&#8243;][vc_column_text] Project Name : \u00c7e\u015fme Ala\u00e7at\u0131 Wind Energy Farm (18 mW) &nbsp; Employer : ABK Enerji Elektrik &#8230;<\/p>\n","protected":false},"author":1,"featured_media":0,"parent":159,"menu_order":0,"comment_status":"open","ping_status":"closed","template":"","meta":{"ngg_post_thumbnail":0,"footnotes":""},"class_list":["post-871","page","type-page","status-publish","hentry"],"yoast_head":"<!-- This site is optimized with the Yoast SEO plugin v15.5 - https:\/\/yoast.com\/wordpress\/plugins\/seo\/ -->\n<title>\u00c7e\u015fme Ala\u00e7at\u0131 Wind Energy Farm (18MW) - Bilmer \u0130n\u015faat<\/title>\n<meta name=\"robots\" content=\"index, follow, max-snippet:-1, max-image-preview:large, max-video-preview:-1\" \/>\n<link rel=\"canonical\" href=\"https:\/\/www.bilmerinsaat.com\/en\/projeler\/cesme-alacati-ruzgar-enerji-santrali\/\" \/>\n<meta property=\"og:locale\" content=\"en_US\" \/>\n<meta property=\"og:type\" content=\"article\" \/>\n<meta property=\"og:title\" content=\"\u00c7e\u015fme Ala\u00e7at\u0131 Wind Energy Farm (18MW)\" \/>\n<meta property=\"og:description\" content=\"[vc_row][vc_column width=&#8221;1\/3&#8243;][vc_single_image image=&#8221;3497&#8243; img_size=&#8221;full&#8221;][\/vc_column][vc_column width=&#8221;2\/3&#8243;][vc_column_text] Project Name : \u00c7e\u015fme Ala\u00e7at\u0131 Wind Energy Farm (18 mW) &nbsp; Employer : ABK Enerji Elektrik ...\" \/>\n<meta property=\"og:url\" content=\"https:\/\/www.bilmerinsaat.com\/en\/projeler\/cesme-alacati-ruzgar-enerji-santrali\/\" \/>\n<meta property=\"og:site_name\" content=\"Bilmer \u0130n\u015faat\" \/>\n<meta property=\"article:modified_time\" content=\"2021-01-20T12:06:07+00:00\" \/>\n<meta property=\"og:image\" content=\"http:\/\/bilmerinsaat.com\/wp-content\/uploads\/2014\/04\/projedetaylari.png\" \/>\n<meta name=\"twitter:card\" content=\"summary_large_image\" \/>\n<meta name=\"twitter:label1\" content=\"Est. reading time\">\n\t<meta name=\"twitter:data1\" content=\"1 minutes\">\n<script type=\"application\/ld+json\" class=\"yoast-schema-graph\">{\"@context\":\"https:\/\/schema.org\",\"@graph\":[{\"@type\":\"WebSite\",\"@id\":\"https:\/\/www.bilmerinsaat.com\/tr\/#website\",\"url\":\"https:\/\/www.bilmerinsaat.com\/tr\/\",\"name\":\"Bilmer \\u0130n\\u015faat\",\"description\":\"\",\"potentialAction\":[{\"@type\":\"SearchAction\",\"target\":\"https:\/\/www.bilmerinsaat.com\/tr\/?s={search_term_string}\",\"query-input\":\"required name=search_term_string\"}],\"inLanguage\":\"en-US\"},{\"@type\":\"ImageObject\",\"@id\":\"https:\/\/www.bilmerinsaat.com\/en\/projeler\/cesme-alacati-ruzgar-enerji-santrali\/#primaryimage\",\"inLanguage\":\"en-US\",\"url\":\"http:\/\/bilmerinsaat.com\/wp-content\/uploads\/2014\/04\/projedetaylari.png\"},{\"@type\":\"WebPage\",\"@id\":\"https:\/\/www.bilmerinsaat.com\/en\/projeler\/cesme-alacati-ruzgar-enerji-santrali\/#webpage\",\"url\":\"https:\/\/www.bilmerinsaat.com\/en\/projeler\/cesme-alacati-ruzgar-enerji-santrali\/\",\"name\":\"[:tr]\\u00c7e\\u015fme Ala\\u00e7at\\u0131 R\\u00fczgar Enerji Santrali (18 MW)[:en]\\u00c7e\\u015fme Ala\\u00e7at\\u0131 Wind Energy Farm (18MW)[:] - Bilmer \\u0130n\\u015faat\",\"isPartOf\":{\"@id\":\"https:\/\/www.bilmerinsaat.com\/tr\/#website\"},\"primaryImageOfPage\":{\"@id\":\"https:\/\/www.bilmerinsaat.com\/en\/projeler\/cesme-alacati-ruzgar-enerji-santrali\/#primaryimage\"},\"datePublished\":\"2014-05-21T07:36:19+00:00\",\"dateModified\":\"2021-01-20T12:06:07+00:00\",\"inLanguage\":\"en-US\",\"potentialAction\":[{\"@type\":\"ReadAction\",\"target\":[\"https:\/\/www.bilmerinsaat.com\/en\/projeler\/cesme-alacati-ruzgar-enerji-santrali\/\"]}]}]}<\/script>\n<!-- \/ Yoast SEO plugin. -->","_links":{"self":[{"href":"https:\/\/www.bilmerinsaat.com\/en\/wp-json\/wp\/v2\/pages\/871","targetHints":{"allow":["GET"]}}],"collection":[{"href":"https:\/\/www.bilmerinsaat.com\/en\/wp-json\/wp\/v2\/pages"}],"about":[{"href":"https:\/\/www.bilmerinsaat.com\/en\/wp-json\/wp\/v2\/types\/page"}],"author":[{"embeddable":true,"href":"https:\/\/www.bilmerinsaat.com\/en\/wp-json\/wp\/v2\/users\/1"}],"replies":[{"embeddable":true,"href":"https:\/\/www.bilmerinsaat.com\/en\/wp-json\/wp\/v2\/comments?post=871"}],"version-history":[{"count":15,"href":"https:\/\/www.bilmerinsaat.com\/en\/wp-json\/wp\/v2\/pages\/871\/revisions"}],"predecessor-version":[{"id":3500,"href":"https:\/\/www.bilmerinsaat.com\/en\/wp-json\/wp\/v2\/pages\/871\/revisions\/3500"}],"up":[{"embeddable":true,"href":"https:\/\/www.bilmerinsaat.com\/en\/wp-json\/wp\/v2\/pages\/159"}],"wp:attachment":[{"href":"https:\/\/www.bilmerinsaat.com\/en\/wp-json\/wp\/v2\/media?parent=871"}],"curies":[{"name":"wp","href":"https:\/\/api.w.org\/{rel}","templated":true}]}}