{"id":3336,"date":"2021-01-19T21:57:51","date_gmt":"2021-01-19T18:57:51","guid":{"rendered":"http:\/\/www.bilmerinsaat.com\/tr\/?page_id=3336"},"modified":"2021-01-21T12:58:49","modified_gmt":"2021-01-21T09:58:49","slug":"kirazli-res-projesi","status":"publish","type":"page","link":"https:\/\/www.bilmerinsaat.com\/en\/kirazli-res-projesi\/","title":{"rendered":"Kirazl\u0131 Wind Power Plant"},"content":{"rendered":"<p>[vc_row][vc_column width=&#8221;1\/3&#8243;][vc_single_image image=&#8221;3654&#8243; img_size=&#8221;full&#8221;][\/vc_column][vc_column width=&#8221;2\/3&#8243;][vc_column_text]<a class=\"preload\" style=\"line-height: 1.5em;\" title=\"\" rel=\"prettyphoto\"><img decoding=\"async\" class=\"alignnone size-full wp-image-243\" src=\"http:\/\/www.bilmerinsaat.com\/wp-content\/uploads\/2021\/01\/EN_PROJECT_DETAILS_TOP_IMAGE.png\" alt=\"projedetaylari\" width=\"624\"><\/a><\/p>\n<table style=\"font-size: 11px; font-family: tahoma; width: 100%;\" cellspacing=\"0\" cellpadding=\"2\">\n<tbody>\n<tr>\n<td width=\"210\"><strong>Project Name :<\/strong><\/td>\n<td width=\"505\">Kirazl\u0131 Wind Power Plant<\/td>\n<\/tr>\n<tr bgcolor=\"e8e8e8\">\n<td><strong>Employer :<\/strong><\/td>\n<td>RT &#038; T\u00dcRKERLER Adi Ortakl\u0131\u011f\u0131<\/td>\n<\/tr>\n<tr>\n<td><strong>Name of Business :<\/strong><\/td>\n<td>Construction of 14 wind turbines, stabilized road and necessary art Works ,covered platform structure, construction of administration building and switch area &nbsp;under the name of Kirazl\u0131 Energy Plant<\/td>\n<\/tr>\n<tr bgcolor=\"e8e8e8\">\n<td><strong>Location :<\/strong><\/td>\n<td>Ayd\u0131n province, Nazilli Ahmetler ,Kirazl\u0131 &nbsp;district<\/td>\n<\/tr>\n<tr>\n<td><strong>Date of Contract :<\/strong><\/td>\n<td>2019-07<\/td>\n<\/tr>\n<tr bgcolor=\"e8e8e8\">\n<td><strong>Date of Temporary Approve :<\/strong><\/td>\n<td>2020-05<\/td>\n<\/tr>\n<tr>\n<td><strong>Project Status :<\/strong><\/td>\n<td>Completed<\/td>\n<\/tr>\n<\/tbody>\n<\/table>\n<p>&nbsp;<\/p>\n<table style=\"font-size: 11px; font-family: tahoma; width: 100%;\" cellspacing=\"0\" cellpadding=\"2\">\n<tbody>\n<tr>\n<td width=\"210\"><strong>Scope of Commitment Business Item :<\/strong><\/td>\n<td width=\"505\">\n<ul style=\"text-align: left;\">\n<li>14 pieces GE \/ 50,4 MW wind turbine basic facilities<\/li>\n<li>Construction of access roads including &nbsp;art Works<\/li>\n<li>Stabilized covered platform structure<\/li>\n<li>Construction Works in switch area and administration building<\/li>\n<\/ul>\n<\/td>\n<\/tr>\n<\/tbody>\n<\/table>\n<p>&nbsp;<\/p>\n<p><a class=\"preload\" style=\"line-height: 1.5em;\" title=\"\" rel=\"prettyphoto\"><img decoding=\"async\" class=\"alignnone size-full wp-image-240\" src=\"http:\/\/www.bilmerinsaat.com\/wp-content\/uploads\/2021\/01\/EN_PROJECT_PICTURES_TOP_IMAGE.png\" alt=\"projeresimleri\" width=\"624\"><\/a><\/p>\n<div style=\"width: 100%;\"><!-- index.php -->\n<div\n\tclass=\"ngg-galleryoverview ngg-ajax-pagination-none\"\n\tid=\"ngg-gallery-ed4b36a79745a4274bf19b48e7544a9d-1\">\n\n    \t<div class=\"slideshowlink\">\n        <a href='https:\/\/www.bilmerinsaat.com\/en\/kirazli-res-projesi\/nggallery\/slideshow'>[Show slideshow]<\/a>\n\t\t\n\t<\/div>\n\t\t\t<!-- Thumbnails -->\n\t\t\t\t<div id=\"ngg-image-0\" class=\"ngg-gallery-thumbnail-box\" >\n\t\t\t\t        <div class=\"ngg-gallery-thumbnail\">\n            <a href=\"https:\/\/www.bilmerinsaat.com\/wp-content\/gallery\/kirazli_res_projesi\/kirazli__res__1.jpg\"\n               title=\"\"\n               data-src=\"https:\/\/www.bilmerinsaat.com\/wp-content\/gallery\/kirazli_res_projesi\/kirazli__res__1.jpg\"\n               data-thumbnail=\"https:\/\/www.bilmerinsaat.com\/wp-content\/gallery\/kirazli_res_projesi\/thumbs\/thumbs_kirazli__res__1.jpg\"\n               data-image-id=\"471\"\n               data-title=\"kirazli__res__1\"\n               data-description=\"\"\n               data-image-slug=\"kirazli__res__1\"\n               class=\"ngg-simplelightbox\" rel=\"ed4b36a79745a4274bf19b48e7544a9d\">\n                <img\n                    title=\"kirazli__res__1\"\n                    alt=\"kirazli__res__1\"\n                    src=\"https:\/\/www.bilmerinsaat.com\/wp-content\/gallery\/kirazli_res_projesi\/thumbs\/thumbs_kirazli__res__1.jpg\"\n                    width=\"135\"\n                    height=\"102\"\n                    style=\"max-width:100%;\"\n                \/>\n            <\/a>\n        <\/div>\n\t\t\t\t\t\t\t<\/div> \n\t\t\t\n        \n\t\t\t\t<div id=\"ngg-image-1\" class=\"ngg-gallery-thumbnail-box\" >\n\t\t\t\t        <div class=\"ngg-gallery-thumbnail\">\n            <a href=\"https:\/\/www.bilmerinsaat.com\/wp-content\/gallery\/kirazli_res_projesi\/kirazli__res__2.jpg\"\n               title=\"\"\n               data-src=\"https:\/\/www.bilmerinsaat.com\/wp-content\/gallery\/kirazli_res_projesi\/kirazli__res__2.jpg\"\n               data-thumbnail=\"https:\/\/www.bilmerinsaat.com\/wp-content\/gallery\/kirazli_res_projesi\/thumbs\/thumbs_kirazli__res__2.jpg\"\n               data-image-id=\"472\"\n               data-title=\"kirazli__res__2\"\n               data-description=\"\"\n               data-image-slug=\"kirazli__res__2\"\n               class=\"ngg-simplelightbox\" rel=\"ed4b36a79745a4274bf19b48e7544a9d\">\n                <img\n                    title=\"kirazli__res__2\"\n                    alt=\"kirazli__res__2\"\n                    src=\"https:\/\/www.bilmerinsaat.com\/wp-content\/gallery\/kirazli_res_projesi\/thumbs\/thumbs_kirazli__res__2.jpg\"\n                    width=\"135\"\n                    height=\"102\"\n                    style=\"max-width:100%;\"\n                \/>\n            <\/a>\n        <\/div>\n\t\t\t\t\t\t\t<\/div> \n\t\t\t\n        \n\t\t\t\t<div id=\"ngg-image-2\" class=\"ngg-gallery-thumbnail-box\" >\n\t\t\t\t        <div class=\"ngg-gallery-thumbnail\">\n            <a href=\"https:\/\/www.bilmerinsaat.com\/wp-content\/gallery\/kirazli_res_projesi\/kirazli__res__3.jpg\"\n               title=\"\"\n               data-src=\"https:\/\/www.bilmerinsaat.com\/wp-content\/gallery\/kirazli_res_projesi\/kirazli__res__3.jpg\"\n               data-thumbnail=\"https:\/\/www.bilmerinsaat.com\/wp-content\/gallery\/kirazli_res_projesi\/thumbs\/thumbs_kirazli__res__3.jpg\"\n               data-image-id=\"473\"\n               data-title=\"kirazli__res__3\"\n               data-description=\"\"\n               data-image-slug=\"kirazli__res__3\"\n               class=\"ngg-simplelightbox\" rel=\"ed4b36a79745a4274bf19b48e7544a9d\">\n                <img\n                    title=\"kirazli__res__3\"\n                    alt=\"kirazli__res__3\"\n                    src=\"https:\/\/www.bilmerinsaat.com\/wp-content\/gallery\/kirazli_res_projesi\/thumbs\/thumbs_kirazli__res__3.jpg\"\n                    width=\"135\"\n                    height=\"102\"\n                    style=\"max-width:100%;\"\n                \/>\n            <\/a>\n        <\/div>\n\t\t\t\t\t\t\t<\/div> \n\t\t\t\n        \n\t\t\t\t<div id=\"ngg-image-3\" class=\"ngg-gallery-thumbnail-box\" >\n\t\t\t\t        <div class=\"ngg-gallery-thumbnail\">\n            <a href=\"https:\/\/www.bilmerinsaat.com\/wp-content\/gallery\/kirazli_res_projesi\/kirazli__res__A.jpg\"\n               title=\"\"\n               data-src=\"https:\/\/www.bilmerinsaat.com\/wp-content\/gallery\/kirazli_res_projesi\/kirazli__res__A.jpg\"\n               data-thumbnail=\"https:\/\/www.bilmerinsaat.com\/wp-content\/gallery\/kirazli_res_projesi\/thumbs\/thumbs_kirazli__res__A.jpg\"\n               data-image-id=\"490\"\n               data-title=\"kirazli__res__A\"\n               data-description=\"\"\n               data-image-slug=\"kirazli__res__a\"\n               class=\"ngg-simplelightbox\" rel=\"ed4b36a79745a4274bf19b48e7544a9d\">\n                <img\n                    title=\"kirazli__res__A\"\n                    alt=\"kirazli__res__A\"\n                    src=\"https:\/\/www.bilmerinsaat.com\/wp-content\/gallery\/kirazli_res_projesi\/thumbs\/thumbs_kirazli__res__A.jpg\"\n                    width=\"135\"\n                    height=\"102\"\n                    style=\"max-width:100%;\"\n                \/>\n            <\/a>\n        <\/div>\n\t\t\t\t\t\t\t<\/div> \n\t\t\t\n        \n\t\t\t\t<div id=\"ngg-image-4\" class=\"ngg-gallery-thumbnail-box\" >\n\t\t\t\t        <div class=\"ngg-gallery-thumbnail\">\n            <a href=\"https:\/\/www.bilmerinsaat.com\/wp-content\/gallery\/kirazli_res_projesi\/kirazli__res__B.jpg\"\n               title=\"\"\n               data-src=\"https:\/\/www.bilmerinsaat.com\/wp-content\/gallery\/kirazli_res_projesi\/kirazli__res__B.jpg\"\n               data-thumbnail=\"https:\/\/www.bilmerinsaat.com\/wp-content\/gallery\/kirazli_res_projesi\/thumbs\/thumbs_kirazli__res__B.jpg\"\n               data-image-id=\"491\"\n               data-title=\"kirazli__res__B\"\n               data-description=\"\"\n               data-image-slug=\"kirazli__res__b\"\n               class=\"ngg-simplelightbox\" rel=\"ed4b36a79745a4274bf19b48e7544a9d\">\n                <img\n                    title=\"kirazli__res__B\"\n                    alt=\"kirazli__res__B\"\n                    src=\"https:\/\/www.bilmerinsaat.com\/wp-content\/gallery\/kirazli_res_projesi\/thumbs\/thumbs_kirazli__res__B.jpg\"\n                    width=\"135\"\n                    height=\"102\"\n                    style=\"max-width:100%;\"\n                \/>\n            <\/a>\n        <\/div>\n\t\t\t\t\t\t\t<\/div> \n\t\t\t\n        \n\t\t\t\t<div id=\"ngg-image-5\" class=\"ngg-gallery-thumbnail-box\" >\n\t\t\t\t        <div class=\"ngg-gallery-thumbnail\">\n            <a href=\"https:\/\/www.bilmerinsaat.com\/wp-content\/gallery\/kirazli_res_projesi\/kirazli__res__C.jpg\"\n               title=\"\"\n               data-src=\"https:\/\/www.bilmerinsaat.com\/wp-content\/gallery\/kirazli_res_projesi\/kirazli__res__C.jpg\"\n               data-thumbnail=\"https:\/\/www.bilmerinsaat.com\/wp-content\/gallery\/kirazli_res_projesi\/thumbs\/thumbs_kirazli__res__C.jpg\"\n               data-image-id=\"492\"\n               data-title=\"kirazli__res__C\"\n               data-description=\"\"\n               data-image-slug=\"kirazli__res__c\"\n               class=\"ngg-simplelightbox\" rel=\"ed4b36a79745a4274bf19b48e7544a9d\">\n                <img\n                    title=\"kirazli__res__C\"\n                    alt=\"kirazli__res__C\"\n                    src=\"https:\/\/www.bilmerinsaat.com\/wp-content\/gallery\/kirazli_res_projesi\/thumbs\/thumbs_kirazli__res__C.jpg\"\n                    width=\"135\"\n                    height=\"102\"\n                    style=\"max-width:100%;\"\n                \/>\n            <\/a>\n        <\/div>\n\t\t\t\t\t\t\t<\/div> \n\t\t\t\n        \n\t\t\t\t<div id=\"ngg-image-6\" class=\"ngg-gallery-thumbnail-box\" >\n\t\t\t\t        <div class=\"ngg-gallery-thumbnail\">\n            <a href=\"https:\/\/www.bilmerinsaat.com\/wp-content\/gallery\/kirazli_res_projesi\/kirazli__res__D.jpg\"\n               title=\"\"\n               data-src=\"https:\/\/www.bilmerinsaat.com\/wp-content\/gallery\/kirazli_res_projesi\/kirazli__res__D.jpg\"\n               data-thumbnail=\"https:\/\/www.bilmerinsaat.com\/wp-content\/gallery\/kirazli_res_projesi\/thumbs\/thumbs_kirazli__res__D.jpg\"\n               data-image-id=\"493\"\n               data-title=\"kirazli__res__D\"\n               data-description=\"\"\n               data-image-slug=\"kirazli__res__d\"\n               class=\"ngg-simplelightbox\" rel=\"ed4b36a79745a4274bf19b48e7544a9d\">\n                <img\n                    title=\"kirazli__res__D\"\n                    alt=\"kirazli__res__D\"\n                    src=\"https:\/\/www.bilmerinsaat.com\/wp-content\/gallery\/kirazli_res_projesi\/thumbs\/thumbs_kirazli__res__D.jpg\"\n                    width=\"135\"\n                    height=\"102\"\n                    style=\"max-width:100%;\"\n                \/>\n            <\/a>\n        <\/div>\n\t\t\t\t\t\t\t<\/div> \n\t\t\t\n        \n\t\t\t\t<div id=\"ngg-image-7\" class=\"ngg-gallery-thumbnail-box\" >\n\t\t\t\t        <div class=\"ngg-gallery-thumbnail\">\n            <a href=\"https:\/\/www.bilmerinsaat.com\/wp-content\/gallery\/kirazli_res_projesi\/kirazli__res__E.jpg\"\n               title=\"\"\n               data-src=\"https:\/\/www.bilmerinsaat.com\/wp-content\/gallery\/kirazli_res_projesi\/kirazli__res__E.jpg\"\n               data-thumbnail=\"https:\/\/www.bilmerinsaat.com\/wp-content\/gallery\/kirazli_res_projesi\/thumbs\/thumbs_kirazli__res__E.jpg\"\n               data-image-id=\"494\"\n               data-title=\"kirazli__res__E\"\n               data-description=\"\"\n               data-image-slug=\"kirazli__res__e\"\n               class=\"ngg-simplelightbox\" rel=\"ed4b36a79745a4274bf19b48e7544a9d\">\n                <img\n                    title=\"kirazli__res__E\"\n                    alt=\"kirazli__res__E\"\n                    src=\"https:\/\/www.bilmerinsaat.com\/wp-content\/gallery\/kirazli_res_projesi\/thumbs\/thumbs_kirazli__res__E.jpg\"\n                    width=\"135\"\n                    height=\"102\"\n                    style=\"max-width:100%;\"\n                \/>\n            <\/a>\n        <\/div>\n\t\t\t\t\t\t\t<\/div> \n\t\t\t\n        \n\t\t\t\t<div id=\"ngg-image-8\" class=\"ngg-gallery-thumbnail-box\" >\n\t\t\t\t        <div class=\"ngg-gallery-thumbnail\">\n            <a href=\"https:\/\/www.bilmerinsaat.com\/wp-content\/gallery\/kirazli_res_projesi\/kirazli__res__F.jpg\"\n               title=\"\"\n               data-src=\"https:\/\/www.bilmerinsaat.com\/wp-content\/gallery\/kirazli_res_projesi\/kirazli__res__F.jpg\"\n               data-thumbnail=\"https:\/\/www.bilmerinsaat.com\/wp-content\/gallery\/kirazli_res_projesi\/thumbs\/thumbs_kirazli__res__F.jpg\"\n               data-image-id=\"495\"\n               data-title=\"kirazli__res__F\"\n               data-description=\"\"\n               data-image-slug=\"kirazli__res__f\"\n               class=\"ngg-simplelightbox\" rel=\"ed4b36a79745a4274bf19b48e7544a9d\">\n                <img\n                    title=\"kirazli__res__F\"\n                    alt=\"kirazli__res__F\"\n                    src=\"https:\/\/www.bilmerinsaat.com\/wp-content\/gallery\/kirazli_res_projesi\/thumbs\/thumbs_kirazli__res__F.jpg\"\n                    width=\"135\"\n                    height=\"102\"\n                    style=\"max-width:100%;\"\n                \/>\n            <\/a>\n        <\/div>\n\t\t\t\t\t\t\t<\/div> \n\t\t\t\n        \n\t\t\t\t<div id=\"ngg-image-9\" class=\"ngg-gallery-thumbnail-box\" >\n\t\t\t\t        <div class=\"ngg-gallery-thumbnail\">\n            <a href=\"https:\/\/www.bilmerinsaat.com\/wp-content\/gallery\/kirazli_res_projesi\/kirazli__res__G.jpg\"\n               title=\"\"\n               data-src=\"https:\/\/www.bilmerinsaat.com\/wp-content\/gallery\/kirazli_res_projesi\/kirazli__res__G.jpg\"\n               data-thumbnail=\"https:\/\/www.bilmerinsaat.com\/wp-content\/gallery\/kirazli_res_projesi\/thumbs\/thumbs_kirazli__res__G.jpg\"\n               data-image-id=\"496\"\n               data-title=\"kirazli__res__G\"\n               data-description=\"\"\n               data-image-slug=\"kirazli__res__g\"\n               class=\"ngg-simplelightbox\" rel=\"ed4b36a79745a4274bf19b48e7544a9d\">\n                <img\n                    title=\"kirazli__res__G\"\n                    alt=\"kirazli__res__G\"\n                    src=\"https:\/\/www.bilmerinsaat.com\/wp-content\/gallery\/kirazli_res_projesi\/thumbs\/thumbs_kirazli__res__G.jpg\"\n                    width=\"135\"\n                    height=\"102\"\n                    style=\"max-width:100%;\"\n                \/>\n            <\/a>\n        <\/div>\n\t\t\t\t\t\t\t<\/div> \n\t\t\t\n        \n\t\t\n\t\t<!-- Pagination -->\n\t<div class='ngg-clear'><\/div>\t<\/div>\n<\/div>\n<p>[\/vc_column_text][\/vc_column][\/vc_row]<\/p>\n","protected":false},"excerpt":{"rendered":"<p>[vc_row][vc_column width=&#8221;1\/3&#8243;][vc_single_image image=&#8221;3654&#8243; img_size=&#8221;full&#8221;][\/vc_column][vc_column width=&#8221;2\/3&#8243;][vc_column_text] Project Name : Kirazl\u0131 Wind Power Plant Employer : RT &#038; T\u00dcRKERLER Adi Ortakl\u0131\u011f\u0131 Name of &#8230;<\/p>\n","protected":false},"author":1,"featured_media":0,"parent":0,"menu_order":0,"comment_status":"closed","ping_status":"closed","template":"","meta":{"ngg_post_thumbnail":0,"footnotes":""},"class_list":["post-3336","page","type-page","status-publish","hentry"],"yoast_head":"<!-- This site is optimized with the Yoast SEO plugin v15.5 - https:\/\/yoast.com\/wordpress\/plugins\/seo\/ -->\n<title>Kirazl\u0131 Wind Power Plant - Bilmer \u0130n\u015faat<\/title>\n<meta name=\"robots\" content=\"index, follow, max-snippet:-1, max-image-preview:large, max-video-preview:-1\" \/>\n<link rel=\"canonical\" href=\"https:\/\/www.bilmerinsaat.com\/tr\/kirazli-res-projesi\/\" \/>\n<meta property=\"og:locale\" content=\"en_US\" \/>\n<meta property=\"og:type\" content=\"article\" \/>\n<meta property=\"og:title\" content=\"Kirazl\u0131 Wind Power Plant\" \/>\n<meta property=\"og:description\" content=\"[vc_row][vc_column width=&#8221;1\/3&#8243;][vc_single_image image=&#8221;3654&#8243; img_size=&#8221;full&#8221;][\/vc_column][vc_column width=&#8221;2\/3&#8243;][vc_column_text] Project Name : Kirazl\u0131 Wind Power Plant Employer : RT &amp; T\u00dcRKERLER Adi Ortakl\u0131\u011f\u0131 Name of ...\" \/>\n<meta property=\"og:url\" content=\"https:\/\/www.bilmerinsaat.com\/tr\/kirazli-res-projesi\/\" \/>\n<meta property=\"og:site_name\" content=\"Bilmer \u0130n\u015faat\" \/>\n<meta property=\"article:modified_time\" content=\"2021-01-21T09:58:49+00:00\" \/>\n<meta property=\"og:image\" content=\"http:\/\/bilmerinsaat.com\/wp-content\/uploads\/2014\/04\/projedetaylari.png\" \/>\n<meta name=\"twitter:card\" content=\"summary_large_image\" \/>\n<meta name=\"twitter:label1\" content=\"Est. reading time\">\n\t<meta name=\"twitter:data1\" content=\"1 minutes\">\n<script type=\"application\/ld+json\" class=\"yoast-schema-graph\">{\"@context\":\"https:\/\/schema.org\",\"@graph\":[{\"@type\":\"WebSite\",\"@id\":\"https:\/\/www.bilmerinsaat.com\/tr\/#website\",\"url\":\"https:\/\/www.bilmerinsaat.com\/tr\/\",\"name\":\"Bilmer \\u0130n\\u015faat\",\"description\":\"\",\"potentialAction\":[{\"@type\":\"SearchAction\",\"target\":\"https:\/\/www.bilmerinsaat.com\/tr\/?s={search_term_string}\",\"query-input\":\"required name=search_term_string\"}],\"inLanguage\":\"en-US\"},{\"@type\":\"ImageObject\",\"@id\":\"https:\/\/www.bilmerinsaat.com\/tr\/kirazli-res-projesi\/#primaryimage\",\"inLanguage\":\"en-US\",\"url\":\"http:\/\/bilmerinsaat.com\/wp-content\/uploads\/2014\/04\/projedetaylari.png\"},{\"@type\":\"WebPage\",\"@id\":\"https:\/\/www.bilmerinsaat.com\/tr\/kirazli-res-projesi\/#webpage\",\"url\":\"https:\/\/www.bilmerinsaat.com\/tr\/kirazli-res-projesi\/\",\"name\":\"[:tr]Kirazl\\u0131 RES Projesi[:en]Kirazl\\u0131 Wind Power Plant[:] - Bilmer \\u0130n\\u015faat\",\"isPartOf\":{\"@id\":\"https:\/\/www.bilmerinsaat.com\/tr\/#website\"},\"primaryImageOfPage\":{\"@id\":\"https:\/\/www.bilmerinsaat.com\/tr\/kirazli-res-projesi\/#primaryimage\"},\"datePublished\":\"2021-01-19T18:57:51+00:00\",\"dateModified\":\"2021-01-21T09:58:49+00:00\",\"inLanguage\":\"en-US\",\"potentialAction\":[{\"@type\":\"ReadAction\",\"target\":[\"https:\/\/www.bilmerinsaat.com\/tr\/kirazli-res-projesi\/\"]}]}]}<\/script>\n<!-- \/ Yoast SEO plugin. -->","_links":{"self":[{"href":"https:\/\/www.bilmerinsaat.com\/en\/wp-json\/wp\/v2\/pages\/3336","targetHints":{"allow":["GET"]}}],"collection":[{"href":"https:\/\/www.bilmerinsaat.com\/en\/wp-json\/wp\/v2\/pages"}],"about":[{"href":"https:\/\/www.bilmerinsaat.com\/en\/wp-json\/wp\/v2\/types\/page"}],"author":[{"embeddable":true,"href":"https:\/\/www.bilmerinsaat.com\/en\/wp-json\/wp\/v2\/users\/1"}],"replies":[{"embeddable":true,"href":"https:\/\/www.bilmerinsaat.com\/en\/wp-json\/wp\/v2\/comments?post=3336"}],"version-history":[{"count":15,"href":"https:\/\/www.bilmerinsaat.com\/en\/wp-json\/wp\/v2\/pages\/3336\/revisions"}],"predecessor-version":[{"id":3659,"href":"https:\/\/www.bilmerinsaat.com\/en\/wp-json\/wp\/v2\/pages\/3336\/revisions\/3659"}],"wp:attachment":[{"href":"https:\/\/www.bilmerinsaat.com\/en\/wp-json\/wp\/v2\/media?parent=3336"}],"curies":[{"name":"wp","href":"https:\/\/api.w.org\/{rel}","templated":true}]}}