{"id":159,"date":"2014-04-21T23:07:51","date_gmt":"2014-04-21T20:07:51","guid":{"rendered":"http:\/\/raynoserver.com\/bilmer\/?page_id=159"},"modified":"2021-02-24T20:26:24","modified_gmt":"2021-02-24T17:26:24","slug":"projeler","status":"publish","type":"page","link":"https:\/\/www.bilmerinsaat.com\/en\/projeler\/","title":{"rendered":"Project"},"content":{"rendered":"<p>[vc_row][vc_column][vc_text_separator title=&#8221;Wind Power Plant&#8221;][\/vc_column][\/vc_row][vc_row][vc_column width=&#8221;1\/3&#8243;][vc_single_image image=&#8221;3664&#8243; img_size=&#8221;300&#215;200&#8243; alignment=&#8221;center&#8221; onclick=&#8221;custom_link&#8221; title=&#8221;\u015eile Wind Power Plant&#8221; link=&#8221;http:\/\/www.bilmerinsaat.com\/en\/sile-res-projesi\/&#8221; css=&#8221;.vc_custom_1611224571867{padding-top: 20px !important;padding-right: 20px !important;padding-bottom: 20px !important;padding-left: 20px !important;background-color: #f8f9f9 !important;}&#8221;][\/vc_column][vc_column width=&#8221;1\/3&#8243;][vc_single_image image=&#8221;3523&#8243; img_size=&#8221;300&#215;200&#8243; alignment=&#8221;center&#8221; onclick=&#8221;custom_link&#8221; title=&#8221;MSP Wind Power Plant&#8221; link=&#8221;http:\/\/www.bilmerinsaat.com\/en\/msp-res-projesi\/&#8221; css=&#8221;.vc_custom_1611149625046{padding-top: 20px !important;padding-right: 20px !important;padding-bottom: 20px !important;padding-left: 20px !important;background-color: #f8f9f9 !important;}&#8221;][\/vc_column][vc_column width=&#8221;1\/3&#8243;][vc_single_image image=&#8221;3629&#8243; img_size=&#8221;300&#215;200&#8243; alignment=&#8221;center&#8221; onclick=&#8221;custom_link&#8221; title=&#8221;Pamukova Wind Power Plant&#8221; link=&#8221;http:\/\/www.bilmerinsaat.com\/en\/pamukova-res-projesi\/&#8221; css=&#8221;.vc_custom_1611157353255{padding-top: 20px !important;padding-right: 20px !important;padding-bottom: 20px !important;padding-left: 20px !important;background-color: #f8f9f9 !important;}&#8221;][\/vc_column][\/vc_row][vc_row][vc_column width=&#8221;1\/3&#8243;][vc_single_image image=&#8221;3654&#8243; img_size=&#8221;300&#215;200&#8243; alignment=&#8221;center&#8221; onclick=&#8221;custom_link&#8221; title=&#8221;Kirazl\u0131 Wind Power Plant&#8221; link=&#8221;http:\/\/www.bilmerinsaat.com\/en\/kirazli-res-projesi\/&#8221; css=&#8221;.vc_custom_1611222999612{padding-top: 20px !important;padding-right: 20px !important;padding-bottom: 20px !important;padding-left: 20px !important;background-color: #f8f9f9 !important;}&#8221;][\/vc_column][vc_column width=&#8221;1\/3&#8243;][vc_single_image image=&#8221;3649&#8243; img_size=&#8221;300&#215;200&#8243; alignment=&#8221;center&#8221; onclick=&#8221;custom_link&#8221; title=&#8221;Meryem Wind Power Plant&#8221; link=&#8221;http:\/\/www.bilmerinsaat.com\/en\/meryem-res-projesi\/&#8221; css=&#8221;.vc_custom_1611222640404{padding-top: 20px !important;padding-right: 20px !important;padding-bottom: 20px !important;padding-left: 20px !important;background-color: #f8f9f9 !important;}&#8221;][\/vc_column][vc_column width=&#8221;1\/3&#8243;][vc_single_image image=&#8221;3473&#8243; img_size=&#8221;300&#215;200&#8243; alignment=&#8221;center&#8221; onclick=&#8221;custom_link&#8221; title=&#8221;\u00c7anta Wind Energy Farm&#8221; link=&#8221;http:\/\/www.bilmerinsaat.com\/en\/projeler\/canta-ruzgar-enerji-santrali\/&#8221; css=&#8221;.vc_custom_1611139276998{padding-top: 20px !important;padding-right: 20px !important;padding-bottom: 20px !important;padding-left: 20px !important;background-color: #f8f9f9 !important;}&#8221;][\/vc_column][\/vc_row][vc_row][vc_column width=&#8221;1\/3&#8243;][vc_single_image image=&#8221;3477&#8243; img_size=&#8221;300&#215;200&#8243; alignment=&#8221;center&#8221; onclick=&#8221;custom_link&#8221; title=&#8221;S\u00d6KE &#8211; \u00c7ATALB\u00dcK WIND ENERGY FARM&#8221; link=&#8221;http:\/\/www.bilmerinsaat.com\/en\/projeler\/soke-catalbuk-ruzgar-enerji-santrali-30-mw\/&#8221; css=&#8221;.vc_custom_1611140436774{padding-top: 20px !important;padding-right: 20px !important;padding-bottom: 20px !important;padding-left: 20px !important;background-color: #f8f9f9 !important;}&#8221;][\/vc_column][vc_column width=&#8221;1\/3&#8243;][vc_single_image image=&#8221;3481&#8243; img_size=&#8221;300&#215;200&#8243; alignment=&#8221;center&#8221; onclick=&#8221;custom_link&#8221; title=&#8221;\u0130NTEPE (ANEMON) WIND ENERGY FARM&#8221; link=&#8221;http:\/\/www.bilmerinsaat.com\/en\/projeler\/intepe-anemon-ruzgar-enerji-santralleri-304-mw\/&#8221; css=&#8221;.vc_custom_1611141035818{padding-top: 20px !important;padding-right: 20px !important;padding-bottom: 20px !important;padding-left: 20px !important;background-color: #f8f9f9 !important;}&#8221;][\/vc_column][vc_column width=&#8221;1\/3&#8243;][vc_single_image image=&#8221;3485&#8243; img_size=&#8221;300&#215;200&#8243; alignment=&#8221;center&#8221; onclick=&#8221;custom_link&#8221; title=&#8221;KUYUCAK WIND ENERGY FARM&#8221; link=&#8221;http:\/\/www.bilmerinsaat.com\/en\/projeler\/kuyucak-ruzgar-enerji-santrali-256-mw\/&#8221; css=&#8221;.vc_custom_1611141507552{padding-top: 20px !important;padding-right: 20px !important;padding-bottom: 20px !important;padding-left: 20px !important;background-color: #f8f9f9 !important;}&#8221;][\/vc_column][\/vc_row][vc_row][vc_column width=&#8221;1\/3&#8243;][vc_single_image image=&#8221;3489&#8243; img_size=&#8221;300&#215;200&#8243; alignment=&#8221;center&#8221; onclick=&#8221;custom_link&#8221; title=&#8221;\u00c7AMSEKI (\u00dcVECIK) WIND ENERGY FARM&#8221; link=&#8221;http:\/\/www.bilmerinsaat.com\/en\/projeler\/camseki-uvecik-ruzgar-enerji-santralleri-208-mw\/&#8221; css=&#8221;.vc_custom_1611143064943{padding-top: 20px !important;padding-right: 20px !important;padding-bottom: 20px !important;padding-left: 20px !important;background-color: #f8f9f9 !important;}&#8221;][\/vc_column][vc_column width=&#8221;1\/3&#8243;][vc_single_image image=&#8221;3493&#8243; img_size=&#8221;300&#215;200&#8243; alignment=&#8221;center&#8221; onclick=&#8221;custom_link&#8221; title=&#8221;KELTEPE WIND ENERGY FARM&#8221; link=&#8221;http:\/\/www.bilmerinsaat.com\/en\/projeler\/keltepe-ruzgar-enerji-santralleri-207-mw\/&#8221; css=&#8221;.vc_custom_1611143442950{padding-top: 20px !important;padding-right: 20px !important;padding-bottom: 20px !important;padding-left: 20px !important;background-color: #f8f9f9 !important;}&#8221;][\/vc_column][vc_column width=&#8221;1\/3&#8243;][vc_single_image image=&#8221;3497&#8243; img_size=&#8221;300&#215;200&#8243; alignment=&#8221;center&#8221; onclick=&#8221;custom_link&#8221; title=&#8221;\u00c7E\u015eME ALA\u00c7ATI WIND ENERGY FARM&#8221; link=&#8221;http:\/\/www.bilmerinsaat.com\/en\/projeler\/cesme-alacati-ruzgar-enerji-santrali\/&#8221; css=&#8221;.vc_custom_1611144446318{padding-top: 20px !important;padding-right: 20px !important;padding-bottom: 20px !important;padding-left: 20px !important;background-color: #f8f9f9 !important;}&#8221;][\/vc_column][\/vc_row][vc_row][vc_column width=&#8221;1\/3&#8243;][vc_single_image image=&#8221;3503&#8243; img_size=&#8221;300&#215;200&#8243; alignment=&#8221;center&#8221; onclick=&#8221;custom_link&#8221; title=&#8221;BURGAZ WIND ENERGY FARM&#8221; link=&#8221;http:\/\/www.bilmerinsaat.com\/en\/projeler\/burgaz-ruzgar-enerji-santralleri-149-mw\/&#8221; css=&#8221;.vc_custom_1611144885497{padding-top: 20px !important;padding-right: 20px !important;padding-bottom: 20px !important;padding-left: 20px !important;background-color: #f8f9f9 !important;}&#8221;][\/vc_column][vc_column width=&#8221;1\/3&#8243;][\/vc_column][vc_column width=&#8221;1\/3&#8243;][\/vc_column][\/vc_row][vc_row][vc_column][vc_text_separator title=&#8221;Other Projects&#8221;][\/vc_column][\/vc_row][vc_row][vc_column width=&#8221;1\/3&#8243;][vc_single_image image=&#8221;3407&#8243; img_size=&#8221;300&#215;200&#8243; alignment=&#8221;center&#8221; onclick=&#8221;custom_link&#8221; title=&#8221;Turk Stream Receving Terminal Project&#8221; link=&#8221;http:\/\/www.bilmerinsaat.com\/en\/turk-akimi-alim-terminali-projesi\/&#8221; css=&#8221;.vc_custom_1611090634165{padding-top: 20px !important;padding-right: 20px !important;padding-bottom: 20px !important;padding-left: 20px !important;background-color: #f8f9f9 !important;}&#8221;][\/vc_column][vc_column width=&#8221;1\/3&#8243;][vc_single_image image=&#8221;3721&#8243; img_size=&#8221;300&#215;200&#8243; alignment=&#8221;center&#8221; onclick=&#8221;custom_link&#8221; title=&#8221;Sanat Building Construction INC.&#8221; link=&#8221;http:\/\/www.bilmerinsaat.com\/en\/sanat-yapi-insaat-a-s\/&#8221; css=&#8221;.vc_custom_1614187585130{padding-top: 20px !important;padding-right: 20px !important;padding-bottom: 20px !important;padding-left: 20px !important;background-color: #f8f9f9 !important;}&#8221;][\/vc_column][vc_column width=&#8221;1\/3&#8243;][\/vc_column][\/vc_row][vc_row][vc_column][vc_text_separator title=&#8221;Hotel and Marina Construction&#8221;][\/vc_column][\/vc_row][vc_row][vc_column width=&#8221;1\/3&#8243;][vc_single_image image=&#8221;3508&#8243; img_size=&#8221;300&#215;200&#8243; alignment=&#8221;center&#8221; onclick=&#8221;custom_link&#8221; title=&#8221;G\u00d6CEK MARINA AND YACHT SLIPWAY&#8221; link=&#8221;http:\/\/www.bilmerinsaat.com\/en\/projeler\/gocek-marina\/&#8221; css=&#8221;.vc_custom_1611146030471{padding-top: 20px !important;padding-right: 20px !important;padding-bottom: 20px !important;padding-left: 20px !important;background-color: #f8f9f9 !important;}&#8221;][\/vc_column][vc_column width=&#8221;1\/3&#8243;][\/vc_column][vc_column width=&#8221;1\/3&#8243;][\/vc_column][\/vc_row][vc_row][vc_column][vc_text_separator title=&#8221;Factory Construction&#8221;][\/vc_column][\/vc_row][vc_row][vc_column width=&#8221;1\/3&#8243;][vc_single_image image=&#8221;3512&#8243; img_size=&#8221;300&#215;200&#8243; alignment=&#8221;center&#8221; onclick=&#8221;custom_link&#8221; title=&#8221;BOSCH FACTORY BUILDING ROOF&#8221; link=&#8221;http:\/\/www.bilmerinsaat.com\/en\/projeler\/bosch-fabrika-binasi-cati-sistemleri\/&#8221; css=&#8221;.vc_custom_1611146508877{padding-top: 20px !important;padding-right: 20px !important;padding-bottom: 20px !important;padding-left: 20px !important;background-color: #f8f9f9 !important;}&#8221;][\/vc_column][vc_column width=&#8221;1\/3&#8243;][vc_single_image image=&#8221;3517&#8243; img_size=&#8221;300&#215;200&#8243; alignment=&#8221;center&#8221; onclick=&#8221;custom_link&#8221; title=&#8221;\u00d6RS-EL LEATHER&#038;SHOE FACTORY&#8221; link=&#8221;http:\/\/www.bilmerinsaat.com\/en\/projeler\/ors-el-deri-ayakkabi-fabrika\/&#8221; css=&#8221;.vc_custom_1611146833929{padding-top: 20px !important;padding-right: 20px !important;padding-bottom: 20px !important;padding-left: 20px !important;background-color: #f8f9f9 !important;}&#8221;][\/vc_column][vc_column width=&#8221;1\/3&#8243;][\/vc_column][\/vc_row]<\/p>\n","protected":false},"excerpt":{"rendered":"<p>[vc_row][vc_column][vc_text_separator title=&#8221;Wind Power Plant&#8221;][\/vc_column][\/vc_row][vc_row][vc_column width=&#8221;1\/3&#8243;][vc_single_image image=&#8221;3664&#8243; img_size=&#8221;300&#215;200&#8243; alignment=&#8221;center&#8221; onclick=&#8221;custom_link&#8221; title=&#8221;\u015eile Wind Power Plant&#8221; link=&#8221;http:\/\/www.bilmerinsaat.com\/en\/sile-res-projesi\/&#8221; css=&#8221;.vc_custom_1611224571867{padding-top: 20px !important;padding-right: 20px !important;padding-bottom: 20px !important;padding-left: &#8230;<\/p>\n","protected":false},"author":1,"featured_media":0,"parent":0,"menu_order":0,"comment_status":"open","ping_status":"open","template":"","meta":{"ngg_post_thumbnail":0,"footnotes":""},"class_list":["post-159","page","type-page","status-publish","hentry"],"yoast_head":"<!-- This site is optimized with the Yoast SEO plugin v15.5 - https:\/\/yoast.com\/wordpress\/plugins\/seo\/ -->\n<title>Project - Bilmer \u0130n\u015faat<\/title>\n<meta name=\"robots\" content=\"index, follow, max-snippet:-1, max-image-preview:large, max-video-preview:-1\" \/>\n<link rel=\"canonical\" href=\"https:\/\/www.bilmerinsaat.com\/en\/projeler\/\" \/>\n<meta property=\"og:locale\" content=\"en_US\" \/>\n<meta property=\"og:type\" content=\"article\" \/>\n<meta property=\"og:title\" content=\"Project\" \/>\n<meta property=\"og:description\" content=\"[vc_row][vc_column][vc_text_separator title=&#8221;Wind Power Plant&#8221;][\/vc_column][\/vc_row][vc_row][vc_column width=&#8221;1\/3&#8243;][vc_single_image image=&#8221;3664&#8243; img_size=&#8221;300&#215;200&#8243; alignment=&#8221;center&#8221; onclick=&#8221;custom_link&#8221; title=&#8221;\u015eile Wind Power Plant&#8221; link=&#8221;http:\/\/www.bilmerinsaat.com\/en\/sile-res-projesi\/&#8221; css=&#8221;.vc_custom_1611224571867{padding-top: 20px !important;padding-right: 20px !important;padding-bottom: 20px !important;padding-left: ...\" \/>\n<meta property=\"og:url\" content=\"https:\/\/www.bilmerinsaat.com\/en\/projeler\/\" \/>\n<meta property=\"og:site_name\" content=\"Bilmer \u0130n\u015faat\" \/>\n<meta property=\"article:modified_time\" content=\"2021-02-24T17:26:24+00:00\" \/>\n<meta name=\"twitter:card\" content=\"summary_large_image\" \/>\n<meta name=\"twitter:label1\" content=\"Est. reading time\">\n\t<meta name=\"twitter:data1\" content=\"8 minutes\">\n<script type=\"application\/ld+json\" class=\"yoast-schema-graph\">{\"@context\":\"https:\/\/schema.org\",\"@graph\":[{\"@type\":\"WebSite\",\"@id\":\"https:\/\/www.bilmerinsaat.com\/tr\/#website\",\"url\":\"https:\/\/www.bilmerinsaat.com\/tr\/\",\"name\":\"Bilmer \\u0130n\\u015faat\",\"description\":\"\",\"potentialAction\":[{\"@type\":\"SearchAction\",\"target\":\"https:\/\/www.bilmerinsaat.com\/tr\/?s={search_term_string}\",\"query-input\":\"required name=search_term_string\"}],\"inLanguage\":\"en-US\"},{\"@type\":\"WebPage\",\"@id\":\"https:\/\/www.bilmerinsaat.com\/en\/projeler\/#webpage\",\"url\":\"https:\/\/www.bilmerinsaat.com\/en\/projeler\/\",\"name\":\"[:tr]Projeler[:en]Project[:] - Bilmer \\u0130n\\u015faat\",\"isPartOf\":{\"@id\":\"https:\/\/www.bilmerinsaat.com\/tr\/#website\"},\"datePublished\":\"2014-04-21T20:07:51+00:00\",\"dateModified\":\"2021-02-24T17:26:24+00:00\",\"inLanguage\":\"en-US\",\"potentialAction\":[{\"@type\":\"ReadAction\",\"target\":[\"https:\/\/www.bilmerinsaat.com\/en\/projeler\/\"]}]}]}<\/script>\n<!-- \/ Yoast SEO plugin. -->","_links":{"self":[{"href":"https:\/\/www.bilmerinsaat.com\/en\/wp-json\/wp\/v2\/pages\/159","targetHints":{"allow":["GET"]}}],"collection":[{"href":"https:\/\/www.bilmerinsaat.com\/en\/wp-json\/wp\/v2\/pages"}],"about":[{"href":"https:\/\/www.bilmerinsaat.com\/en\/wp-json\/wp\/v2\/types\/page"}],"author":[{"embeddable":true,"href":"https:\/\/www.bilmerinsaat.com\/en\/wp-json\/wp\/v2\/users\/1"}],"replies":[{"embeddable":true,"href":"https:\/\/www.bilmerinsaat.com\/en\/wp-json\/wp\/v2\/comments?post=159"}],"version-history":[{"count":84,"href":"https:\/\/www.bilmerinsaat.com\/en\/wp-json\/wp\/v2\/pages\/159\/revisions"}],"predecessor-version":[{"id":3736,"href":"https:\/\/www.bilmerinsaat.com\/en\/wp-json\/wp\/v2\/pages\/159\/revisions\/3736"}],"wp:attachment":[{"href":"https:\/\/www.bilmerinsaat.com\/en\/wp-json\/wp\/v2\/media?parent=159"}],"curies":[{"name":"wp","href":"https:\/\/api.w.org\/{rel}","templated":true}]}}