{"id":155,"date":"2014-04-21T23:07:17","date_gmt":"2014-04-21T20:07:17","guid":{"rendered":"http:\/\/raynoserver.com\/bilmer\/?page_id=155"},"modified":"2021-01-22T12:19:45","modified_gmt":"2021-01-22T09:19:45","slug":"fabrika-insaati","status":"publish","type":"page","link":"https:\/\/www.bilmerinsaat.com\/en\/faliyet-alanlari\/fabrika-insaati\/","title":{"rendered":"Factory Construction"},"content":{"rendered":"<table style=\"width: 750px;\">\n<thead>\n<tr>\n<th style=\"text-align: left;\" width=\"380\">Project Name<\/th>\n<th style=\"text-align: left;\" width=\"280\">Employer<\/th>\n<\/tr>\n<\/thead>\n<tbody>\n<tr>\n<td bgcolor=\"#e8e8ea\"><b><a href=\"http:\/\/www.bilmerinsaat.com\/en\/projeler\/bosch-fabrika-binasi-cati-sistemleri\/\">BOSCH Factory Building Roof System Consruction<\/a><\/b><\/td>\n<td bgcolor=\"#e8e8ea\">\u00dcstay Baram Adi Ortakl\u0131\u011f\u0131<\/td>\n<\/tr>\n<tr>\n<td><b><a href=\"http:\/\/www.bilmerinsaat.com\/en\/projeler\/ors-el-deri-ayakkabi-fabrika\/\">\u00d6rs-el Leather&#038;Shoe Factory Building Renovation and Decoration<\/a><\/b><\/td>\n<td>\u00d6rs-el Deri Ayakkab\u0131 Lastik \u0130m. San. ve Tic. A.\u015e.<\/td>\n<\/tr>\n<\/tbody>\n<\/table>\n","protected":false},"excerpt":{"rendered":"<p>Project Name Employer BOSCH Factory Building Roof System Consruction \u00dcstay Baram Adi Ortakl\u0131\u011f\u0131 \u00d6rs-el Leather&#038;Shoe Factory Building Renovation and Decoration \u00d6rs-el &#8230;<\/p>\n","protected":false},"author":1,"featured_media":0,"parent":148,"menu_order":0,"comment_status":"open","ping_status":"open","template":"","meta":{"ngg_post_thumbnail":0,"footnotes":""},"class_list":["post-155","page","type-page","status-publish","hentry"],"yoast_head":"<!-- This site is optimized with the Yoast SEO plugin v15.5 - https:\/\/yoast.com\/wordpress\/plugins\/seo\/ -->\n<title>Factory Construction - Bilmer \u0130n\u015faat<\/title>\n<meta name=\"robots\" content=\"index, follow, max-snippet:-1, max-image-preview:large, max-video-preview:-1\" \/>\n<link rel=\"canonical\" href=\"https:\/\/www.bilmerinsaat.com\/tr\/faliyet-alanlari\/fabrika-insaati\/\" \/>\n<meta property=\"og:locale\" content=\"en_US\" \/>\n<meta property=\"og:type\" content=\"article\" \/>\n<meta property=\"og:title\" content=\"Factory Construction\" \/>\n<meta property=\"og:description\" content=\"Project Name Employer BOSCH Factory Building Roof System Consruction \u00dcstay Baram Adi Ortakl\u0131\u011f\u0131 \u00d6rs-el Leather&amp;Shoe Factory Building Renovation and Decoration \u00d6rs-el ...\" \/>\n<meta property=\"og:url\" content=\"https:\/\/www.bilmerinsaat.com\/tr\/faliyet-alanlari\/fabrika-insaati\/\" \/>\n<meta property=\"og:site_name\" content=\"Bilmer \u0130n\u015faat\" \/>\n<meta property=\"article:modified_time\" content=\"2021-01-22T09:19:45+00:00\" \/>\n<meta name=\"twitter:card\" content=\"summary_large_image\" \/>\n<meta name=\"twitter:label1\" content=\"Est. reading time\">\n\t<meta name=\"twitter:data1\" content=\"0 minutes\">\n<script type=\"application\/ld+json\" class=\"yoast-schema-graph\">{\"@context\":\"https:\/\/schema.org\",\"@graph\":[{\"@type\":\"WebSite\",\"@id\":\"https:\/\/www.bilmerinsaat.com\/tr\/#website\",\"url\":\"https:\/\/www.bilmerinsaat.com\/tr\/\",\"name\":\"Bilmer \\u0130n\\u015faat\",\"description\":\"\",\"potentialAction\":[{\"@type\":\"SearchAction\",\"target\":\"https:\/\/www.bilmerinsaat.com\/tr\/?s={search_term_string}\",\"query-input\":\"required name=search_term_string\"}],\"inLanguage\":\"en-US\"},{\"@type\":\"WebPage\",\"@id\":\"https:\/\/www.bilmerinsaat.com\/tr\/faliyet-alanlari\/fabrika-insaati\/#webpage\",\"url\":\"https:\/\/www.bilmerinsaat.com\/tr\/faliyet-alanlari\/fabrika-insaati\/\",\"name\":\"[:tr]Fabrika \\u0130n\\u015faat\\u0131[:en]Factory Construction[:] - Bilmer \\u0130n\\u015faat\",\"isPartOf\":{\"@id\":\"https:\/\/www.bilmerinsaat.com\/tr\/#website\"},\"datePublished\":\"2014-04-21T20:07:17+00:00\",\"dateModified\":\"2021-01-22T09:19:45+00:00\",\"inLanguage\":\"en-US\",\"potentialAction\":[{\"@type\":\"ReadAction\",\"target\":[\"https:\/\/www.bilmerinsaat.com\/tr\/faliyet-alanlari\/fabrika-insaati\/\"]}]}]}<\/script>\n<!-- \/ Yoast SEO plugin. -->","_links":{"self":[{"href":"https:\/\/www.bilmerinsaat.com\/en\/wp-json\/wp\/v2\/pages\/155","targetHints":{"allow":["GET"]}}],"collection":[{"href":"https:\/\/www.bilmerinsaat.com\/en\/wp-json\/wp\/v2\/pages"}],"about":[{"href":"https:\/\/www.bilmerinsaat.com\/en\/wp-json\/wp\/v2\/types\/page"}],"author":[{"embeddable":true,"href":"https:\/\/www.bilmerinsaat.com\/en\/wp-json\/wp\/v2\/users\/1"}],"replies":[{"embeddable":true,"href":"https:\/\/www.bilmerinsaat.com\/en\/wp-json\/wp\/v2\/comments?post=155"}],"version-history":[{"count":8,"href":"https:\/\/www.bilmerinsaat.com\/en\/wp-json\/wp\/v2\/pages\/155\/revisions"}],"predecessor-version":[{"id":3683,"href":"https:\/\/www.bilmerinsaat.com\/en\/wp-json\/wp\/v2\/pages\/155\/revisions\/3683"}],"up":[{"embeddable":true,"href":"https:\/\/www.bilmerinsaat.com\/en\/wp-json\/wp\/v2\/pages\/148"}],"wp:attachment":[{"href":"https:\/\/www.bilmerinsaat.com\/en\/wp-json\/wp\/v2\/media?parent=155"}],"curies":[{"name":"wp","href":"https:\/\/api.w.org\/{rel}","templated":true}]}}