{"id":151,"date":"2014-04-21T23:06:42","date_gmt":"2014-04-21T20:06:42","guid":{"rendered":"http:\/\/raynoserver.com\/bilmer\/?page_id=151"},"modified":"2021-01-22T05:11:22","modified_gmt":"2021-01-22T02:11:22","slug":"ruzgar-enerji-santralleri","status":"publish","type":"page","link":"https:\/\/www.bilmerinsaat.com\/en\/faliyet-alanlari\/ruzgar-enerji-santralleri\/","title":{"rendered":"Wind Energy Farm"},"content":{"rendered":"<p>[vc_row][vc_column][vc_column_text]<\/p>\n<table style=\"width: 750px;\">\n<thead>\n<tr>\n<th style=\"text-align: left;\" width=\"380\">Project Name<\/th>\n<th style=\"text-align: left;\" width=\"280\">Employer<\/th>\n<\/tr>\n<\/thead>\n<tbody>\n<tr>\n<td><strong><a href=\"http:\/\/www.bilmerinsaat.com\/en\/sile-res-projesi\/\">\u015eile Wind Power Plant (50 MW)<\/a><\/strong><\/td>\n<td>RT &#038; T\u00dcRKERLER AD\u0130 ORTAKLI\u011eI<\/td>\n<\/tr>\n<tr>\n<td bgcolor=\"#e8e8ea\"><strong><a href=\"http:\/\/www.bilmerinsaat.com\/en\/msp-res-projesi\/\">MSP Wind Power Plant (10,8 MW)<\/a><\/strong><\/td>\n<td bgcolor=\"#e8e8ea\">RT &#038; T\u00dcRKERLER AD\u0130 ORTAKLI\u011eI<\/td>\n<\/tr>\n<tr>\n<td><strong><a href=\"http:\/\/www.bilmerinsaat.com\/en\/pamukova-res-projesi\/\">Pamukova Wind Power Plant (20 MW)<\/a><\/strong><\/td>\n<td>RT &#038; T\u00dcRKERLER AD\u0130 ORTAKLI\u011eI<\/td>\n<\/tr>\n<tr>\n<td bgcolor=\"#e8e8ea\"><strong><a href=\"http:\/\/www.bilmerinsaat.com\/en\/kirazli-res-projesi\/\">Kirazl\u0131 Wind Power Plant (50,4 MW)<\/a><\/strong><\/td>\n<td bgcolor=\"#e8e8ea\">RT &#038; T\u00dcRKERLER AD\u0130 ORTAKLI\u011eI<\/td>\n<\/tr>\n<tr>\n<td><strong><a href=\"http:\/\/www.bilmerinsaat.com\/en\/meryem-res-projesi\/\">Meryem Wind Power Plant (30 MW)<\/a><\/strong><\/td>\n<td>RT &#038; T\u00dcRKERLER AD\u0130 ORTAKLI\u011eI<\/td>\n<\/tr>\n<tr>\n<td bgcolor=\"#e8e8ea\"><b><a href=\"http:\/\/www.bilmerinsaat.com\/en\/projeler\/cesme-alacati-ruzgar-enerji-santrali\/\">Ce\u015fme Ala\u00e7at\u0131 Wind Energy Farm (18 MW)<\/a><\/b><\/td>\n<td bgcolor=\"#e8e8ea\">ABK Enerji Elektrik \u00dcretim A.\u015e.<\/td>\n<\/tr>\n<tr>\n<td><b><a href=\"http:\/\/www.bilmerinsaat.com\/en\/projeler\/canta-ruzgar-enerji-santrali\/\">Canta Wind Energy Farm&nbsp;(47.5 MW)<\/a><\/b><\/td>\n<td>Boydak Enerji \u00dcretim ve Ticaret A.\u015e.<\/td>\n<\/tr>\n<tr>\n<td bgcolor=\"#e8e8ea\"><b><a href=\"http:\/\/www.bilmerinsaat.com\/en\/projeler\/soke-catalbuk-ruzgar-enerji-santrali-30-mw\/\">Soke &#8211; \u00c7atalbuk Wind Energy Farm (30 MW)<\/a><\/b><\/td>\n<td bgcolor=\"#e8e8ea\">ABK Enerji Elektrik \u00dcretim A.\u015e.<\/td>\n<\/tr>\n<tr>\n<td><b><a href=\"http:\/\/www.bilmerinsaat.com\/en\/projeler\/keltepe-ruzgar-enerji-santralleri-207-mw\/\">Keltepe Wind Energy Farm (20,7 MW)<\/a><\/b><\/td>\n<td>Alize Enerji Elektrik \u00dcretim A.\u015e.<\/td>\n<\/tr>\n<tr>\n<td bgcolor=\"#e8e8ea\"><b><a href=\"http:\/\/www.bilmerinsaat.com\/en\/projeler\/kuyucak-ruzgar-enerji-santrali-256-mw\/\">Kuyucak Wind Energy Farm (25,6 MW)<\/a><\/b><\/td>\n<td bgcolor=\"#e8e8ea\">Alize Elektrik \u00dcretim A.\u015e.<\/td>\n<\/tr>\n<tr>\n<td><b><a href=\"http:\/\/www.bilmerinsaat.com\/en\/projeler\/camseki-uvecik-ruzgar-enerji-santralleri-208-mw\/\">\u00c7amseki (\u00dcvecik) Wind Energy Farm (20,8 MW)<\/a><\/b><\/td>\n<td>Alize Enerji Elektrik \u00dcretim A.\u015e.<\/td>\n<\/tr>\n<tr>\n<td bgcolor=\"#e8e8ea\"><b><a href=\"http:\/\/www.bilmerinsaat.com\/en\/projeler\/intepe-anemon-ruzgar-enerji-santralleri-304-mw\/\">Intepe (Anemon) Wind Energy Farm (30,4 MW)<\/a><\/b><\/td>\n<td bgcolor=\"#e8e8ea\">Demirer Enerji \u00dcretim Sanayi Ve Ticaret A.\u015e<\/td>\n<\/tr>\n<tr>\n<td><b><a href=\"http:\/\/www.bilmerinsaat.com\/en\/projeler\/burgaz-ruzgar-enerji-santralleri-149-mw\/\">Burgaz Wind Energy Farm (14,9 MW)<\/a><\/b><\/td>\n<td>Demirer Enerji \u00dcretim Sanayi Ve Ticaret A.\u015e.<\/td>\n<\/tr>\n<\/tbody>\n<\/table>\n<p>[\/vc_column_text][\/vc_column][\/vc_row]<\/p>\n","protected":false},"excerpt":{"rendered":"<p>[vc_row][vc_column][vc_column_text] Project Name Employer \u015eile Wind Power Plant (50 MW) RT &#038; T\u00dcRKERLER AD\u0130 ORTAKLI\u011eI MSP Wind Power Plant (10,8 MW) &#8230;<\/p>\n","protected":false},"author":1,"featured_media":0,"parent":148,"menu_order":0,"comment_status":"open","ping_status":"open","template":"","meta":{"ngg_post_thumbnail":0,"footnotes":""},"class_list":["post-151","page","type-page","status-publish","hentry"],"yoast_head":"<!-- This site is optimized with the Yoast SEO plugin v15.5 - https:\/\/yoast.com\/wordpress\/plugins\/seo\/ -->\n<title>Wind Energy Farm - Bilmer \u0130n\u015faat<\/title>\n<meta name=\"robots\" content=\"index, follow, max-snippet:-1, max-image-preview:large, max-video-preview:-1\" \/>\n<link rel=\"canonical\" href=\"https:\/\/www.bilmerinsaat.com\/tr\/faliyet-alanlari\/ruzgar-enerji-santralleri\/\" \/>\n<meta property=\"og:locale\" content=\"en_US\" \/>\n<meta property=\"og:type\" content=\"article\" \/>\n<meta property=\"og:title\" content=\"Wind Energy Farm\" \/>\n<meta property=\"og:description\" content=\"[vc_row][vc_column][vc_column_text] Project Name Employer \u015eile Wind Power Plant (50 MW) RT &amp; T\u00dcRKERLER AD\u0130 ORTAKLI\u011eI MSP Wind Power Plant (10,8 MW) ...\" \/>\n<meta property=\"og:url\" content=\"https:\/\/www.bilmerinsaat.com\/tr\/faliyet-alanlari\/ruzgar-enerji-santralleri\/\" \/>\n<meta property=\"og:site_name\" content=\"Bilmer \u0130n\u015faat\" \/>\n<meta property=\"article:modified_time\" content=\"2021-01-22T02:11:22+00:00\" \/>\n<meta name=\"twitter:card\" content=\"summary_large_image\" \/>\n<meta name=\"twitter:label1\" content=\"Est. reading time\">\n\t<meta name=\"twitter:data1\" content=\"1 minutes\">\n<script type=\"application\/ld+json\" class=\"yoast-schema-graph\">{\"@context\":\"https:\/\/schema.org\",\"@graph\":[{\"@type\":\"WebSite\",\"@id\":\"https:\/\/www.bilmerinsaat.com\/tr\/#website\",\"url\":\"https:\/\/www.bilmerinsaat.com\/tr\/\",\"name\":\"Bilmer \\u0130n\\u015faat\",\"description\":\"\",\"potentialAction\":[{\"@type\":\"SearchAction\",\"target\":\"https:\/\/www.bilmerinsaat.com\/tr\/?s={search_term_string}\",\"query-input\":\"required name=search_term_string\"}],\"inLanguage\":\"en-US\"},{\"@type\":\"WebPage\",\"@id\":\"https:\/\/www.bilmerinsaat.com\/tr\/faliyet-alanlari\/ruzgar-enerji-santralleri\/#webpage\",\"url\":\"https:\/\/www.bilmerinsaat.com\/tr\/faliyet-alanlari\/ruzgar-enerji-santralleri\/\",\"name\":\"[:tr]R\\u00fczgar Enerji Santralleri[:en]Wind Energy Farm[:] - Bilmer \\u0130n\\u015faat\",\"isPartOf\":{\"@id\":\"https:\/\/www.bilmerinsaat.com\/tr\/#website\"},\"datePublished\":\"2014-04-21T20:06:42+00:00\",\"dateModified\":\"2021-01-22T02:11:22+00:00\",\"inLanguage\":\"en-US\",\"potentialAction\":[{\"@type\":\"ReadAction\",\"target\":[\"https:\/\/www.bilmerinsaat.com\/tr\/faliyet-alanlari\/ruzgar-enerji-santralleri\/\"]}]}]}<\/script>\n<!-- \/ Yoast SEO plugin. -->","_links":{"self":[{"href":"https:\/\/www.bilmerinsaat.com\/en\/wp-json\/wp\/v2\/pages\/151","targetHints":{"allow":["GET"]}}],"collection":[{"href":"https:\/\/www.bilmerinsaat.com\/en\/wp-json\/wp\/v2\/pages"}],"about":[{"href":"https:\/\/www.bilmerinsaat.com\/en\/wp-json\/wp\/v2\/types\/page"}],"author":[{"embeddable":true,"href":"https:\/\/www.bilmerinsaat.com\/en\/wp-json\/wp\/v2\/users\/1"}],"replies":[{"embeddable":true,"href":"https:\/\/www.bilmerinsaat.com\/en\/wp-json\/wp\/v2\/comments?post=151"}],"version-history":[{"count":35,"href":"https:\/\/www.bilmerinsaat.com\/en\/wp-json\/wp\/v2\/pages\/151\/revisions"}],"predecessor-version":[{"id":3678,"href":"https:\/\/www.bilmerinsaat.com\/en\/wp-json\/wp\/v2\/pages\/151\/revisions\/3678"}],"up":[{"embeddable":true,"href":"https:\/\/www.bilmerinsaat.com\/en\/wp-json\/wp\/v2\/pages\/148"}],"wp:attachment":[{"href":"https:\/\/www.bilmerinsaat.com\/en\/wp-json\/wp\/v2\/media?parent=151"}],"curies":[{"name":"wp","href":"https:\/\/api.w.org\/{rel}","templated":true}]}}