{"id":1328,"date":"2014-05-24T19:29:30","date_gmt":"2014-05-24T16:29:30","guid":{"rendered":"http:\/\/raynoserver.com\/bilmer\/?page_id=1328"},"modified":"2014-05-24T19:29:30","modified_gmt":"2014-05-24T16:29:30","slug":"bilmer-changed-its-route-to-energy","status":"publish","type":"page","link":"https:\/\/www.bilmerinsaat.com\/en\/bilmer-changed-its-route-to-energy\/","title":{"rendered":"Bilmer Changed its route to Energy"},"content":{"rendered":"<p>Bilmer in\u015faat, founded in 1995,\u00a0\u00a0has turned its direction to the energy sector while changing\u00a0\u00a0its\u00a0\u00a0shareholding structure in 2006. The company&#8217;s founding partner\u00a0\u00a0Cenk Bal\u00e7\u0131k said that since the renewable energy investments are in the rapidly increasing foresee,\u00a0\u00a0they will\u00a0\u00a0work mainly in this field . Being one of the rarely specialist companies in the wind power plant construction in Turkey,Bal\u00e7\u0131k replied the question\u00a0\u00a0\u00a0&#8220;Why are you interested in wind turbines construction with such a\u00a0\u00a0special\u00a0\u00a0attention &#8221; as\u00a0\u00a0&#8220;Not\u00a0\u00a0only the wind turbine construction, but\u00a0\u00a0all renewable energy-related manufacturing is important to think for our\u00a0\u00a0children who will grow in\u00a0\u00a0a cleaner world. Energy is an important growing subject from day to day in the world and this subject\u00a0\u00a0has created\u00a0\u00a0a new sector. This sector in Turkey is also developing rapidly. With the release of the renewable energy law in 2005, we realized that the investments will be multiplied.Therefore we have been focused on the construction of wind farms.<\/p>\n<p><b>Target : Leadership<\/b><\/p>\n<p>Bilmer \u0130n\u015faat has completed 4 wind energy farm projects 3 of which are in \u00c7anakkale, one in Band\u0131rma,\u00a0\u00a0Susurluk\u00a0as 85.1 mW in total.<\/p>\n<p>To the addition of his targets Bal\u00e7\u0131k added that: \u201cTo become\u00a0\u00a0a leadership in this sector at the end of the year 2009 we target\u00a0\u00a0to complete 35%of all of the total wind energy farm\u00a0\u00a0construction projects\u201d Bal\u00e7\u0131k has also signaled that they can become an investor in the energy sector\u00a0\u00a0instead of being only the constructor.<\/p>\n<p>Founded in 1995, Bilmer \u0130n\u015faat has changed its shareholding structure in 2006 with the participation of civil engineer Levent Korkmaz.Since then,Bilmer In\u015faat gets its attention in energy projects.<\/p>\n<p><b>PS: Bilmer In\u015faat has finished its partnership with Mr.Levent Korkmaz in december 2009.Since then, Cenk Bal\u00e7\u0131k continues his studies alone.\u00a0\u00a0<\/b><\/p>\n","protected":false},"excerpt":{"rendered":"<p>Bilmer in\u015faat, founded in 1995,\u00a0\u00a0has turned its direction to the energy sector while changing\u00a0\u00a0its\u00a0\u00a0shareholding structure in 2006. The company&#8217;s founding partner\u00a0\u00a0Cenk &#8230;<\/p>\n","protected":false},"author":1,"featured_media":0,"parent":0,"menu_order":0,"comment_status":"open","ping_status":"open","template":"","meta":{"ngg_post_thumbnail":0,"footnotes":""},"class_list":["post-1328","page","type-page","status-publish","hentry"],"yoast_head":"<!-- This site is optimized with the Yoast SEO plugin v15.5 - https:\/\/yoast.com\/wordpress\/plugins\/seo\/ -->\n<title>Bilmer Changed its route to Energy - Bilmer \u0130n\u015faat<\/title>\n<meta name=\"robots\" content=\"index, follow, max-snippet:-1, max-image-preview:large, max-video-preview:-1\" \/>\n<link rel=\"canonical\" href=\"https:\/\/www.bilmerinsaat.com\/en\/bilmer-changed-its-route-to-energy\/\" \/>\n<meta property=\"og:locale\" content=\"en_US\" \/>\n<meta property=\"og:type\" content=\"article\" \/>\n<meta property=\"og:title\" content=\"Bilmer Changed its route to Energy - Bilmer \u0130n\u015faat\" \/>\n<meta property=\"og:description\" content=\"Bilmer in\u015faat, founded in 1995,\u00a0\u00a0has turned its direction to the energy sector while changing\u00a0\u00a0its\u00a0\u00a0shareholding structure in 2006. The company&#8217;s founding partner\u00a0\u00a0Cenk ...\" \/>\n<meta property=\"og:url\" content=\"https:\/\/www.bilmerinsaat.com\/en\/bilmer-changed-its-route-to-energy\/\" \/>\n<meta property=\"og:site_name\" content=\"Bilmer \u0130n\u015faat\" \/>\n<meta name=\"twitter:card\" content=\"summary_large_image\" \/>\n<meta name=\"twitter:label1\" content=\"Est. reading time\">\n\t<meta name=\"twitter:data1\" content=\"1 minutes\">\n<script type=\"application\/ld+json\" class=\"yoast-schema-graph\">{\"@context\":\"https:\/\/schema.org\",\"@graph\":[{\"@type\":\"WebSite\",\"@id\":\"https:\/\/www.bilmerinsaat.com\/tr\/#website\",\"url\":\"https:\/\/www.bilmerinsaat.com\/tr\/\",\"name\":\"Bilmer \\u0130n\\u015faat\",\"description\":\"\",\"potentialAction\":[{\"@type\":\"SearchAction\",\"target\":\"https:\/\/www.bilmerinsaat.com\/tr\/?s={search_term_string}\",\"query-input\":\"required name=search_term_string\"}],\"inLanguage\":\"en-US\"},{\"@type\":\"WebPage\",\"@id\":\"https:\/\/www.bilmerinsaat.com\/en\/bilmer-changed-its-route-to-energy\/#webpage\",\"url\":\"https:\/\/www.bilmerinsaat.com\/en\/bilmer-changed-its-route-to-energy\/\",\"name\":\"Bilmer Changed its route to Energy - Bilmer \\u0130n\\u015faat\",\"isPartOf\":{\"@id\":\"https:\/\/www.bilmerinsaat.com\/tr\/#website\"},\"datePublished\":\"2014-05-24T16:29:30+00:00\",\"dateModified\":\"2014-05-24T16:29:30+00:00\",\"inLanguage\":\"en-US\",\"potentialAction\":[{\"@type\":\"ReadAction\",\"target\":[\"https:\/\/www.bilmerinsaat.com\/en\/bilmer-changed-its-route-to-energy\/\"]}]}]}<\/script>\n<!-- \/ Yoast SEO plugin. -->","_links":{"self":[{"href":"https:\/\/www.bilmerinsaat.com\/en\/wp-json\/wp\/v2\/pages\/1328","targetHints":{"allow":["GET"]}}],"collection":[{"href":"https:\/\/www.bilmerinsaat.com\/en\/wp-json\/wp\/v2\/pages"}],"about":[{"href":"https:\/\/www.bilmerinsaat.com\/en\/wp-json\/wp\/v2\/types\/page"}],"author":[{"embeddable":true,"href":"https:\/\/www.bilmerinsaat.com\/en\/wp-json\/wp\/v2\/users\/1"}],"replies":[{"embeddable":true,"href":"https:\/\/www.bilmerinsaat.com\/en\/wp-json\/wp\/v2\/comments?post=1328"}],"version-history":[{"count":1,"href":"https:\/\/www.bilmerinsaat.com\/en\/wp-json\/wp\/v2\/pages\/1328\/revisions"}],"predecessor-version":[{"id":1329,"href":"https:\/\/www.bilmerinsaat.com\/en\/wp-json\/wp\/v2\/pages\/1328\/revisions\/1329"}],"wp:attachment":[{"href":"https:\/\/www.bilmerinsaat.com\/en\/wp-json\/wp\/v2\/media?parent=1328"}],"curies":[{"name":"wp","href":"https:\/\/api.w.org\/{rel}","templated":true}]}}