{"id":1326,"date":"2014-05-24T19:27:06","date_gmt":"2014-05-24T16:27:06","guid":{"rendered":"http:\/\/raynoserver.com\/bilmer\/?page_id=1326"},"modified":"2014-05-24T19:27:06","modified_gmt":"2014-05-24T16:27:06","slug":"bilmer-insaat-is-entering-the-restoration-work","status":"publish","type":"page","link":"https:\/\/www.bilmerinsaat.com\/en\/bilmer-insaat-is-entering-the-restoration-work\/","title":{"rendered":"Bilmer In\u015faat is entering the restoration work"},"content":{"rendered":"<p>Bilmer In\u015faat\u00a0\u00a0is entering the restoration work of the irrigation channels,from\u00a0\u00a0the marina to\u00a0\u00a0the highway construction, factory construction of the lighthouse to the household decorations, from the public housing projects and hotels to furniture design ,Bilmer,above all these studies has a special position in wind turbine\u00a0construction in the sector.<\/p>\n<p>Together with the special and unique projects regularly updated business machinery and vehicles park increases the reliability of Bilmer In\u015faat.<\/p>\n<p>Established by Civil engineer Cenk Bal\u00e7\u0131k in 1995, continues its activities for 14 years. Bilmer In\u015faat has changed its shareholding structure\u00a0\u00a0in 2006 with the participation of civil engineer Levent Korkmaz.Since then,Bilmer In\u015faat gets its attention in energy projects.<\/p>\n<p>Bilmer In\u015faat is conducting nowadays\u00a0\u00a0Keltepe Wind Turbine construction Project, Bozcaada Lighthouse and Band\u0131rma Terminal complexe Project with its experienced and extensive staff.<\/p>\n<p><b>PS: Bilmer In\u015faat has finished its partnership with Mr.Levent Korkmaz in december 2009.Since then, Cenk Bal\u00e7\u0131k continues his studies alone.<\/b><\/p>\n","protected":false},"excerpt":{"rendered":"<p>Bilmer In\u015faat\u00a0\u00a0is entering the restoration work of the irrigation channels,from\u00a0\u00a0the marina to\u00a0\u00a0the highway construction, factory construction of the lighthouse to the &#8230;<\/p>\n","protected":false},"author":1,"featured_media":0,"parent":0,"menu_order":0,"comment_status":"open","ping_status":"open","template":"","meta":{"ngg_post_thumbnail":0,"footnotes":""},"class_list":["post-1326","page","type-page","status-publish","hentry"],"yoast_head":"<!-- This site is optimized with the Yoast SEO plugin v15.5 - https:\/\/yoast.com\/wordpress\/plugins\/seo\/ -->\n<title>Bilmer In\u015faat is entering the restoration work  - Bilmer \u0130n\u015faat<\/title>\n<meta name=\"robots\" content=\"index, follow, max-snippet:-1, max-image-preview:large, max-video-preview:-1\" \/>\n<link rel=\"canonical\" href=\"https:\/\/www.bilmerinsaat.com\/tr\/bilmer-insaat-is-entering-the-restoration-work\/\" \/>\n<meta property=\"og:locale\" content=\"en_US\" \/>\n<meta property=\"og:type\" content=\"article\" \/>\n<meta property=\"og:title\" content=\"Bilmer In\u015faat is entering the restoration work  - Bilmer \u0130n\u015faat\" \/>\n<meta property=\"og:description\" content=\"Bilmer In\u015faat\u00a0\u00a0is entering the restoration work of the irrigation channels,from\u00a0\u00a0the marina to\u00a0\u00a0the highway construction, factory construction of the lighthouse to the ...\" \/>\n<meta property=\"og:url\" content=\"https:\/\/www.bilmerinsaat.com\/tr\/bilmer-insaat-is-entering-the-restoration-work\/\" \/>\n<meta property=\"og:site_name\" content=\"Bilmer \u0130n\u015faat\" \/>\n<meta name=\"twitter:card\" content=\"summary_large_image\" \/>\n<meta name=\"twitter:label1\" content=\"Est. reading time\">\n\t<meta name=\"twitter:data1\" content=\"1 minutes\">\n<script type=\"application\/ld+json\" class=\"yoast-schema-graph\">{\"@context\":\"https:\/\/schema.org\",\"@graph\":[{\"@type\":\"WebSite\",\"@id\":\"https:\/\/www.bilmerinsaat.com\/tr\/#website\",\"url\":\"https:\/\/www.bilmerinsaat.com\/tr\/\",\"name\":\"Bilmer \\u0130n\\u015faat\",\"description\":\"\",\"potentialAction\":[{\"@type\":\"SearchAction\",\"target\":\"https:\/\/www.bilmerinsaat.com\/tr\/?s={search_term_string}\",\"query-input\":\"required name=search_term_string\"}],\"inLanguage\":\"en-US\"},{\"@type\":\"WebPage\",\"@id\":\"https:\/\/www.bilmerinsaat.com\/tr\/bilmer-insaat-is-entering-the-restoration-work\/#webpage\",\"url\":\"https:\/\/www.bilmerinsaat.com\/tr\/bilmer-insaat-is-entering-the-restoration-work\/\",\"name\":\"Bilmer In\\u015faat is entering the restoration work - Bilmer \\u0130n\\u015faat\",\"isPartOf\":{\"@id\":\"https:\/\/www.bilmerinsaat.com\/tr\/#website\"},\"datePublished\":\"2014-05-24T16:27:06+00:00\",\"dateModified\":\"2014-05-24T16:27:06+00:00\",\"inLanguage\":\"en-US\",\"potentialAction\":[{\"@type\":\"ReadAction\",\"target\":[\"https:\/\/www.bilmerinsaat.com\/tr\/bilmer-insaat-is-entering-the-restoration-work\/\"]}]}]}<\/script>\n<!-- \/ Yoast SEO plugin. -->","_links":{"self":[{"href":"https:\/\/www.bilmerinsaat.com\/en\/wp-json\/wp\/v2\/pages\/1326","targetHints":{"allow":["GET"]}}],"collection":[{"href":"https:\/\/www.bilmerinsaat.com\/en\/wp-json\/wp\/v2\/pages"}],"about":[{"href":"https:\/\/www.bilmerinsaat.com\/en\/wp-json\/wp\/v2\/types\/page"}],"author":[{"embeddable":true,"href":"https:\/\/www.bilmerinsaat.com\/en\/wp-json\/wp\/v2\/users\/1"}],"replies":[{"embeddable":true,"href":"https:\/\/www.bilmerinsaat.com\/en\/wp-json\/wp\/v2\/comments?post=1326"}],"version-history":[{"count":1,"href":"https:\/\/www.bilmerinsaat.com\/en\/wp-json\/wp\/v2\/pages\/1326\/revisions"}],"predecessor-version":[{"id":1327,"href":"https:\/\/www.bilmerinsaat.com\/en\/wp-json\/wp\/v2\/pages\/1326\/revisions\/1327"}],"wp:attachment":[{"href":"https:\/\/www.bilmerinsaat.com\/en\/wp-json\/wp\/v2\/media?parent=1326"}],"curies":[{"name":"wp","href":"https:\/\/api.w.org\/{rel}","templated":true}]}}