{"id":1097,"date":"2014-05-21T17:55:19","date_gmt":"2014-05-21T14:55:19","guid":{"rendered":"http:\/\/raynoserver.com\/bilmer\/?page_id=1097"},"modified":"2020-09-28T00:13:45","modified_gmt":"2020-09-27T21:13:45","slug":"bilmer-insaat-is-the-well-known-name-in-energy-sector","status":"publish","type":"page","link":"https:\/\/www.bilmerinsaat.com\/en\/basinda\/bilmer-insaat-is-the-well-known-name-in-energy-sector\/","title":{"rendered":"Bilmer In\u015faat is the well-known name in energy sector."},"content":{"rendered":"<p>Recognized with its construction and architecture,Bilmer In\u015faat has become the demanded name with its reliable projects in energy sector which is now in the heart of the Turkey\u2019s agenda.<\/p>\n<p>Bilmer In\u015faat\u00a0\u00a0,working on the restoration of the irrigation channels,from\u00a0\u00a0the marina to\u00a0\u00a0the highway construction, factory construction of the lighthouse to the household decorations, from the public housing projects and hotels to furniture design ,has a special rank in the\u00a0\u00a0sector with its qualified Works\u00a0\u00a0in wind farm construction.<\/p>\n<p>Working on the restoration of the irrigation channels,from\u00a0\u00a0the marina to\u00a0\u00a0the highway construction, factory construction of the lighthouse to the household decorations, from the public housing projects and hotels to furniture design ,knows to be talked about itself with its specialety in wind farm construction. Together with the special and unique projects, regularly updated business machinery and vehicles park increases the reliability of Bilmer In\u015faat.<\/p>\n<p>Established by Civil engineer Cenk Bal\u00e7\u0131k in 1995, incessantly continues its activities for 14 years. Bilmer In\u015faat has changed its shareholding structure and vision\u00a0\u00a0in 2006 with the participation of civil engineer Levent Korkmaz.Since then,Bilmer In\u015faat draws\u00a0\u00a0attention in its energy projects.<\/p>\n<p>Bilmer In\u015faat is conducting nowadays\u00a0\u00a0Keltepe Wind Turbine construction Project, Bozcaada Lighthouse and Band\u0131rma Terminal complexe Project with its experienced and extensive staff<\/p>\n<p><b>PS: Bilmer In\u015faat has finished its partnership with Mr.Levent Korkmaz in october 2009.Since then, Cenk Bal\u00e7\u0131k continues his studies alone.\u00a0\u00a0<\/b><\/p>\n","protected":false},"excerpt":{"rendered":"<p>Recognized with its construction and architecture,Bilmer In\u015faat has become the demanded name with its reliable projects in energy sector which is &#8230;<\/p>\n","protected":false},"author":1,"featured_media":0,"parent":176,"menu_order":0,"comment_status":"closed","ping_status":"closed","template":"","meta":{"ngg_post_thumbnail":0,"footnotes":""},"class_list":["post-1097","page","type-page","status-publish","hentry"],"yoast_head":"<!-- This site is optimized with the Yoast SEO plugin v15.5 - https:\/\/yoast.com\/wordpress\/plugins\/seo\/ -->\n<title>Bilmer In\u015faat is the well-known name in energy sector. - Bilmer \u0130n\u015faat<\/title>\n<meta name=\"robots\" content=\"index, follow, max-snippet:-1, max-image-preview:large, max-video-preview:-1\" \/>\n<link rel=\"canonical\" href=\"https:\/\/www.bilmerinsaat.com\/en\/basinda\/bilmer-insaat-is-the-well-known-name-in-energy-sector\/\" \/>\n<meta property=\"og:locale\" content=\"en_US\" \/>\n<meta property=\"og:type\" content=\"article\" \/>\n<meta property=\"og:title\" content=\"Bilmer In\u015faat is the well-known name in energy sector.\" \/>\n<meta property=\"og:description\" content=\"Recognized with its construction and architecture,Bilmer In\u015faat has become the demanded name with its reliable projects in energy sector which is ...\" \/>\n<meta property=\"og:url\" content=\"https:\/\/www.bilmerinsaat.com\/en\/basinda\/bilmer-insaat-is-the-well-known-name-in-energy-sector\/\" \/>\n<meta property=\"og:site_name\" content=\"Bilmer \u0130n\u015faat\" \/>\n<meta property=\"article:modified_time\" content=\"2020-09-27T21:13:45+00:00\" \/>\n<meta property=\"og:image\" content=\"http:\/\/www.emlakkulisi.com\/vr\/2009\/04\/22\/128848644463488588.jpg\" \/>\n<meta name=\"twitter:card\" content=\"summary_large_image\" \/>\n<meta name=\"twitter:label1\" content=\"Est. reading time\">\n\t<meta name=\"twitter:data1\" content=\"2 minutes\">\n<script type=\"application\/ld+json\" class=\"yoast-schema-graph\">{\"@context\":\"https:\/\/schema.org\",\"@graph\":[{\"@type\":\"WebSite\",\"@id\":\"https:\/\/www.bilmerinsaat.com\/tr\/#website\",\"url\":\"https:\/\/www.bilmerinsaat.com\/tr\/\",\"name\":\"Bilmer \\u0130n\\u015faat\",\"description\":\"\",\"potentialAction\":[{\"@type\":\"SearchAction\",\"target\":\"https:\/\/www.bilmerinsaat.com\/tr\/?s={search_term_string}\",\"query-input\":\"required name=search_term_string\"}],\"inLanguage\":\"en-US\"},{\"@type\":\"ImageObject\",\"@id\":\"https:\/\/www.bilmerinsaat.com\/en\/basinda\/bilmer-insaat-is-the-well-known-name-in-energy-sector\/#primaryimage\",\"inLanguage\":\"en-US\",\"url\":\"http:\/\/www.emlakkulisi.com\/vr\/2009\/04\/22\/128848644463488588.jpg\"},{\"@type\":\"WebPage\",\"@id\":\"https:\/\/www.bilmerinsaat.com\/en\/basinda\/bilmer-insaat-is-the-well-known-name-in-energy-sector\/#webpage\",\"url\":\"https:\/\/www.bilmerinsaat.com\/en\/basinda\/bilmer-insaat-is-the-well-known-name-in-energy-sector\/\",\"name\":\"[:tr]Bilmer \\u0130n\\u015faat enerjide aranan isim[:en]Bilmer In\\u015faat is the well-known name in energy sector.[:] - Bilmer \\u0130n\\u015faat\",\"isPartOf\":{\"@id\":\"https:\/\/www.bilmerinsaat.com\/tr\/#website\"},\"primaryImageOfPage\":{\"@id\":\"https:\/\/www.bilmerinsaat.com\/en\/basinda\/bilmer-insaat-is-the-well-known-name-in-energy-sector\/#primaryimage\"},\"datePublished\":\"2014-05-21T14:55:19+00:00\",\"dateModified\":\"2020-09-27T21:13:45+00:00\",\"inLanguage\":\"en-US\",\"potentialAction\":[{\"@type\":\"ReadAction\",\"target\":[\"https:\/\/www.bilmerinsaat.com\/en\/basinda\/bilmer-insaat-is-the-well-known-name-in-energy-sector\/\"]}]}]}<\/script>\n<!-- \/ Yoast SEO plugin. -->","_links":{"self":[{"href":"https:\/\/www.bilmerinsaat.com\/en\/wp-json\/wp\/v2\/pages\/1097","targetHints":{"allow":["GET"]}}],"collection":[{"href":"https:\/\/www.bilmerinsaat.com\/en\/wp-json\/wp\/v2\/pages"}],"about":[{"href":"https:\/\/www.bilmerinsaat.com\/en\/wp-json\/wp\/v2\/types\/page"}],"author":[{"embeddable":true,"href":"https:\/\/www.bilmerinsaat.com\/en\/wp-json\/wp\/v2\/users\/1"}],"replies":[{"embeddable":true,"href":"https:\/\/www.bilmerinsaat.com\/en\/wp-json\/wp\/v2\/comments?post=1097"}],"version-history":[{"count":6,"href":"https:\/\/www.bilmerinsaat.com\/en\/wp-json\/wp\/v2\/pages\/1097\/revisions"}],"predecessor-version":[{"id":3134,"href":"https:\/\/www.bilmerinsaat.com\/en\/wp-json\/wp\/v2\/pages\/1097\/revisions\/3134"}],"up":[{"embeddable":true,"href":"https:\/\/www.bilmerinsaat.com\/en\/wp-json\/wp\/v2\/pages\/176"}],"wp:attachment":[{"href":"https:\/\/www.bilmerinsaat.com\/en\/wp-json\/wp\/v2\/media?parent=1097"}],"curies":[{"name":"wp","href":"https:\/\/api.w.org\/{rel}","templated":true}]}}