{"id":1064,"date":"2014-05-21T16:12:32","date_gmt":"2014-05-21T13:12:32","guid":{"rendered":"http:\/\/raynoserver.com\/bilmer\/?page_id=1064"},"modified":"2020-09-28T01:19:56","modified_gmt":"2020-09-27T22:19:56","slug":"servis","status":"publish","type":"page","link":"https:\/\/www.bilmerinsaat.com\/en\/faliyet-alanlari\/ozel-isler\/servis\/","title":{"rendered":"Service"},"content":{"rendered":"<table style=\"width: 750px;\">\n<thead>\n<tr>\n<th style=\"text-align: left;\" width=\"380\">Project Name<\/th>\n<th style=\"text-align: left;\" width=\"280\">Employer<\/th>\n<\/tr>\n<\/thead>\n<tbody>\n<tr>\n<td bgcolor=\"#e8e8ea\"><span><b><b><a href=\"http:\/\/www.bilmerinsaat.com\/en\/project\/finished-project\/arzu-bisiklet-complete-building-decoration\/\">Arzu Bisiklet Complete Building Decoration<\/a><\/b><\/b><\/span><\/td>\n<td bgcolor=\"#e8e8ea\"><span> <span>MONERO MOTOR LTD.\u015eT\u0130.<\/span><\/span><\/td>\n<\/tr>\n<tr>\n<td><span><b><b><a href=\"http:\/\/www.bilmerinsaat.com\/en\/project\/finished-project\/ozen-motors-service\/\">Ozen Motors Service<\/a><\/b><\/b><\/span><\/td>\n<td><span><span><span> \u00d6ZEN MOTOR<\/span><\/span><\/span><\/td>\n<\/tr>\n<tr>\n<td bgcolor=\"#e8e8ea\"><span><b><b><a href=\"http:\/\/www.bilmerinsaat.com\/en\/project\/finished-project\/cadde-motor\/\">Cadde Motor<\/a><\/b><\/b><\/span><\/td>\n<td bgcolor=\"#e8e8ea\"><span><span>CADDE MOTOR<\/span><\/span><\/td>\n<\/tr>\n<tr>\n<td><span><b><b><a href=\"http:\/\/www.bilmerinsaat.com\/en\/project\/finished-project\/mototal-honda\/\">Mototal HONDA<\/a><\/b><\/b><\/span><\/td>\n<td><span><span>Mototal Motorsiklet ve Motorlu Ara\u00e7lar San.Tic.Ltd.\u015eti.<\/span><\/span><\/td>\n<\/tr>\n<\/tbody>\n<\/table>\n","protected":false},"excerpt":{"rendered":"<p>Project Name Employer Arzu Bisiklet Complete Building Decoration MONERO MOTOR LTD.\u015eT\u0130. Ozen Motors Service \u00d6ZEN MOTOR Cadde Motor CADDE MOTOR Mototal &#8230;<\/p>\n","protected":false},"author":1,"featured_media":0,"parent":157,"menu_order":0,"comment_status":"open","ping_status":"open","template":"","meta":{"ngg_post_thumbnail":0,"footnotes":""},"class_list":["post-1064","page","type-page","status-publish","hentry"],"yoast_head":"<!-- This site is optimized with the Yoast SEO plugin v15.5 - https:\/\/yoast.com\/wordpress\/plugins\/seo\/ -->\n<title>Service - Bilmer \u0130n\u015faat<\/title>\n<meta name=\"robots\" content=\"index, follow, max-snippet:-1, max-image-preview:large, max-video-preview:-1\" \/>\n<link rel=\"canonical\" href=\"https:\/\/www.bilmerinsaat.com\/en\/faliyet-alanlari\/ozel-isler\/servis\/\" \/>\n<meta property=\"og:locale\" content=\"en_US\" \/>\n<meta property=\"og:type\" content=\"article\" \/>\n<meta property=\"og:title\" content=\"Service\" \/>\n<meta property=\"og:description\" content=\"Project Name Employer Arzu Bisiklet Complete Building Decoration MONERO MOTOR LTD.\u015eT\u0130. Ozen Motors Service \u00d6ZEN MOTOR Cadde Motor CADDE MOTOR Mototal ...\" \/>\n<meta property=\"og:url\" content=\"https:\/\/www.bilmerinsaat.com\/en\/faliyet-alanlari\/ozel-isler\/servis\/\" \/>\n<meta property=\"og:site_name\" content=\"Bilmer \u0130n\u015faat\" \/>\n<meta property=\"article:modified_time\" content=\"2020-09-27T22:19:56+00:00\" \/>\n<meta name=\"twitter:card\" content=\"summary_large_image\" \/>\n<meta name=\"twitter:label1\" content=\"Est. reading time\">\n\t<meta name=\"twitter:data1\" content=\"0 minutes\">\n<script type=\"application\/ld+json\" class=\"yoast-schema-graph\">{\"@context\":\"https:\/\/schema.org\",\"@graph\":[{\"@type\":\"WebSite\",\"@id\":\"https:\/\/www.bilmerinsaat.com\/tr\/#website\",\"url\":\"https:\/\/www.bilmerinsaat.com\/tr\/\",\"name\":\"Bilmer \\u0130n\\u015faat\",\"description\":\"\",\"potentialAction\":[{\"@type\":\"SearchAction\",\"target\":\"https:\/\/www.bilmerinsaat.com\/tr\/?s={search_term_string}\",\"query-input\":\"required name=search_term_string\"}],\"inLanguage\":\"en-US\"},{\"@type\":\"WebPage\",\"@id\":\"https:\/\/www.bilmerinsaat.com\/en\/faliyet-alanlari\/ozel-isler\/servis\/#webpage\",\"url\":\"https:\/\/www.bilmerinsaat.com\/en\/faliyet-alanlari\/ozel-isler\/servis\/\",\"name\":\"[:tr]Servis[:en]Service[:] - Bilmer \\u0130n\\u015faat\",\"isPartOf\":{\"@id\":\"https:\/\/www.bilmerinsaat.com\/tr\/#website\"},\"datePublished\":\"2014-05-21T13:12:32+00:00\",\"dateModified\":\"2020-09-27T22:19:56+00:00\",\"inLanguage\":\"en-US\",\"potentialAction\":[{\"@type\":\"ReadAction\",\"target\":[\"https:\/\/www.bilmerinsaat.com\/en\/faliyet-alanlari\/ozel-isler\/servis\/\"]}]}]}<\/script>\n<!-- \/ Yoast SEO plugin. -->","_links":{"self":[{"href":"https:\/\/www.bilmerinsaat.com\/en\/wp-json\/wp\/v2\/pages\/1064","targetHints":{"allow":["GET"]}}],"collection":[{"href":"https:\/\/www.bilmerinsaat.com\/en\/wp-json\/wp\/v2\/pages"}],"about":[{"href":"https:\/\/www.bilmerinsaat.com\/en\/wp-json\/wp\/v2\/types\/page"}],"author":[{"embeddable":true,"href":"https:\/\/www.bilmerinsaat.com\/en\/wp-json\/wp\/v2\/users\/1"}],"replies":[{"embeddable":true,"href":"https:\/\/www.bilmerinsaat.com\/en\/wp-json\/wp\/v2\/comments?post=1064"}],"version-history":[{"count":5,"href":"https:\/\/www.bilmerinsaat.com\/en\/wp-json\/wp\/v2\/pages\/1064\/revisions"}],"predecessor-version":[{"id":3154,"href":"https:\/\/www.bilmerinsaat.com\/en\/wp-json\/wp\/v2\/pages\/1064\/revisions\/3154"}],"up":[{"embeddable":true,"href":"https:\/\/www.bilmerinsaat.com\/en\/wp-json\/wp\/v2\/pages\/157"}],"wp:attachment":[{"href":"https:\/\/www.bilmerinsaat.com\/en\/wp-json\/wp\/v2\/media?parent=1064"}],"curies":[{"name":"wp","href":"https:\/\/api.w.org\/{rel}","templated":true}]}}