{"id":1059,"date":"2014-05-21T16:07:05","date_gmt":"2014-05-21T13:07:05","guid":{"rendered":"http:\/\/raynoserver.com\/bilmer\/?page_id=1059"},"modified":"2020-09-28T01:15:44","modified_gmt":"2020-09-27T22:15:44","slug":"ofis","status":"publish","type":"page","link":"https:\/\/www.bilmerinsaat.com\/en\/faliyet-alanlari\/ozel-isler\/ofis\/","title":{"rendered":"Office"},"content":{"rendered":"<table style=\"width: 750px;\">\n<thead>\n<tr>\n<th style=\"text-align: left;\" width=\"380\">Project Name<\/th>\n<th style=\"text-align: left;\" width=\"280\">Employer<\/th>\n<\/tr>\n<\/thead>\n<tbody>\n<tr>\n<td bgcolor=\"#e8e8ea\"><span><b><b><a href=\"http:\/\/www.bilmerinsaat.com\/en\/project\/finished-project\/tesa-tesisat-office-mobilia\/\">Tesa Tesisat Office Mobilia<\/a><\/b><\/b><\/span><\/td>\n<td bgcolor=\"#e8e8ea\"><span> <span>TESA TES\u0130SAT<\/span><\/span><\/td>\n<\/tr>\n<tr>\n<td><span><b><b><a href=\"http:\/\/www.bilmerinsaat.com\/en\/project\/finished-project\/yenal-oktug-levent-office\/\">Yenal Oktu\u011f Levent Office<\/a><\/b><\/b><\/span><\/td>\n<td><span><span><span>YENAL OKTU\u011e<\/span><\/span><\/span><\/td>\n<\/tr>\n<tr>\n<td bgcolor=\"#e8e8ea\"><span><b><b><a href=\"http:\/\/www.bilmerinsaat.com\/en\/project\/finished-project\/simge-antalis-head-office\/\">Simge Antalis Head Office<\/a><\/b><\/b><\/span><\/td>\n<td bgcolor=\"#e8e8ea\"><span><span> S\u0130MGE ANTAL\u0130S<\/span><\/span><\/td>\n<\/tr>\n<tr>\n<td><span><b><b><a href=\"http:\/\/www.bilmerinsaat.com\/en\/project\/finished-project\/manga-advertise\/\">Manga Advertise<\/a><\/b><\/b><\/span><\/td>\n<td><span><span>MANGA REKLAM<\/span><\/span><\/td>\n<\/tr>\n<\/tbody>\n<\/table>\n","protected":false},"excerpt":{"rendered":"<p>Project Name Employer Tesa Tesisat Office Mobilia TESA TES\u0130SAT Yenal Oktu\u011f Levent Office YENAL OKTU\u011e Simge Antalis Head Office S\u0130MGE ANTAL\u0130S &#8230;<\/p>\n","protected":false},"author":1,"featured_media":0,"parent":157,"menu_order":0,"comment_status":"open","ping_status":"open","template":"","meta":{"ngg_post_thumbnail":0,"footnotes":""},"class_list":["post-1059","page","type-page","status-publish","hentry"],"yoast_head":"<!-- This site is optimized with the Yoast SEO plugin v15.5 - https:\/\/yoast.com\/wordpress\/plugins\/seo\/ -->\n<title>Office - Bilmer \u0130n\u015faat<\/title>\n<meta name=\"robots\" content=\"index, follow, max-snippet:-1, max-image-preview:large, max-video-preview:-1\" \/>\n<link rel=\"canonical\" href=\"https:\/\/www.bilmerinsaat.com\/tr\/faliyet-alanlari\/ozel-isler\/ofis\/\" \/>\n<meta property=\"og:locale\" content=\"en_US\" \/>\n<meta property=\"og:type\" content=\"article\" \/>\n<meta property=\"og:title\" content=\"Office\" \/>\n<meta property=\"og:description\" content=\"Project Name Employer Tesa Tesisat Office Mobilia TESA TES\u0130SAT Yenal Oktu\u011f Levent Office YENAL OKTU\u011e Simge Antalis Head Office S\u0130MGE ANTAL\u0130S ...\" \/>\n<meta property=\"og:url\" content=\"https:\/\/www.bilmerinsaat.com\/tr\/faliyet-alanlari\/ozel-isler\/ofis\/\" \/>\n<meta property=\"og:site_name\" content=\"Bilmer \u0130n\u015faat\" \/>\n<meta property=\"article:modified_time\" content=\"2020-09-27T22:15:44+00:00\" \/>\n<meta name=\"twitter:card\" content=\"summary_large_image\" \/>\n<meta name=\"twitter:label1\" content=\"Est. reading time\">\n\t<meta name=\"twitter:data1\" content=\"0 minutes\">\n<script type=\"application\/ld+json\" class=\"yoast-schema-graph\">{\"@context\":\"https:\/\/schema.org\",\"@graph\":[{\"@type\":\"WebSite\",\"@id\":\"https:\/\/www.bilmerinsaat.com\/tr\/#website\",\"url\":\"https:\/\/www.bilmerinsaat.com\/tr\/\",\"name\":\"Bilmer \\u0130n\\u015faat\",\"description\":\"\",\"potentialAction\":[{\"@type\":\"SearchAction\",\"target\":\"https:\/\/www.bilmerinsaat.com\/tr\/?s={search_term_string}\",\"query-input\":\"required name=search_term_string\"}],\"inLanguage\":\"en-US\"},{\"@type\":\"WebPage\",\"@id\":\"https:\/\/www.bilmerinsaat.com\/tr\/faliyet-alanlari\/ozel-isler\/ofis\/#webpage\",\"url\":\"https:\/\/www.bilmerinsaat.com\/tr\/faliyet-alanlari\/ozel-isler\/ofis\/\",\"name\":\"[:tr]Ofis[:en]Office[:] - Bilmer \\u0130n\\u015faat\",\"isPartOf\":{\"@id\":\"https:\/\/www.bilmerinsaat.com\/tr\/#website\"},\"datePublished\":\"2014-05-21T13:07:05+00:00\",\"dateModified\":\"2020-09-27T22:15:44+00:00\",\"inLanguage\":\"en-US\",\"potentialAction\":[{\"@type\":\"ReadAction\",\"target\":[\"https:\/\/www.bilmerinsaat.com\/tr\/faliyet-alanlari\/ozel-isler\/ofis\/\"]}]}]}<\/script>\n<!-- \/ Yoast SEO plugin. -->","_links":{"self":[{"href":"https:\/\/www.bilmerinsaat.com\/en\/wp-json\/wp\/v2\/pages\/1059","targetHints":{"allow":["GET"]}}],"collection":[{"href":"https:\/\/www.bilmerinsaat.com\/en\/wp-json\/wp\/v2\/pages"}],"about":[{"href":"https:\/\/www.bilmerinsaat.com\/en\/wp-json\/wp\/v2\/types\/page"}],"author":[{"embeddable":true,"href":"https:\/\/www.bilmerinsaat.com\/en\/wp-json\/wp\/v2\/users\/1"}],"replies":[{"embeddable":true,"href":"https:\/\/www.bilmerinsaat.com\/en\/wp-json\/wp\/v2\/comments?post=1059"}],"version-history":[{"count":5,"href":"https:\/\/www.bilmerinsaat.com\/en\/wp-json\/wp\/v2\/pages\/1059\/revisions"}],"predecessor-version":[{"id":3153,"href":"https:\/\/www.bilmerinsaat.com\/en\/wp-json\/wp\/v2\/pages\/1059\/revisions\/3153"}],"up":[{"embeddable":true,"href":"https:\/\/www.bilmerinsaat.com\/en\/wp-json\/wp\/v2\/pages\/157"}],"wp:attachment":[{"href":"https:\/\/www.bilmerinsaat.com\/en\/wp-json\/wp\/v2\/media?parent=1059"}],"curies":[{"name":"wp","href":"https:\/\/api.w.org\/{rel}","templated":true}]}}