{"id":1057,"date":"2014-05-21T16:04:45","date_gmt":"2014-05-21T13:04:45","guid":{"rendered":"http:\/\/raynoserver.com\/bilmer\/?page_id=1057"},"modified":"2021-01-22T15:01:05","modified_gmt":"2021-01-22T12:01:05","slug":"fuar","status":"publish","type":"page","link":"https:\/\/www.bilmerinsaat.com\/en\/faliyet-alanlari\/ozel-isler\/fuar\/","title":{"rendered":"Exposition"},"content":{"rendered":"<table style=\"width: 750px;\">\n<thead>\n<tr>\n<th style=\"text-align: left;\" width=\"380\">Project Name<\/th>\n<th style=\"text-align: left;\" width=\"280\">Employer<\/th>\n<\/tr>\n<\/thead>\n<tbody>\n<tr>\n<td bgcolor=\"#e8e8ea\"><b><a href=\"http:\/\/bilmerinsaat.com\/en\/projeler\/karakoy-tarihi-han-restorasyonu\/\">Karak\u00f6y Historical Han Restoration<\/a><\/b><\/td>\n<td bgcolor=\"#e8e8ea\">&#8211;<\/td>\n<\/tr>\n<tr>\n<td><b><a href=\"http:\/\/www.bilmerinsaat.com\/projeler\/ozen-motor-fuar\/\">\u00d6zen Motor Fair<\/a><\/b><\/td>\n<td>\u00d6ZEN MOTOR<\/td>\n<\/tr>\n<\/tbody>\n<\/table>\n","protected":false},"excerpt":{"rendered":"<p>Project Name Employer Karak\u00f6y Historical Han Restoration &#8211; \u00d6zen Motor Fair \u00d6ZEN MOTOR<\/p>\n","protected":false},"author":1,"featured_media":0,"parent":157,"menu_order":0,"comment_status":"open","ping_status":"open","template":"","meta":{"ngg_post_thumbnail":0,"footnotes":""},"class_list":["post-1057","page","type-page","status-publish","hentry"],"yoast_head":"<!-- This site is optimized with the Yoast SEO plugin v15.5 - https:\/\/yoast.com\/wordpress\/plugins\/seo\/ -->\n<title>Exposition - Bilmer \u0130n\u015faat<\/title>\n<meta name=\"robots\" content=\"index, follow, max-snippet:-1, max-image-preview:large, max-video-preview:-1\" \/>\n<link rel=\"canonical\" href=\"https:\/\/www.bilmerinsaat.com\/en\/faliyet-alanlari\/ozel-isler\/fuar\/\" \/>\n<meta property=\"og:locale\" content=\"en_US\" \/>\n<meta property=\"og:type\" content=\"article\" \/>\n<meta property=\"og:title\" content=\"Exposition\" \/>\n<meta property=\"og:description\" content=\"Project Name Employer Karak\u00f6y Historical Han Restoration &#8211; \u00d6zen Motor Fair \u00d6ZEN MOTOR\" \/>\n<meta property=\"og:url\" content=\"https:\/\/www.bilmerinsaat.com\/en\/faliyet-alanlari\/ozel-isler\/fuar\/\" \/>\n<meta property=\"og:site_name\" content=\"Bilmer \u0130n\u015faat\" \/>\n<meta property=\"article:modified_time\" content=\"2021-01-22T12:01:05+00:00\" \/>\n<meta name=\"twitter:card\" content=\"summary_large_image\" \/>\n<meta name=\"twitter:label1\" content=\"Est. reading time\">\n\t<meta name=\"twitter:data1\" content=\"0 minutes\">\n<script type=\"application\/ld+json\" class=\"yoast-schema-graph\">{\"@context\":\"https:\/\/schema.org\",\"@graph\":[{\"@type\":\"WebSite\",\"@id\":\"https:\/\/www.bilmerinsaat.com\/tr\/#website\",\"url\":\"https:\/\/www.bilmerinsaat.com\/tr\/\",\"name\":\"Bilmer \\u0130n\\u015faat\",\"description\":\"\",\"potentialAction\":[{\"@type\":\"SearchAction\",\"target\":\"https:\/\/www.bilmerinsaat.com\/tr\/?s={search_term_string}\",\"query-input\":\"required name=search_term_string\"}],\"inLanguage\":\"en-US\"},{\"@type\":\"WebPage\",\"@id\":\"https:\/\/www.bilmerinsaat.com\/en\/faliyet-alanlari\/ozel-isler\/fuar\/#webpage\",\"url\":\"https:\/\/www.bilmerinsaat.com\/en\/faliyet-alanlari\/ozel-isler\/fuar\/\",\"name\":\"[:tr]Fuar[:en]Exposition[:] - Bilmer \\u0130n\\u015faat\",\"isPartOf\":{\"@id\":\"https:\/\/www.bilmerinsaat.com\/tr\/#website\"},\"datePublished\":\"2014-05-21T13:04:45+00:00\",\"dateModified\":\"2021-01-22T12:01:05+00:00\",\"inLanguage\":\"en-US\",\"potentialAction\":[{\"@type\":\"ReadAction\",\"target\":[\"https:\/\/www.bilmerinsaat.com\/en\/faliyet-alanlari\/ozel-isler\/fuar\/\"]}]}]}<\/script>\n<!-- \/ Yoast SEO plugin. -->","_links":{"self":[{"href":"https:\/\/www.bilmerinsaat.com\/en\/wp-json\/wp\/v2\/pages\/1057","targetHints":{"allow":["GET"]}}],"collection":[{"href":"https:\/\/www.bilmerinsaat.com\/en\/wp-json\/wp\/v2\/pages"}],"about":[{"href":"https:\/\/www.bilmerinsaat.com\/en\/wp-json\/wp\/v2\/types\/page"}],"author":[{"embeddable":true,"href":"https:\/\/www.bilmerinsaat.com\/en\/wp-json\/wp\/v2\/users\/1"}],"replies":[{"embeddable":true,"href":"https:\/\/www.bilmerinsaat.com\/en\/wp-json\/wp\/v2\/comments?post=1057"}],"version-history":[{"count":9,"href":"https:\/\/www.bilmerinsaat.com\/en\/wp-json\/wp\/v2\/pages\/1057\/revisions"}],"predecessor-version":[{"id":3701,"href":"https:\/\/www.bilmerinsaat.com\/en\/wp-json\/wp\/v2\/pages\/1057\/revisions\/3701"}],"up":[{"embeddable":true,"href":"https:\/\/www.bilmerinsaat.com\/en\/wp-json\/wp\/v2\/pages\/157"}],"wp:attachment":[{"href":"https:\/\/www.bilmerinsaat.com\/en\/wp-json\/wp\/v2\/media?parent=1057"}],"curies":[{"name":"wp","href":"https:\/\/api.w.org\/{rel}","templated":true}]}}